{"id":212,"date":"2022-03-16T09:28:27","date_gmt":"2022-03-16T08:28:27","guid":{"rendered":"https:\/\/www.univ-lorraine.fr\/transition-ecologique\/?page_id=212"},"modified":"2022-03-16T09:30:41","modified_gmt":"2022-03-16T08:30:41","slug":"mentions-legales","status":"publish","type":"page","link":"https:\/\/www.univ-lorraine.fr\/transition-ecologique\/mentions-legales\/","title":{"rendered":"Mentions l\u00e9gales"},"content":{"rendered":"\n<div class=\"wp-block-columns is-layout-flex wp-container-core-columns-is-layout-9d6595d7 wp-block-columns-is-layout-flex\">\n<div class=\"wp-block-column is-layout-flow wp-block-column-is-layout-flow\">\n<div class=\"wp-block-columns is-layout-flex wp-container-core-columns-is-layout-9d6595d7 wp-block-columns-is-layout-flex\">\n<div class=\"wp-block-column is-layout-flow wp-block-column-is-layout-flow\" style=\"flex-basis:25%\">\n<figure class=\"wp-block-image size-full\"><img decoding=\"async\" src=\"https:\/\/kit-projet-recherche.univ-lorraine.fr\/wp-content\/uploads\/2021\/12\/mentions.png\" alt=\"\" class=\"wp-image-324\"\/><\/figure>\n<\/div>\n\n\n\n<div class=\"wp-block-column is-layout-flow wp-block-column-is-layout-flow\" style=\"flex-basis:75%\">\n<p><em>(Loi n\u00b02004-575 du 21 juin 2004 modifi\u00e9e pour la confiance dans l\u2019\u00e9conomie num\u00e9rique)<\/em><\/p>\n<\/div>\n<\/div>\n\n\n\n<ul class=\"wp-block-list\"><li>raison sociale : Universit\u00e9 de Lorraine<\/li><li>si\u00e8ge social : 34 Cours L\u00e9opold, 54000 NANCY<\/li><li>num\u00e9ro de t\u00e9l\u00e9phone : +33(0)3 72 74 00 00<\/li><li>n\u00b0 SIREN : 130015506<\/li><\/ul>\n\n\n\n<h2 class=\"wp-block-heading\">1. INFORMATIONS \u00c9DITORIALES ET TECHNIQUES<\/h2>\n\n\n\n<h3 class=\"wp-block-heading\">1.1. Editeur du site<\/h3>\n\n\n\n<p><a href=\"https:\/\/ge-2m.federation.univ-lorraine.fr\/\">https:\/\/ge-2m.federation.univ-lorraine.fr\/<\/a>&nbsp;est un site web institutionnel de l\u2019Universit\u00e9 de Lorraine&nbsp; \u00e0 vocation d\u2019information et de communication externe.<\/p>\n\n\n\n<p><strong>Responsable l\u00e9gal&nbsp;<\/strong>: Pierre MUTZENHARDT, Pr\u00e9sident de l\u2019Universit\u00e9 de Lorraine<\/p>\n\n\n\n<p><strong>Directeur de la publication&nbsp;<\/strong>:&nbsp;Pierre MUTZENHARDT, Pr\u00e9sident&nbsp;de l\u2019Universit\u00e9 de Lorraine<\/p>\n\n\n\n<p><strong>Responsable \u00e9ditorial<\/strong>&nbsp;:&nbsp;<\/p>\n\n\n\n<p><strong>Comit\u00e9 \u00e9ditorial web<\/strong>&nbsp;: Direction de la communication l\u2019Universit\u00e9 de Lorraine<\/p>\n\n\n\n<p><strong>Conception, organisation et r\u00e9daction des contenus<\/strong>&nbsp;: Direction de la communication de l\u2019Universit\u00e9 de Lorraine<\/p>\n\n\n\n<p><strong>Habillage graphique :&nbsp;<\/strong>Direction du Num\u00e9rique de l\u2019Universit\u00e9 de Lorraine<\/p>\n\n\n\n<p><strong>Cr\u00e9dits photos :&nbsp;<\/strong>Direction de la communication de l\u2019Universit\u00e9 de Lorraine<\/p>\n\n\n\n<h3 class=\"wp-block-heading\">1.2. Informations techniques<\/h3>\n\n\n\n<p>Webmaster : Service communication de l\u2019Universit\u00e9 de Lorraine<\/p>\n\n\n\n<p>Technologies utilis\u00e9es : ce site utilise le syst\u00e8me de gestion de contenu WordPress<\/p>\n\n\n\n<h2 class=\"wp-block-heading\">2. PROPRI\u00c9T\u00c9 INTELLECTUELLE<\/h2>\n\n\n\n<p>Ce site est une \u0153uvre de cr\u00e9ation. Son contenu rel\u00e8ve de la l\u00e9gislation fran\u00e7aise et internationale sur le droit d\u2019auteur et la propri\u00e9t\u00e9 intellectuelle.<\/p>\n\n\n\n<p>Tous les droits de reproduction sont r\u00e9serv\u00e9s. Les photographies, textes, dessins, images etc. prot\u00e9g\u00e9s par les droits de la propri\u00e9t\u00e9 intellectuelle sont la propri\u00e9t\u00e9 de l\u2019Universit\u00e9 de Lorraine ou de tiers ayant permis l\u2019Universit\u00e9 de Lorraine d\u2019en faire usage.<\/p>\n\n\n\n<p>Les logos de l\u2019Universit\u00e9 de Lorraine pr\u00e9sents sur ce site sont des marqu\u00e9es d\u00e9pos\u00e9es.<\/p>\n\n\n\n<p>Toute utilisation, reproduction, repr\u00e9sentation ou distribution de tout ou partie des \u00e9l\u00e9ments et informations de ce site est interdite sauf autorisation expresse du Directeur de la publication.<\/p>\n\n\n\n<p>\u00a9 2020 Universit\u00e9 de Lorraine . Tous droits r\u00e9serv\u00e9s.<\/p>\n\n\n\n<p><strong>Exception :<\/strong><\/p>\n\n\n\n<p>La reproduction partielle des contenus de ce site est n\u00e9anmoins autoris\u00e9e, tout particuli\u00e8rement dans un cadre p\u00e9dagogique ou scientifique, \u00e0 des fins personnelles et priv\u00e9es, sous respect les conditions suivantes :<\/p>\n\n\n\n<ul class=\"wp-block-list\"><li>Diffusion restreinte et gratuite ;<\/li><li>Respect de l\u2019int\u00e9grit\u00e9 des documents reproduits ;<\/li><li>Citation claire et lisible de la source sous la forme suivante : \u00ab Ce document provient du site web \u2026 :&nbsp;<a href=\"http:\/\/www\/\">http:\/\/www<\/a>\u2026 Les droits de reproduction et de repr\u00e9sentation sont r\u00e9serv\u00e9s et strictement limit\u00e9s. \u00bb<\/li><\/ul>\n\n\n\n<h2 class=\"wp-block-heading\">3. BASES DE DONN\u00c9ES<\/h2>\n\n\n\n<p>Il est interdit d\u2019extraire, r\u00e9utiliser, stocker, reproduire, repr\u00e9senter ou conserver, directement ou indirectement, sur un support quelconque, par tout moyen et sous toute forme que ce soit, tout ou partie qualitativement ou quantitativement substantielle, du contenu des bases de donn\u00e9es figurant sur ce site, ainsi que d\u2019en faire l\u2019extraction ou la r\u00e9utilisation r\u00e9p\u00e9t\u00e9e et syst\u00e9matique de parties qualitativement et quantitativement non substantielles lorsque ces op\u00e9rations exc\u00e8dent manifestement les conditions d\u2019utilisation normale.<\/p>\n\n\n\n<p>Les informations nominatives contenues dans ce serveur sont uniquement destin\u00e9es \u00e0 \u00eatre consult\u00e9es mais ne doivent \u00eatre ni modifi\u00e9es, ni reprises, en particulier pour enrichir des bases de donn\u00e9es, par exemple \u00e0 des fins commerciales ou publicitaires.<\/p>\n<\/div>\n\n\n\n<div class=\"wp-block-column is-layout-flow wp-block-column-is-layout-flow\">\n<p>Il est rappel\u00e9 que le fait d\u2019acc\u00e9der ou de se maintenir frauduleusement dans un syst\u00e8me informatique, d\u2019entraver ou de fausser le fonctionnement d\u2019un tel syst\u00e8me, d\u2019introduire ou de modifier frauduleusement des donn\u00e9es dans un syst\u00e8me informatique constituent des d\u00e9lits passibles de sanctions p\u00e9nales.<\/p>\n\n\n\n<h2 class=\"wp-block-heading\">4. PROTECTION DES DONN\u00c9ES \u00c0 CARACT\u00c8RE PERSONNEL<\/h2>\n\n\n\n<p>Ce site web, qui met en \u0153uvre des traitements de donn\u00e9es sur des personnes physiques, respecte les r\u00e8gles pr\u00e9vues par la dispense de d\u00e9claration n\u00b07 adopt\u00e9e par la Commission Nationale Informatique et Libert\u00e9s.<\/p>\n\n\n\n<p>Conform\u00e9ment \u00e0 la loi n\u00b078-17 du 6 janvier 1978 modifi\u00e9e \u201cInformatique et Libert\u00e9s\u201d (articles 34 \u00e0 36), vous disposez d\u2019un droit d\u2019acc\u00e8s, de rectification et de suppression des donn\u00e9es vous concernant en ligne sur ce site. Pour exercer ce droit, vous pouvez vous adresser au&nbsp;<a href=\"&#x6d;a&#x69;&#108;&#x74;&#x6f;:&#x77;&#101;&#x62;&#x6d;e&#x73;&#116;&#x72;&#x65;&#64;&#x75;&#110;&#x69;&#x76;-&#x6c;&#111;&#x72;&#x72;a&#x69;&#110;&#x65;&#x2e;f&#x72;?subject=Probl%C3%A8me%20sur%20le%20site%20de%20l%27Universit%C3%A9%20de%20Lorraine\">webmestre<\/a>&nbsp;de ce site.<\/p>\n\n\n\n<h2 class=\"wp-block-heading\">5. ACC\u00c8S AU SITE ET CLAUSE DE NON-RESPONSABILIT\u00c9<\/h2>\n\n\n\n<p>L\u2019utilisateur de ce site reconna\u00eet disposer de la comp\u00e9tence et des moyens n\u00e9cessaires pour acc\u00e9der et utiliser ce site.<\/p>\n\n\n\n<p>Le contenu du site est fourni \u201cen l\u2019\u00e9tat\u201d, sans aucune garantie de quelque nature que ce soit. L\u2019Universit\u00e9 de Lorraine ne garantit et ne saurait supporter la moindre responsabilit\u00e9 quant \u00e0 l\u2019usage qui pourrait en \u00eatre fait.<\/p>\n\n\n\n<p>En aucun cas l\u2019Universit\u00e9 de Lorraine ne pourra \u00eatre tenue responsable des dommages de toute nature, directs ou indirects qui r\u00e9sulteraient de l\u2019utilisation de ce site et notamment des dommages mat\u00e9riels, perte de donn\u00e9es ou de programme, r\u00e9sultant de son acc\u00e8s ou de son utilisation.<\/p>\n\n\n\n<p>L\u2019Universit\u00e9 de Lorraine ne peut garantir que les informations du site sont compl\u00e8tes, pr\u00e9cises, exactes, d\u00e9pourvues de toute erreur et \u00e0 jour.<\/p>\n\n\n\n<p>Toute information pourra \u00eatre modifi\u00e9e sans avertissement pr\u00e9alable.<\/p>\n\n\n\n<p>Conform\u00e9ment \u00e0 la loi n\u00b02004-575 du 21 juin 2004 modifi\u00e9e pour la confiance dans l\u2019\u00e9conomie num\u00e9rique, vous pouvez signaler tout contenu susceptible de rev\u00eatir les caract\u00e8res des infractions vis\u00e9es aux cinqui\u00e8me et huiti\u00e8me alin\u00e9as de l\u2019article 24 de la loi du 29 juillet 1881 sur la libert\u00e9 de presse et aux articles 227-23 et 227-24 du Code p\u00e9nal.<\/p>\n\n\n\n<p>Pour nous signaler un tel contenu, nous vous invitons \u00e0 contacter le&nbsp;<a href=\"&#x6d;&#x61;&#105;&#108;t&#x6f;&#x3a;&#x77;&#101;bm&#x65;&#x73;&#116;&#114;e&#x40;&#x75;&#x6e;&#105;v-&#x6c;&#x6f;&#114;&#114;a&#x69;&#x6e;&#x65;&#46;fr?subject=Probl%C3%A8me%20sur%20le%20site%20Universit%C3%A9%20de%20Lorraine\">webmestre<\/a>&nbsp;en pr\u00e9cisant la page ou le lien vers le contenu que vous estimez illicite.<\/p>\n\n\n\n<h2 class=\"wp-block-heading\">6. LIENS HYPERTEXTES<\/h2>\n\n\n\n<p>Les liens hypertextes mis en place par des tiers et pointant vers les pages du site web de l\u2019Universit\u00e9 de Lorraine ou de ses sites satellites sont autoris\u00e9s pour autant qu\u2019ils ne nuisent pas \u00e0 son contenu en le d\u00e9naturant ou lui portant atteinte et qu\u2019ils permettent \u00e0 l\u2019utilisateur d\u2019identifier l\u2019origine et l\u2019auteur du document.<\/p>\n\n\n\n<p>L\u2019autorisation d\u2019\u00e9tablissement de liens vers les pages du site web ne s\u2019applique pas aux sites internet diffusant des informations contraires \u00e0 l\u2019ordre public ou aux bonnes m\u0153urs.<\/p>\n\n\n\n<h2 class=\"wp-block-heading\">7. DONN\u00c9ES STATISTIQUES ET COOKIES DE SESSION<\/h2>\n\n\n\n<p>Afin de mieux vous servir, nous mesurons le nombre de pages vues, le nombre de visites, ainsi que l\u2019activit\u00e9 des visiteurs sur le site, et leur fr\u00e9quence de retour.<\/p>\n\n\n\n<p>A cet effet, nous utilisons la technologie des \u201ccookies\u201d. Les cookies utilis\u00e9s contiennent un identifiant unique, g\u00e9n\u00e9r\u00e9 al\u00e9atoirement et la date de votre derni\u00e8re venue. Vous pouvez refuser ces cookies ou les supprimer sans que cela ait une quelconque influence sur votre navigation dans le site. Vous pouvez vous opposer \u00e0 l\u2019enregistrement de cookies ou \u00eatre pr\u00e9venu avant d\u2019accepter les cookies, en configurant votre ordinateur par l\u2019interm\u00e9diaire des param\u00e8tres figurant au sein de votre logiciel de navigation.<\/p>\n\n\n\n<h2 class=\"wp-block-heading\">8. ACCESSIBILIT\u00c9<\/h2>\n\n\n\n<p>Les pages de ce site ont \u00e9t\u00e9 d\u00e9velopp\u00e9es dans le respect des normes XHTML 1.0 et CSS conform\u00e9ment aux sp\u00e9cifications \u00e9dict\u00e9es par le W3C.<\/p>\n<\/div>\n<\/div>\n","protected":false},"excerpt":{"rendered":"<p>(Loi n\u00b02004-575 du 21 juin 2004 modifi\u00e9e pour la confiance dans l\u2019\u00e9conomie num\u00e9rique) raison sociale : Universit\u00e9 de Lorraine si\u00e8ge social : 34 Cours L\u00e9opold, 54000 NANCY num\u00e9ro de t\u00e9l\u00e9phone : +33(0)3 72 74 00 00 n\u00b0 SIREN : 130015506 1. INFORMATIONS \u00c9DITORIALES ET TECHNIQUES 1.1. Editeur du site https:\/\/ge-2m.federation.univ-lorraine.fr\/&nbsp;est un site web institutionnel de &#8230; <a title=\"Mentions l\u00e9gales\" class=\"read-more\" href=\"https:\/\/www.univ-lorraine.fr\/transition-ecologique\/mentions-legales\/\" aria-label=\"En savoir plus sur Mentions l\u00e9gales\">Lire plus<\/a><\/p>\n","protected":false},"author":3,"featured_media":0,"parent":0,"menu_order":0,"comment_status":"closed","ping_status":"closed","template":"","meta":{"inline_featured_image":false,"footnotes":""},"class_list":["post-212","page","type-page","status-publish"],"yoast_head":"<!-- This site is optimized with the Yoast SEO plugin v27.4 - https:\/\/yoast.com\/product\/yoast-seo-wordpress\/ -->\n<title>Mentions l\u00e9gales - Transition \u00e9cologique<\/title>\n<meta name=\"robots\" content=\"index, follow, max-snippet:-1, max-image-preview:large, max-video-preview:-1\" \/>\n<link rel=\"canonical\" href=\"https:\/\/www.univ-lorraine.fr\/transition-ecologique\/mentions-legales\/\" \/>\n<meta property=\"og:locale\" content=\"fr_FR\" \/>\n<meta property=\"og:type\" content=\"article\" \/>\n<meta property=\"og:title\" content=\"Mentions l\u00e9gales - Transition \u00e9cologique\" \/>\n<meta property=\"og:description\" content=\"(Loi n\u00b02004-575 du 21 juin 2004 modifi\u00e9e pour la confiance dans l\u2019\u00e9conomie num\u00e9rique) raison sociale : Universit\u00e9 de Lorraine si\u00e8ge social : 34 Cours L\u00e9opold, 54000 NANCY num\u00e9ro de t\u00e9l\u00e9phone : +33(0)3 72 74 00 00 n\u00b0 SIREN : 130015506 1. INFORMATIONS \u00c9DITORIALES ET TECHNIQUES 1.1. Editeur du site https:\/\/ge-2m.federation.univ-lorraine.fr\/&nbsp;est un site web institutionnel de ... Lire plus\" \/>\n<meta property=\"og:url\" content=\"https:\/\/www.univ-lorraine.fr\/transition-ecologique\/mentions-legales\/\" \/>\n<meta property=\"og:site_name\" content=\"Transition \u00e9cologique\" \/>\n<meta property=\"article:modified_time\" content=\"2022-03-16T08:30:41+00:00\" \/>\n<meta property=\"og:image\" content=\"https:\/\/kit-projet-recherche.univ-lorraine.fr\/wp-content\/uploads\/2021\/12\/mentions.png\" \/>\n<meta name=\"twitter:card\" content=\"summary_large_image\" \/>\n<meta name=\"twitter:label1\" content=\"Dur\u00e9e de lecture estim\u00e9e\" \/>\n\t<meta name=\"twitter:data1\" content=\"6 minutes\" \/>\n<script type=\"application\/ld+json\" class=\"yoast-schema-graph\">{\"@context\":\"https:\\\/\\\/schema.org\",\"@graph\":[{\"@type\":\"WebPage\",\"@id\":\"https:\\\/\\\/www.univ-lorraine.fr\\\/transition-ecologique\\\/mentions-legales\\\/\",\"url\":\"https:\\\/\\\/www.univ-lorraine.fr\\\/transition-ecologique\\\/mentions-legales\\\/\",\"name\":\"Mentions l\u00e9gales - Transition \u00e9cologique\",\"isPartOf\":{\"@id\":\"https:\\\/\\\/www.univ-lorraine.fr\\\/transition-ecologique\\\/#website\"},\"primaryImageOfPage\":{\"@id\":\"https:\\\/\\\/www.univ-lorraine.fr\\\/transition-ecologique\\\/mentions-legales\\\/#primaryimage\"},\"image\":{\"@id\":\"https:\\\/\\\/www.univ-lorraine.fr\\\/transition-ecologique\\\/mentions-legales\\\/#primaryimage\"},\"thumbnailUrl\":\"https:\\\/\\\/kit-projet-recherche.univ-lorraine.fr\\\/wp-content\\\/uploads\\\/2021\\\/12\\\/mentions.png\",\"datePublished\":\"2022-03-16T08:28:27+00:00\",\"dateModified\":\"2022-03-16T08:30:41+00:00\",\"breadcrumb\":{\"@id\":\"https:\\\/\\\/www.univ-lorraine.fr\\\/transition-ecologique\\\/mentions-legales\\\/#breadcrumb\"},\"inLanguage\":\"fr-FR\",\"potentialAction\":[{\"@type\":\"ReadAction\",\"target\":[\"https:\\\/\\\/www.univ-lorraine.fr\\\/transition-ecologique\\\/mentions-legales\\\/\"]}]},{\"@type\":\"ImageObject\",\"inLanguage\":\"fr-FR\",\"@id\":\"https:\\\/\\\/www.univ-lorraine.fr\\\/transition-ecologique\\\/mentions-legales\\\/#primaryimage\",\"url\":\"https:\\\/\\\/kit-projet-recherche.univ-lorraine.fr\\\/wp-content\\\/uploads\\\/2021\\\/12\\\/mentions.png\",\"contentUrl\":\"https:\\\/\\\/kit-projet-recherche.univ-lorraine.fr\\\/wp-content\\\/uploads\\\/2021\\\/12\\\/mentions.png\"},{\"@type\":\"BreadcrumbList\",\"@id\":\"https:\\\/\\\/www.univ-lorraine.fr\\\/transition-ecologique\\\/mentions-legales\\\/#breadcrumb\",\"itemListElement\":[{\"@type\":\"ListItem\",\"position\":1,\"name\":\"Accueil\",\"item\":\"https:\\\/\\\/www.univ-lorraine.fr\\\/transition-ecologique\\\/\"},{\"@type\":\"ListItem\",\"position\":2,\"name\":\"Mentions l\u00e9gales\"}]},{\"@type\":\"WebSite\",\"@id\":\"https:\\\/\\\/www.univ-lorraine.fr\\\/transition-ecologique\\\/#website\",\"url\":\"https:\\\/\\\/www.univ-lorraine.fr\\\/transition-ecologique\\\/\",\"name\":\"Transition \u00e9cologique\",\"description\":\"Faire dialoguer les savoirs, c\u2019est innover\",\"publisher\":{\"@id\":\"https:\\\/\\\/www.univ-lorraine.fr\\\/transition-ecologique\\\/#organization\"},\"potentialAction\":[{\"@type\":\"SearchAction\",\"target\":{\"@type\":\"EntryPoint\",\"urlTemplate\":\"https:\\\/\\\/www.univ-lorraine.fr\\\/transition-ecologique\\\/?s={search_term_string}\"},\"query-input\":{\"@type\":\"PropertyValueSpecification\",\"valueRequired\":true,\"valueName\":\"search_term_string\"}}],\"inLanguage\":\"fr-FR\"},{\"@type\":\"Organization\",\"@id\":\"https:\\\/\\\/www.univ-lorraine.fr\\\/transition-ecologique\\\/#organization\",\"name\":\"Universit\u00e9 de Lorraine\",\"url\":\"https:\\\/\\\/www.univ-lorraine.fr\\\/transition-ecologique\\\/\",\"logo\":{\"@type\":\"ImageObject\",\"inLanguage\":\"fr-FR\",\"@id\":\"https:\\\/\\\/www.univ-lorraine.fr\\\/transition-ecologique\\\/#\\\/schema\\\/logo\\\/image\\\/\",\"url\":\"https:\\\/\\\/www.univ-lorraine.fr\\\/transition-ecologique\\\/wp-content\\\/uploads\\\/sites\\\/49\\\/2021\\\/01\\\/LOGO_UL.png\",\"contentUrl\":\"https:\\\/\\\/www.univ-lorraine.fr\\\/transition-ecologique\\\/wp-content\\\/uploads\\\/sites\\\/49\\\/2021\\\/01\\\/LOGO_UL.png\",\"width\":138,\"height\":48,\"caption\":\"Universit\u00e9 de Lorraine\"},\"image\":{\"@id\":\"https:\\\/\\\/www.univ-lorraine.fr\\\/transition-ecologique\\\/#\\\/schema\\\/logo\\\/image\\\/\"}}]}<\/script>\n<!-- \/ Yoast SEO plugin. -->","yoast_head_json":{"title":"Mentions l\u00e9gales - Transition \u00e9cologique","robots":{"index":"index","follow":"follow","max-snippet":"max-snippet:-1","max-image-preview":"max-image-preview:large","max-video-preview":"max-video-preview:-1"},"canonical":"https:\/\/www.univ-lorraine.fr\/transition-ecologique\/mentions-legales\/","og_locale":"fr_FR","og_type":"article","og_title":"Mentions l\u00e9gales - Transition \u00e9cologique","og_description":"(Loi n\u00b02004-575 du 21 juin 2004 modifi\u00e9e pour la confiance dans l\u2019\u00e9conomie num\u00e9rique) raison sociale : Universit\u00e9 de Lorraine si\u00e8ge social : 34 Cours L\u00e9opold, 54000 NANCY num\u00e9ro de t\u00e9l\u00e9phone : +33(0)3 72 74 00 00 n\u00b0 SIREN : 130015506 1. INFORMATIONS \u00c9DITORIALES ET TECHNIQUES 1.1. Editeur du site https:\/\/ge-2m.federation.univ-lorraine.fr\/&nbsp;est un site web institutionnel de ... Lire plus","og_url":"https:\/\/www.univ-lorraine.fr\/transition-ecologique\/mentions-legales\/","og_site_name":"Transition \u00e9cologique","article_modified_time":"2022-03-16T08:30:41+00:00","og_image":[{"url":"https:\/\/kit-projet-recherche.univ-lorraine.fr\/wp-content\/uploads\/2021\/12\/mentions.png","type":"","width":"","height":""}],"twitter_card":"summary_large_image","twitter_misc":{"Dur\u00e9e de lecture estim\u00e9e":"6 minutes"},"schema":{"@context":"https:\/\/schema.org","@graph":[{"@type":"WebPage","@id":"https:\/\/www.univ-lorraine.fr\/transition-ecologique\/mentions-legales\/","url":"https:\/\/www.univ-lorraine.fr\/transition-ecologique\/mentions-legales\/","name":"Mentions l\u00e9gales - Transition \u00e9cologique","isPartOf":{"@id":"https:\/\/www.univ-lorraine.fr\/transition-ecologique\/#website"},"primaryImageOfPage":{"@id":"https:\/\/www.univ-lorraine.fr\/transition-ecologique\/mentions-legales\/#primaryimage"},"image":{"@id":"https:\/\/www.univ-lorraine.fr\/transition-ecologique\/mentions-legales\/#primaryimage"},"thumbnailUrl":"https:\/\/kit-projet-recherche.univ-lorraine.fr\/wp-content\/uploads\/2021\/12\/mentions.png","datePublished":"2022-03-16T08:28:27+00:00","dateModified":"2022-03-16T08:30:41+00:00","breadcrumb":{"@id":"https:\/\/www.univ-lorraine.fr\/transition-ecologique\/mentions-legales\/#breadcrumb"},"inLanguage":"fr-FR","potentialAction":[{"@type":"ReadAction","target":["https:\/\/www.univ-lorraine.fr\/transition-ecologique\/mentions-legales\/"]}]},{"@type":"ImageObject","inLanguage":"fr-FR","@id":"https:\/\/www.univ-lorraine.fr\/transition-ecologique\/mentions-legales\/#primaryimage","url":"https:\/\/kit-projet-recherche.univ-lorraine.fr\/wp-content\/uploads\/2021\/12\/mentions.png","contentUrl":"https:\/\/kit-projet-recherche.univ-lorraine.fr\/wp-content\/uploads\/2021\/12\/mentions.png"},{"@type":"BreadcrumbList","@id":"https:\/\/www.univ-lorraine.fr\/transition-ecologique\/mentions-legales\/#breadcrumb","itemListElement":[{"@type":"ListItem","position":1,"name":"Accueil","item":"https:\/\/www.univ-lorraine.fr\/transition-ecologique\/"},{"@type":"ListItem","position":2,"name":"Mentions l\u00e9gales"}]},{"@type":"WebSite","@id":"https:\/\/www.univ-lorraine.fr\/transition-ecologique\/#website","url":"https:\/\/www.univ-lorraine.fr\/transition-ecologique\/","name":"Transition \u00e9cologique","description":"Faire dialoguer les savoirs, c\u2019est innover","publisher":{"@id":"https:\/\/www.univ-lorraine.fr\/transition-ecologique\/#organization"},"potentialAction":[{"@type":"SearchAction","target":{"@type":"EntryPoint","urlTemplate":"https:\/\/www.univ-lorraine.fr\/transition-ecologique\/?s={search_term_string}"},"query-input":{"@type":"PropertyValueSpecification","valueRequired":true,"valueName":"search_term_string"}}],"inLanguage":"fr-FR"},{"@type":"Organization","@id":"https:\/\/www.univ-lorraine.fr\/transition-ecologique\/#organization","name":"Universit\u00e9 de Lorraine","url":"https:\/\/www.univ-lorraine.fr\/transition-ecologique\/","logo":{"@type":"ImageObject","inLanguage":"fr-FR","@id":"https:\/\/www.univ-lorraine.fr\/transition-ecologique\/#\/schema\/logo\/image\/","url":"https:\/\/www.univ-lorraine.fr\/transition-ecologique\/wp-content\/uploads\/sites\/49\/2021\/01\/LOGO_UL.png","contentUrl":"https:\/\/www.univ-lorraine.fr\/transition-ecologique\/wp-content\/uploads\/sites\/49\/2021\/01\/LOGO_UL.png","width":138,"height":48,"caption":"Universit\u00e9 de Lorraine"},"image":{"@id":"https:\/\/www.univ-lorraine.fr\/transition-ecologique\/#\/schema\/logo\/image\/"}}]}},"_links":{"self":[{"href":"https:\/\/www.univ-lorraine.fr\/transition-ecologique\/wp-json\/wp\/v2\/pages\/212","targetHints":{"allow":["GET"]}}],"collection":[{"href":"https:\/\/www.univ-lorraine.fr\/transition-ecologique\/wp-json\/wp\/v2\/pages"}],"about":[{"href":"https:\/\/www.univ-lorraine.fr\/transition-ecologique\/wp-json\/wp\/v2\/types\/page"}],"author":[{"embeddable":true,"href":"https:\/\/www.univ-lorraine.fr\/transition-ecologique\/wp-json\/wp\/v2\/users\/3"}],"replies":[{"embeddable":true,"href":"https:\/\/www.univ-lorraine.fr\/transition-ecologique\/wp-json\/wp\/v2\/comments?post=212"}],"version-history":[{"count":2,"href":"https:\/\/www.univ-lorraine.fr\/transition-ecologique\/wp-json\/wp\/v2\/pages\/212\/revisions"}],"predecessor-version":[{"id":220,"href":"https:\/\/www.univ-lorraine.fr\/transition-ecologique\/wp-json\/wp\/v2\/pages\/212\/revisions\/220"}],"wp:attachment":[{"href":"https:\/\/www.univ-lorraine.fr\/transition-ecologique\/wp-json\/wp\/v2\/media?parent=212"}],"curies":[{"name":"wp","href":"https:\/\/api.w.org\/{rel}","templated":true}]}}