{"id":214,"date":"2022-03-16T09:28:46","date_gmt":"2022-03-16T08:28:46","guid":{"rendered":"https:\/\/www.univ-lorraine.fr\/transition-ecologique\/?page_id=214"},"modified":"2025-04-03T14:35:11","modified_gmt":"2025-04-03T12:35:11","slug":"plan-du-site","status":"publish","type":"page","link":"https:\/\/www.univ-lorraine.fr\/transition-ecologique\/plan-du-site\/","title":{"rendered":"Plan du site"},"content":{"rendered":"<div class=\"wsp-container\"><h2 class=\"wsp-pages-title\">Pages<\/h2>\n<ul class=\"wsp-pages-list\">\n<li class=\"page_item page-item-7\"><a href=\"https:\/\/www.univ-lorraine.fr\/transition-ecologique\/\">Accueil<\/a><\/li>\n<li class=\"page_item page-item-808\"><a href=\"https:\/\/www.univ-lorraine.fr\/transition-ecologique\/achats-responsables\/\">Achats responsables<\/a><\/li>\n<li class=\"page_item page-item-208\"><a href=\"https:\/\/www.univ-lorraine.fr\/transition-ecologique\/aide-a-la-navigation\/\">Aide \u00e0 la navigation<\/a><\/li>\n<li class=\"page_item page-item-798\"><a href=\"https:\/\/www.univ-lorraine.fr\/transition-ecologique\/alimentation\/\">Alimentation<\/a><\/li>\n<li class=\"page_item page-item-806\"><a href=\"https:\/\/www.univ-lorraine.fr\/transition-ecologique\/biodiversite\/\">Biodiversit\u00e9<\/a><\/li>\n<li class=\"page_item page-item-4169\"><a href=\"https:\/\/www.univ-lorraine.fr\/transition-ecologique\/en\/biodiversity-preservation\/\">Biodiversity preservation<\/a><\/li>\n<li class=\"page_item page-item-67\"><a href=\"https:\/\/www.univ-lorraine.fr\/transition-ecologique\/contact\/\">Contact<\/a><\/li>\n<li class=\"page_item page-item-4270\"><a href=\"https:\/\/www.univ-lorraine.fr\/transition-ecologique\/en\/contact-2\/\">Contact<\/a><\/li>\n<li class=\"page_item page-item-1955\"><a href=\"https:\/\/www.univ-lorraine.fr\/transition-ecologique\/culture-ecologique\/\">Culture \u00e9cologique<\/a><\/li>\n<li class=\"page_item page-item-800\"><a href=\"https:\/\/www.univ-lorraine.fr\/transition-ecologique\/dechets\/\">D\u00e9chets et r\u00e9utilisation<\/a><\/li>\n<li class=\"page_item page-item-210\"><a href=\"https:\/\/www.univ-lorraine.fr\/transition-ecologique\/declaration-accessibilite\/\">D\u00e9claration d&rsquo;accessibilit\u00e9<\/a><\/li>\n<li class=\"page_item page-item-804\"><a href=\"https:\/\/www.univ-lorraine.fr\/transition-ecologique\/utilisation-responsable\/\">\u00c9nergie et eau<\/a><\/li>\n<li class=\"page_item page-item-4206\"><a href=\"https:\/\/www.univ-lorraine.fr\/transition-ecologique\/en\/energy-and-water\/\">Energy and water<\/a><\/li>\n<li class=\"page_item page-item-4136\"><a href=\"https:\/\/www.univ-lorraine.fr\/transition-ecologique\/en\/sustainable-food\/\">Food and nutrition<\/a><\/li>\n<li class=\"page_item page-item-4154\"><a href=\"https:\/\/www.univ-lorraine.fr\/transition-ecologique\/en\/getting-involved\/\">Get involved !<\/a><\/li>\n<li class=\"page_item page-item-4180\"><a href=\"https:\/\/www.univ-lorraine.fr\/transition-ecologique\/en\/green-mobility\/\">Green mobility<\/a><\/li>\n<li class=\"page_item page-item-4219\"><a href=\"https:\/\/www.univ-lorraine.fr\/transition-ecologique\/en\/home\/\">Home &#8211; Ecological transition<\/a><\/li>\n<li class=\"page_item page-item-212\"><a href=\"https:\/\/www.univ-lorraine.fr\/transition-ecologique\/mentions-legales\/\">Mentions l\u00e9gales<\/a><\/li>\n<li class=\"page_item page-item-517\"><a href=\"https:\/\/www.univ-lorraine.fr\/transition-ecologique\/mobilites\/\">Mobilit\u00e9s<\/a><\/li>\n<li class=\"page_item page-item-292\"><a href=\"https:\/\/www.univ-lorraine.fr\/transition-ecologique\/les-actions-de-luniversite-de-lorraine\/\">Nos actions<\/a><\/li>\n<li class=\"page_item page-item-802\"><a href=\"https:\/\/www.univ-lorraine.fr\/transition-ecologique\/numerique-responsable\/\">Num\u00e9rique responsable<\/a><\/li>\n<li class=\"page_item page-item-214\"><a href=\"https:\/\/www.univ-lorraine.fr\/transition-ecologique\/plan-du-site\/\">Plan du site<\/a><\/li>\n<li class=\"page_item page-item-3941\"><a href=\"https:\/\/www.univ-lorraine.fr\/transition-ecologique\/politique-de-confidentialite-2\/\">Politique de confidentialit\u00e9<\/a><\/li>\n<li class=\"page_item page-item-216\"><a href=\"https:\/\/www.univ-lorraine.fr\/transition-ecologique\/politique-de-confidentialite\/\">Politique de confidentialit\u00e9<\/a><\/li>\n<li class=\"page_item page-item-4216\"><a href=\"https:\/\/www.univ-lorraine.fr\/transition-ecologique\/en\/privacy-policy\/\">Privacy Policy<\/a><\/li>\n<li class=\"page_item page-item-4199\"><a href=\"https:\/\/www.univ-lorraine.fr\/transition-ecologique\/en\/responsible-digital-technology\/\">Responsible digital technology<\/a><\/li>\n<li class=\"page_item page-item-4149\"><a href=\"https:\/\/www.univ-lorraine.fr\/transition-ecologique\/en\/sustainable-procurement\/\">Responsible purchases<\/a><\/li>\n<li class=\"page_item page-item-285\"><a href=\"https:\/\/www.univ-lorraine.fr\/transition-ecologique\/ressources\/\">Ressources<\/a><\/li>\n<li class=\"page_item page-item-297\"><a href=\"https:\/\/www.univ-lorraine.fr\/transition-ecologique\/sengager\/\">S&rsquo;engager !<\/a><\/li>\n<li class=\"page_item page-item-4144\"><a href=\"https:\/\/www.univ-lorraine.fr\/transition-ecologique\/en\/waste-and-reuse\/\">Waste and Reuse<\/a><\/li>\n<\/ul>\n<h2 class=\"wsp-actionss-title\">Actions<\/h2>\n<ul class=\"wsp-actionss-list\">\n<li><a href=\"https:\/\/www.univ-lorraine.fr\/transition-ecologique\/actions\/des-fruits-frais-et-de-qualite-pour-bien-commencer-la-journee\/\">Des fruits frais et de qualit\u00e9 pour bien commencer la journ\u00e9e<\/a><\/li>\n<li><a href=\"https:\/\/www.univ-lorraine.fr\/transition-ecologique\/actions\/distributeurs-de-boissons-bios-et-qualitatives-avec-detecteur-de-mug\/\">Distributeurs de boissons bios et qualitatives avec d\u00e9tecteur de mug<\/a><\/li>\n<li><a href=\"https:\/\/www.univ-lorraine.fr\/transition-ecologique\/actions\/sengager-dans-un-atelier-participatif-dentretien-et-reparation-de-velo\/\">S'engager dans un atelier participatif d'entretien et r\u00e9paration de v\u00e9lo<\/a><\/li>\n<li><a href=\"https:\/\/www.univ-lorraine.fr\/transition-ecologique\/actions\/sengager-au-sein-de-lassociation-japaden\/\">S'engager au sein de l'association JAPADEN<\/a><\/li>\n<li><a href=\"https:\/\/www.univ-lorraine.fr\/transition-ecologique\/actions\/sengager-dans-lassociation-gai\/\">S'engager dans l'association GA\u00cfA<\/a><\/li>\n<li><a href=\"https:\/\/www.univ-lorraine.fr\/transition-ecologique\/actions\/comprenez-les-enjeux-en-participant-a-la-fresque-de-la-biodiversite\/\">Comprenez les enjeux autour de la biodiversit\u00e9 en participant \u00e0 la fresque d\u00e9di\u00e9e<\/a><\/li>\n<li><a href=\"https:\/\/www.univ-lorraine.fr\/transition-ecologique\/actions\/donner-votre-materiel-informatique-inutilise-a-des-associations\/\">Donner votre mat\u00e9riel informatique inutilis\u00e9 \u00e0 des associations<\/a><\/li>\n<li><a href=\"https:\/\/www.univ-lorraine.fr\/transition-ecologique\/actions\/participer-a-une-fresque-du-numerique\/\">Participer \u00e0 une fresque du num\u00e9rique<\/a><\/li>\n<li><a href=\"https:\/\/www.univ-lorraine.fr\/transition-ecologique\/actions\/participer-a-une-fresque-des-dechets-ou-de-leconomie-circulaire\/\">Participer \u00e0 une fresque des d\u00e9chets ou de l'\u00e9conomie circulaire<\/a><\/li>\n<li><a href=\"https:\/\/www.univ-lorraine.fr\/transition-ecologique\/actions\/consommer-responsable-et-solidaire-a-la-gamelle-etudiante\/\">Consommer responsable et solidaire \u00e0 la Gamelle \u00e9tudiante<\/a><\/li>\n<li><a href=\"https:\/\/www.univ-lorraine.fr\/transition-ecologique\/actions\/recycler-vos-telephones\/\">Recycler vos t\u00e9l\u00e9phones<\/a><\/li>\n<li><a href=\"https:\/\/www.univ-lorraine.fr\/transition-ecologique\/actions\/repair-cafe\/\">Repair Caf\u00e9<\/a><\/li>\n<li><a href=\"https:\/\/www.univ-lorraine.fr\/transition-ecologique\/actions\/realiser-son-propre-bilan-carbone\/\">R\u00e9aliser son propre bilan carbone<\/a><\/li>\n<li><a href=\"https:\/\/www.univ-lorraine.fr\/transition-ecologique\/actions\/stations-de-gonflage\/\">Stations de gonflage<\/a><\/li>\n<li><a href=\"https:\/\/www.univ-lorraine.fr\/transition-ecologique\/actions\/monveloo-reparer-son-velo-a-prix-preferentiel\/\">MonV\u00e9loo\u00a0: r\u00e9parer son v\u00e9lo \u00e0 prix pr\u00e9f\u00e9rentiel<\/a><\/li>\n<li><a href=\"https:\/\/www.univ-lorraine.fr\/transition-ecologique\/actions\/prise-en-charge-des-abonnements-de-transport-en-commun\/\">Prise en charge des abonnements de transport en commun<\/a><\/li>\n<li><a href=\"https:\/\/www.univ-lorraine.fr\/transition-ecologique\/actions\/forfait-mobilites-durables\/\">Forfait Mobilit\u00e9s durables<\/a><\/li>\n<li><a href=\"https:\/\/www.univ-lorraine.fr\/transition-ecologique\/actions\/commande-de-produits-frais-et-locaux\/\">Commande de produits frais et locaux<\/a><\/li>\n<li><a href=\"https:\/\/www.univ-lorraine.fr\/transition-ecologique\/actions\/goddyns-finest-cake\/\">Goddyn\u2019s Finest Cake<\/a><\/li>\n<\/ul>\n<\/div>\n","protected":false},"excerpt":{"rendered":"","protected":false},"author":3,"featured_media":0,"parent":0,"menu_order":0,"comment_status":"closed","ping_status":"closed","template":"","meta":{"inline_featured_image":false,"footnotes":""},"class_list":["post-214","page","type-page","status-publish"],"yoast_head":"<!-- This site is optimized with the Yoast SEO plugin v27.4 - https:\/\/yoast.com\/product\/yoast-seo-wordpress\/ -->\n<title>Plan du site - Transition \u00e9cologique<\/title>\n<meta name=\"robots\" content=\"index, follow, max-snippet:-1, max-image-preview:large, max-video-preview:-1\" \/>\n<link rel=\"canonical\" href=\"https:\/\/www.univ-lorraine.fr\/transition-ecologique\/plan-du-site\/\" \/>\n<meta property=\"og:locale\" content=\"fr_FR\" \/>\n<meta property=\"og:type\" content=\"article\" \/>\n<meta property=\"og:title\" content=\"Plan du site - Transition \u00e9cologique\" \/>\n<meta property=\"og:url\" content=\"https:\/\/www.univ-lorraine.fr\/transition-ecologique\/plan-du-site\/\" \/>\n<meta property=\"og:site_name\" content=\"Transition \u00e9cologique\" \/>\n<meta property=\"article:modified_time\" content=\"2025-04-03T12:35:11+00:00\" \/>\n<meta name=\"twitter:card\" content=\"summary_large_image\" \/>\n<script type=\"application\/ld+json\" class=\"yoast-schema-graph\">{\"@context\":\"https:\\\/\\\/schema.org\",\"@graph\":[{\"@type\":\"WebPage\",\"@id\":\"https:\\\/\\\/www.univ-lorraine.fr\\\/transition-ecologique\\\/plan-du-site\\\/\",\"url\":\"https:\\\/\\\/www.univ-lorraine.fr\\\/transition-ecologique\\\/plan-du-site\\\/\",\"name\":\"Plan du site - Transition \u00e9cologique\",\"isPartOf\":{\"@id\":\"https:\\\/\\\/www.univ-lorraine.fr\\\/transition-ecologique\\\/#website\"},\"datePublished\":\"2022-03-16T08:28:46+00:00\",\"dateModified\":\"2025-04-03T12:35:11+00:00\",\"breadcrumb\":{\"@id\":\"https:\\\/\\\/www.univ-lorraine.fr\\\/transition-ecologique\\\/plan-du-site\\\/#breadcrumb\"},\"inLanguage\":\"fr-FR\",\"potentialAction\":[{\"@type\":\"ReadAction\",\"target\":[\"https:\\\/\\\/www.univ-lorraine.fr\\\/transition-ecologique\\\/plan-du-site\\\/\"]}]},{\"@type\":\"BreadcrumbList\",\"@id\":\"https:\\\/\\\/www.univ-lorraine.fr\\\/transition-ecologique\\\/plan-du-site\\\/#breadcrumb\",\"itemListElement\":[{\"@type\":\"ListItem\",\"position\":1,\"name\":\"Accueil\",\"item\":\"https:\\\/\\\/www.univ-lorraine.fr\\\/transition-ecologique\\\/\"},{\"@type\":\"ListItem\",\"position\":2,\"name\":\"Plan du site\"}]},{\"@type\":\"WebSite\",\"@id\":\"https:\\\/\\\/www.univ-lorraine.fr\\\/transition-ecologique\\\/#website\",\"url\":\"https:\\\/\\\/www.univ-lorraine.fr\\\/transition-ecologique\\\/\",\"name\":\"Transition \u00e9cologique\",\"description\":\"Faire dialoguer les savoirs, c\u2019est innover\",\"publisher\":{\"@id\":\"https:\\\/\\\/www.univ-lorraine.fr\\\/transition-ecologique\\\/#organization\"},\"potentialAction\":[{\"@type\":\"SearchAction\",\"target\":{\"@type\":\"EntryPoint\",\"urlTemplate\":\"https:\\\/\\\/www.univ-lorraine.fr\\\/transition-ecologique\\\/?s={search_term_string}\"},\"query-input\":{\"@type\":\"PropertyValueSpecification\",\"valueRequired\":true,\"valueName\":\"search_term_string\"}}],\"inLanguage\":\"fr-FR\"},{\"@type\":\"Organization\",\"@id\":\"https:\\\/\\\/www.univ-lorraine.fr\\\/transition-ecologique\\\/#organization\",\"name\":\"Universit\u00e9 de Lorraine\",\"url\":\"https:\\\/\\\/www.univ-lorraine.fr\\\/transition-ecologique\\\/\",\"logo\":{\"@type\":\"ImageObject\",\"inLanguage\":\"fr-FR\",\"@id\":\"https:\\\/\\\/www.univ-lorraine.fr\\\/transition-ecologique\\\/#\\\/schema\\\/logo\\\/image\\\/\",\"url\":\"https:\\\/\\\/www.univ-lorraine.fr\\\/transition-ecologique\\\/wp-content\\\/uploads\\\/sites\\\/49\\\/2021\\\/01\\\/LOGO_UL.png\",\"contentUrl\":\"https:\\\/\\\/www.univ-lorraine.fr\\\/transition-ecologique\\\/wp-content\\\/uploads\\\/sites\\\/49\\\/2021\\\/01\\\/LOGO_UL.png\",\"width\":138,\"height\":48,\"caption\":\"Universit\u00e9 de Lorraine\"},\"image\":{\"@id\":\"https:\\\/\\\/www.univ-lorraine.fr\\\/transition-ecologique\\\/#\\\/schema\\\/logo\\\/image\\\/\"}}]}<\/script>\n<!-- \/ Yoast SEO plugin. -->","yoast_head_json":{"title":"Plan du site - Transition \u00e9cologique","robots":{"index":"index","follow":"follow","max-snippet":"max-snippet:-1","max-image-preview":"max-image-preview:large","max-video-preview":"max-video-preview:-1"},"canonical":"https:\/\/www.univ-lorraine.fr\/transition-ecologique\/plan-du-site\/","og_locale":"fr_FR","og_type":"article","og_title":"Plan du site - Transition \u00e9cologique","og_url":"https:\/\/www.univ-lorraine.fr\/transition-ecologique\/plan-du-site\/","og_site_name":"Transition \u00e9cologique","article_modified_time":"2025-04-03T12:35:11+00:00","twitter_card":"summary_large_image","schema":{"@context":"https:\/\/schema.org","@graph":[{"@type":"WebPage","@id":"https:\/\/www.univ-lorraine.fr\/transition-ecologique\/plan-du-site\/","url":"https:\/\/www.univ-lorraine.fr\/transition-ecologique\/plan-du-site\/","name":"Plan du site - Transition \u00e9cologique","isPartOf":{"@id":"https:\/\/www.univ-lorraine.fr\/transition-ecologique\/#website"},"datePublished":"2022-03-16T08:28:46+00:00","dateModified":"2025-04-03T12:35:11+00:00","breadcrumb":{"@id":"https:\/\/www.univ-lorraine.fr\/transition-ecologique\/plan-du-site\/#breadcrumb"},"inLanguage":"fr-FR","potentialAction":[{"@type":"ReadAction","target":["https:\/\/www.univ-lorraine.fr\/transition-ecologique\/plan-du-site\/"]}]},{"@type":"BreadcrumbList","@id":"https:\/\/www.univ-lorraine.fr\/transition-ecologique\/plan-du-site\/#breadcrumb","itemListElement":[{"@type":"ListItem","position":1,"name":"Accueil","item":"https:\/\/www.univ-lorraine.fr\/transition-ecologique\/"},{"@type":"ListItem","position":2,"name":"Plan du site"}]},{"@type":"WebSite","@id":"https:\/\/www.univ-lorraine.fr\/transition-ecologique\/#website","url":"https:\/\/www.univ-lorraine.fr\/transition-ecologique\/","name":"Transition \u00e9cologique","description":"Faire dialoguer les savoirs, c\u2019est innover","publisher":{"@id":"https:\/\/www.univ-lorraine.fr\/transition-ecologique\/#organization"},"potentialAction":[{"@type":"SearchAction","target":{"@type":"EntryPoint","urlTemplate":"https:\/\/www.univ-lorraine.fr\/transition-ecologique\/?s={search_term_string}"},"query-input":{"@type":"PropertyValueSpecification","valueRequired":true,"valueName":"search_term_string"}}],"inLanguage":"fr-FR"},{"@type":"Organization","@id":"https:\/\/www.univ-lorraine.fr\/transition-ecologique\/#organization","name":"Universit\u00e9 de Lorraine","url":"https:\/\/www.univ-lorraine.fr\/transition-ecologique\/","logo":{"@type":"ImageObject","inLanguage":"fr-FR","@id":"https:\/\/www.univ-lorraine.fr\/transition-ecologique\/#\/schema\/logo\/image\/","url":"https:\/\/www.univ-lorraine.fr\/transition-ecologique\/wp-content\/uploads\/sites\/49\/2021\/01\/LOGO_UL.png","contentUrl":"https:\/\/www.univ-lorraine.fr\/transition-ecologique\/wp-content\/uploads\/sites\/49\/2021\/01\/LOGO_UL.png","width":138,"height":48,"caption":"Universit\u00e9 de Lorraine"},"image":{"@id":"https:\/\/www.univ-lorraine.fr\/transition-ecologique\/#\/schema\/logo\/image\/"}}]}},"_links":{"self":[{"href":"https:\/\/www.univ-lorraine.fr\/transition-ecologique\/wp-json\/wp\/v2\/pages\/214","targetHints":{"allow":["GET"]}}],"collection":[{"href":"https:\/\/www.univ-lorraine.fr\/transition-ecologique\/wp-json\/wp\/v2\/pages"}],"about":[{"href":"https:\/\/www.univ-lorraine.fr\/transition-ecologique\/wp-json\/wp\/v2\/types\/page"}],"author":[{"embeddable":true,"href":"https:\/\/www.univ-lorraine.fr\/transition-ecologique\/wp-json\/wp\/v2\/users\/3"}],"replies":[{"embeddable":true,"href":"https:\/\/www.univ-lorraine.fr\/transition-ecologique\/wp-json\/wp\/v2\/comments?post=214"}],"version-history":[{"count":2,"href":"https:\/\/www.univ-lorraine.fr\/transition-ecologique\/wp-json\/wp\/v2\/pages\/214\/revisions"}],"predecessor-version":[{"id":224,"href":"https:\/\/www.univ-lorraine.fr\/transition-ecologique\/wp-json\/wp\/v2\/pages\/214\/revisions\/224"}],"wp:attachment":[{"href":"https:\/\/www.univ-lorraine.fr\/transition-ecologique\/wp-json\/wp\/v2\/media?parent=214"}],"curies":[{"name":"wp","href":"https:\/\/api.w.org\/{rel}","templated":true}]}}