{"id":216,"date":"2022-03-16T09:29:05","date_gmt":"2022-03-16T08:29:05","guid":{"rendered":"https:\/\/www.univ-lorraine.fr\/transition-ecologique\/?page_id=216"},"modified":"2025-11-05T10:18:17","modified_gmt":"2025-11-05T09:18:17","slug":"politique-de-confidentialite","status":"publish","type":"page","link":"https:\/\/www.univ-lorraine.fr\/transition-ecologique\/politique-de-confidentialite\/","title":{"rendered":"Politique de confidentialit\u00e9"},"content":{"rendered":"\n<h2 class=\"wp-block-heading\" id=\"qui-sommes-nous\">Qui sommes-nous&nbsp;?<\/h2>\n\n\n\n<p>L\u2019adresse de notre site Web est\u00a0: <a href=\"https:\/\/www.univ-lorraine.fr\/transition-ecologique\/\">https:\/\/www.univ-lorraine.fr\/transition-ecologique\/<\/a><\/p>\n\n\n\n<div style=\"height:50px\" aria-hidden=\"true\" class=\"wp-block-spacer\"><\/div>\n\n\n\n<h2 class=\"wp-block-heading\" id=\"utilisation-des-donnees-personnelles-collectees\">Utilisation des donn\u00e9es personnelles collect\u00e9es<\/h2>\n\n\n\n<p>Ce site web met en \u0153uvre des traitements de donn\u00e9es concernant des personnes physiques (Images, textes, audio-vid\u00e9o, adresses mail d\u2019abonnement \u00e0 la Newsletter).<\/p>\n\n\n\n<p>L\u2019utilisation de ces donn\u00e9es personnelles est destin\u00e9e \u00e0 permettre l\u2019information et la communication r\u00e9alis\u00e9es par l\u2019Universit\u00e9 de Lorraine.<\/p>\n\n\n\n<p>Le responsable de traitement est le Pr\u00e9sident de l\u2019Universit\u00e9 de Lorraine.<\/p>\n\n\n\n<p>La base l\u00e9gale est le consentement des personnes.<\/p>\n\n\n\n<p>Les traitements de donn\u00e9es personnelles sont r\u00e9alis\u00e9s par les personnes habilit\u00e9es \u00e0 r\u00e9pondre aux diff\u00e9rentes questions des internautes et ce pour chacune des formations propos\u00e9es par l\u2019Universit\u00e9 de Lorraine.<\/p>\n\n\n\n<div style=\"height:50px\" aria-hidden=\"true\" class=\"wp-block-spacer\"><\/div>\n\n\n\n<h2 class=\"wp-block-heading\" id=\"duree-de-conservation-des-donnees-et-droits-des-personnes-concernees\">Dur\u00e9e de conservation des donn\u00e9es et droits des personnes concern\u00e9es<\/h2>\n\n\n\n<p>Les donn\u00e9es sont stock\u00e9es sur les serveurs de l\u2019universit\u00e9 (Direction du num\u00e9rique) pour une dur\u00e9e n\u2019exc\u00e9dant pas les prescriptions l\u00e9gales .<\/p>\n\n\n\n<p>Conform\u00e9ment aux dispositions de la loi n\u00b078-17 du 6 janvier 1978 modifi\u00e9e relative \u00e0 l\u2019Informatique, aux fichiers et aux Libert\u00e9s et du R\u00e8glement g\u00e9n\u00e9ral sur la protection des donn\u00e9es n\u00b02016\/679 (RGPD), vous disposez des droits d\u2019acc\u00e8s, de rectification, d\u2019effacement, de limitation et de portabilit\u00e9 des donn\u00e9es vous concernant.<\/p>\n\n\n\n<p>Pour toute information sur la protection des donn\u00e9es personnelles, vous pouvez contacter le d\u00e9l\u00e9gu\u00e9 \u00e0 la protection des donn\u00e9es de l\u2019universit\u00e9 \u00e0 cette adresse : <a href=\"&#109;a&#x69;l&#x74;&#111;&#x3a;&#100;&#x70;&#111;-&#x63;o&#x6e;&#116;&#x61;&#99;&#x74;&#64;&#x75;&#110;i&#x76;-&#x6c;&#111;&#x72;&#114;&#x61;&#105;n&#x65;&#46;&#x66;&#114;\">&#100;&#x70;&#x6f;&#45;&#x63;&#x6f;n&#x74;&#x61;c&#116;&#x40;u&#110;&#x69;v&#45;&#x6c;o&#114;&#x72;a&#105;&#x6e;&#x65;&#46;&#x66;&#x72;<\/a> ou le site de la Commission Nationale de l\u2019Informatique et des Libert\u00e9s (CNIL) \u00e0 cette adresse :&nbsp;<a href=\"https:\/\/www.cnil.fr\/\" target=\"_blank\" rel=\"noreferrer noopener\">www.cnil.fr<\/a><\/p>\n\n\n\n<div style=\"height:50px\" aria-hidden=\"true\" class=\"wp-block-spacer\"><\/div>\n\n\n\n<h2 class=\"wp-block-heading\" id=\"formulaires-de-contact\">Formulaires de contact<\/h2>\n\n\n\n<p>Des formulaires de contact sont pr\u00e9sent sur ce site. Ils vous permettent de nous contacter. Lors de la soumission du formulaire un mail nous est transmis&nbsp;et nous enregistrons sur notre site vos donn\u00e9es afin que nous puissions vous r\u00e9pondre. Cet enregistrement de donn\u00e9es est fait avec votre consentement lorsque vous avez coch\u00e9 la case <em>\u00ab\u00a0en soumettant ce formulaire, j&rsquo;accepte que mes donn\u00e9es soient utilis\u00e9es dans le but d&rsquo;\u00eatre recontact\u00e9\u00a0\u00bb.<\/em><\/p>\n\n\n\n<p>Vos informations ainsi transmises ne sont pas utilis\u00e9es \u00e0 des fins commerciales ni transmises \u00e0 des tiers.<\/p>\n\n\n\n<div style=\"height:50px\" aria-hidden=\"true\" class=\"wp-block-spacer\"><\/div>\n\n\n\n<h2 class=\"wp-block-heading\" id=\"cookies-necessaires\">Cookies n\u00e9cessaires<\/h2>\n\n\n\n<p>Ce site internet utilise des cookies strictement n\u00e9cessaires au fonctionnement du site (langue de navigation), vous pouvez les d\u00e9sactiver en modifiant les param\u00e8tres de votre navigateur mais vous ne pourrez pas utiliser le site normalement.<\/p>\n\n\n\n<div style=\"height:50px\" aria-hidden=\"true\" class=\"wp-block-spacer\"><\/div>\n\n\n\n<h2 class=\"wp-block-heading\" id=\"statistiques-et-mesures-d-audience\">Statistiques et mesures d\u2019audience<\/h2>\n\n\n\n<p>Ce site utilise Matomo pour collecter des informations <strong>anonymes <\/strong>telles que le nombre de visiteurs sur le site et les pages les plus populaires.<\/p>\n","protected":false},"excerpt":{"rendered":"<p>Qui sommes-nous&nbsp;? L\u2019adresse de notre site Web est\u00a0: https:\/\/www.univ-lorraine.fr\/transition-ecologique\/ Utilisation des donn\u00e9es personnelles collect\u00e9es Ce site web met en \u0153uvre des traitements de donn\u00e9es concernant des personnes physiques (Images, textes, audio-vid\u00e9o, adresses mail d\u2019abonnement \u00e0 la Newsletter). L\u2019utilisation de ces donn\u00e9es personnelles est destin\u00e9e \u00e0 permettre l\u2019information et la communication r\u00e9alis\u00e9es par l\u2019Universit\u00e9 de Lorraine. &#8230; <a title=\"Politique de confidentialit\u00e9\" class=\"read-more\" href=\"https:\/\/www.univ-lorraine.fr\/transition-ecologique\/politique-de-confidentialite\/\" aria-label=\"En savoir plus sur Politique de confidentialit\u00e9\">Lire plus<\/a><\/p>\n","protected":false},"author":3,"featured_media":0,"parent":0,"menu_order":0,"comment_status":"closed","ping_status":"closed","template":"","meta":{"inline_featured_image":false,"footnotes":""},"class_list":["post-216","page","type-page","status-publish"],"yoast_head":"<!-- This site is optimized with the Yoast SEO plugin v27.4 - https:\/\/yoast.com\/product\/yoast-seo-wordpress\/ -->\n<title>Politique de confidentialit\u00e9 - Transition \u00e9cologique<\/title>\n<meta name=\"description\" content=\"Confidentialit\u00e9 et politique de donn\u00e9es du site\" \/>\n<meta name=\"robots\" content=\"index, follow, max-snippet:-1, max-image-preview:large, max-video-preview:-1\" \/>\n<link rel=\"canonical\" href=\"https:\/\/www.univ-lorraine.fr\/transition-ecologique\/politique-de-confidentialite\/\" \/>\n<meta property=\"og:locale\" content=\"fr_FR\" \/>\n<meta property=\"og:type\" content=\"article\" \/>\n<meta property=\"og:title\" content=\"Politique de confidentialit\u00e9 - Transition \u00e9cologique\" \/>\n<meta property=\"og:description\" content=\"Confidentialit\u00e9 et politique de donn\u00e9es du site\" \/>\n<meta property=\"og:url\" content=\"https:\/\/www.univ-lorraine.fr\/transition-ecologique\/politique-de-confidentialite\/\" \/>\n<meta property=\"og:site_name\" content=\"Transition \u00e9cologique\" \/>\n<meta property=\"article:modified_time\" content=\"2025-11-05T09:18:17+00:00\" \/>\n<meta name=\"twitter:card\" content=\"summary_large_image\" \/>\n<meta name=\"twitter:label1\" content=\"Dur\u00e9e de lecture estim\u00e9e\" \/>\n\t<meta name=\"twitter:data1\" content=\"3 minutes\" \/>\n<script type=\"application\/ld+json\" class=\"yoast-schema-graph\">{\"@context\":\"https:\\\/\\\/schema.org\",\"@graph\":[{\"@type\":\"WebPage\",\"@id\":\"https:\\\/\\\/www.univ-lorraine.fr\\\/transition-ecologique\\\/politique-de-confidentialite\\\/\",\"url\":\"https:\\\/\\\/www.univ-lorraine.fr\\\/transition-ecologique\\\/politique-de-confidentialite\\\/\",\"name\":\"Politique de confidentialit\u00e9 - Transition \u00e9cologique\",\"isPartOf\":{\"@id\":\"https:\\\/\\\/www.univ-lorraine.fr\\\/transition-ecologique\\\/#website\"},\"datePublished\":\"2022-03-16T08:29:05+00:00\",\"dateModified\":\"2025-11-05T09:18:17+00:00\",\"description\":\"Confidentialit\u00e9 et politique de donn\u00e9es du site\",\"breadcrumb\":{\"@id\":\"https:\\\/\\\/www.univ-lorraine.fr\\\/transition-ecologique\\\/politique-de-confidentialite\\\/#breadcrumb\"},\"inLanguage\":\"fr-FR\",\"potentialAction\":[{\"@type\":\"ReadAction\",\"target\":[\"https:\\\/\\\/www.univ-lorraine.fr\\\/transition-ecologique\\\/politique-de-confidentialite\\\/\"]}]},{\"@type\":\"BreadcrumbList\",\"@id\":\"https:\\\/\\\/www.univ-lorraine.fr\\\/transition-ecologique\\\/politique-de-confidentialite\\\/#breadcrumb\",\"itemListElement\":[{\"@type\":\"ListItem\",\"position\":1,\"name\":\"Accueil\",\"item\":\"https:\\\/\\\/www.univ-lorraine.fr\\\/transition-ecologique\\\/\"},{\"@type\":\"ListItem\",\"position\":2,\"name\":\"Politique de confidentialit\u00e9\"}]},{\"@type\":\"WebSite\",\"@id\":\"https:\\\/\\\/www.univ-lorraine.fr\\\/transition-ecologique\\\/#website\",\"url\":\"https:\\\/\\\/www.univ-lorraine.fr\\\/transition-ecologique\\\/\",\"name\":\"Transition \u00e9cologique\",\"description\":\"Faire dialoguer les savoirs, c\u2019est innover\",\"publisher\":{\"@id\":\"https:\\\/\\\/www.univ-lorraine.fr\\\/transition-ecologique\\\/#organization\"},\"potentialAction\":[{\"@type\":\"SearchAction\",\"target\":{\"@type\":\"EntryPoint\",\"urlTemplate\":\"https:\\\/\\\/www.univ-lorraine.fr\\\/transition-ecologique\\\/?s={search_term_string}\"},\"query-input\":{\"@type\":\"PropertyValueSpecification\",\"valueRequired\":true,\"valueName\":\"search_term_string\"}}],\"inLanguage\":\"fr-FR\"},{\"@type\":\"Organization\",\"@id\":\"https:\\\/\\\/www.univ-lorraine.fr\\\/transition-ecologique\\\/#organization\",\"name\":\"Universit\u00e9 de Lorraine\",\"url\":\"https:\\\/\\\/www.univ-lorraine.fr\\\/transition-ecologique\\\/\",\"logo\":{\"@type\":\"ImageObject\",\"inLanguage\":\"fr-FR\",\"@id\":\"https:\\\/\\\/www.univ-lorraine.fr\\\/transition-ecologique\\\/#\\\/schema\\\/logo\\\/image\\\/\",\"url\":\"https:\\\/\\\/www.univ-lorraine.fr\\\/transition-ecologique\\\/wp-content\\\/uploads\\\/sites\\\/49\\\/2021\\\/01\\\/LOGO_UL.png\",\"contentUrl\":\"https:\\\/\\\/www.univ-lorraine.fr\\\/transition-ecologique\\\/wp-content\\\/uploads\\\/sites\\\/49\\\/2021\\\/01\\\/LOGO_UL.png\",\"width\":138,\"height\":48,\"caption\":\"Universit\u00e9 de Lorraine\"},\"image\":{\"@id\":\"https:\\\/\\\/www.univ-lorraine.fr\\\/transition-ecologique\\\/#\\\/schema\\\/logo\\\/image\\\/\"}}]}<\/script>\n<!-- \/ Yoast SEO plugin. -->","yoast_head_json":{"title":"Politique de confidentialit\u00e9 - Transition \u00e9cologique","description":"Confidentialit\u00e9 et politique de donn\u00e9es du site","robots":{"index":"index","follow":"follow","max-snippet":"max-snippet:-1","max-image-preview":"max-image-preview:large","max-video-preview":"max-video-preview:-1"},"canonical":"https:\/\/www.univ-lorraine.fr\/transition-ecologique\/politique-de-confidentialite\/","og_locale":"fr_FR","og_type":"article","og_title":"Politique de confidentialit\u00e9 - Transition \u00e9cologique","og_description":"Confidentialit\u00e9 et politique de donn\u00e9es du site","og_url":"https:\/\/www.univ-lorraine.fr\/transition-ecologique\/politique-de-confidentialite\/","og_site_name":"Transition \u00e9cologique","article_modified_time":"2025-11-05T09:18:17+00:00","twitter_card":"summary_large_image","twitter_misc":{"Dur\u00e9e de lecture estim\u00e9e":"3 minutes"},"schema":{"@context":"https:\/\/schema.org","@graph":[{"@type":"WebPage","@id":"https:\/\/www.univ-lorraine.fr\/transition-ecologique\/politique-de-confidentialite\/","url":"https:\/\/www.univ-lorraine.fr\/transition-ecologique\/politique-de-confidentialite\/","name":"Politique de confidentialit\u00e9 - Transition \u00e9cologique","isPartOf":{"@id":"https:\/\/www.univ-lorraine.fr\/transition-ecologique\/#website"},"datePublished":"2022-03-16T08:29:05+00:00","dateModified":"2025-11-05T09:18:17+00:00","description":"Confidentialit\u00e9 et politique de donn\u00e9es du site","breadcrumb":{"@id":"https:\/\/www.univ-lorraine.fr\/transition-ecologique\/politique-de-confidentialite\/#breadcrumb"},"inLanguage":"fr-FR","potentialAction":[{"@type":"ReadAction","target":["https:\/\/www.univ-lorraine.fr\/transition-ecologique\/politique-de-confidentialite\/"]}]},{"@type":"BreadcrumbList","@id":"https:\/\/www.univ-lorraine.fr\/transition-ecologique\/politique-de-confidentialite\/#breadcrumb","itemListElement":[{"@type":"ListItem","position":1,"name":"Accueil","item":"https:\/\/www.univ-lorraine.fr\/transition-ecologique\/"},{"@type":"ListItem","position":2,"name":"Politique de confidentialit\u00e9"}]},{"@type":"WebSite","@id":"https:\/\/www.univ-lorraine.fr\/transition-ecologique\/#website","url":"https:\/\/www.univ-lorraine.fr\/transition-ecologique\/","name":"Transition \u00e9cologique","description":"Faire dialoguer les savoirs, c\u2019est innover","publisher":{"@id":"https:\/\/www.univ-lorraine.fr\/transition-ecologique\/#organization"},"potentialAction":[{"@type":"SearchAction","target":{"@type":"EntryPoint","urlTemplate":"https:\/\/www.univ-lorraine.fr\/transition-ecologique\/?s={search_term_string}"},"query-input":{"@type":"PropertyValueSpecification","valueRequired":true,"valueName":"search_term_string"}}],"inLanguage":"fr-FR"},{"@type":"Organization","@id":"https:\/\/www.univ-lorraine.fr\/transition-ecologique\/#organization","name":"Universit\u00e9 de Lorraine","url":"https:\/\/www.univ-lorraine.fr\/transition-ecologique\/","logo":{"@type":"ImageObject","inLanguage":"fr-FR","@id":"https:\/\/www.univ-lorraine.fr\/transition-ecologique\/#\/schema\/logo\/image\/","url":"https:\/\/www.univ-lorraine.fr\/transition-ecologique\/wp-content\/uploads\/sites\/49\/2021\/01\/LOGO_UL.png","contentUrl":"https:\/\/www.univ-lorraine.fr\/transition-ecologique\/wp-content\/uploads\/sites\/49\/2021\/01\/LOGO_UL.png","width":138,"height":48,"caption":"Universit\u00e9 de Lorraine"},"image":{"@id":"https:\/\/www.univ-lorraine.fr\/transition-ecologique\/#\/schema\/logo\/image\/"}}]}},"_links":{"self":[{"href":"https:\/\/www.univ-lorraine.fr\/transition-ecologique\/wp-json\/wp\/v2\/pages\/216","targetHints":{"allow":["GET"]}}],"collection":[{"href":"https:\/\/www.univ-lorraine.fr\/transition-ecologique\/wp-json\/wp\/v2\/pages"}],"about":[{"href":"https:\/\/www.univ-lorraine.fr\/transition-ecologique\/wp-json\/wp\/v2\/types\/page"}],"author":[{"embeddable":true,"href":"https:\/\/www.univ-lorraine.fr\/transition-ecologique\/wp-json\/wp\/v2\/users\/3"}],"replies":[{"embeddable":true,"href":"https:\/\/www.univ-lorraine.fr\/transition-ecologique\/wp-json\/wp\/v2\/comments?post=216"}],"version-history":[{"count":11,"href":"https:\/\/www.univ-lorraine.fr\/transition-ecologique\/wp-json\/wp\/v2\/pages\/216\/revisions"}],"predecessor-version":[{"id":4218,"href":"https:\/\/www.univ-lorraine.fr\/transition-ecologique\/wp-json\/wp\/v2\/pages\/216\/revisions\/4218"}],"wp:attachment":[{"href":"https:\/\/www.univ-lorraine.fr\/transition-ecologique\/wp-json\/wp\/v2\/media?parent=216"}],"curies":[{"name":"wp","href":"https:\/\/api.w.org\/{rel}","templated":true}]}}