{"id":297,"date":"2023-12-19T15:00:05","date_gmt":"2023-12-19T14:00:05","guid":{"rendered":"https:\/\/www.univ-lorraine.fr\/transition-ecologique\/?page_id=297"},"modified":"2025-12-05T10:48:18","modified_gmt":"2025-12-05T09:48:18","slug":"sengager","status":"publish","type":"page","link":"https:\/\/www.univ-lorraine.fr\/transition-ecologique\/sengager\/","title":{"rendered":"S&rsquo;engager !"},"content":{"rendered":"\n<p><\/p>\n\n\n\n<p>Retrouvez sur cette page l&rsquo;ensemble des informations concernant : <\/p>\n\n\n\n<ul class=\"wp-block-list\">\n<li class=\"liens\"><a href=\"#ancre-etudiants\">L&rsquo;engagement des \u00e9tudiant\u00b7es<\/a><\/li>\n\n\n\n<li class=\"liens\"><a href=\"#ancre-personnels\">L&rsquo;engagement des personnels<\/a><\/li>\n\n\n\n<li class=\"liens\"><a href=\"#ancre-partenaires\">L&rsquo;engagement des partenaires<\/a><\/li>\n<\/ul>\n\n\n\n<h2 class=\"gb-headline gb-headline-eb6cf86a gb-headline-text\" id=\"ancre-etudiants\">Engagement des \u00e9tudiant\u00b7es<\/h2>\n\n\n<div class=\"gb-grid-wrapper gb-grid-wrapper-df372595\">\n<div class=\"gb-grid-column gb-grid-column-e4becf7d\"><div class=\"gb-container gb-container-e4becf7d\">\n\n<p style=\"font-size:22px\"><strong>\u00c9tudiantes, \u00e9tudiants, mobilisez-vous , nous sommes \u00e0 vos c\u00f4t\u00e9s ! <\/strong><\/p>\n\n<\/div><\/div>\n<\/div>\n\n<div class=\"gb-grid-wrapper gb-grid-wrapper-6ccd99eb\">\n<div class=\"gb-grid-column gb-grid-column-a44c682e\"><div class=\"gb-container gb-container-a44c682e\">\n\n<p><em>Vous souhaitez vous former ou vous engager dans un projet li\u00e9 \u00e0 la TE ?<\/em><\/p>\n\n\n\n<ul class=\"wp-block-list\">\n<li><strong>S&rsquo;informer et se former <\/strong><\/li>\n<\/ul>\n\n\n\n<p>Participez \u00e0 des ateliers de sensibilisation comme la fresque du climat, la fresque du num\u00e9rique ou nos ateliers 2 Tonnes. D\u00e9couvrez nos \u00e9v\u00e9nements annuels sur la biodiversit\u00e9, le num\u00e9rique responsable, l&rsquo;alimentation durable, etc.<\/p>\n\n\n\n<ul class=\"wp-block-list\">\n<li><strong>Obtenir un accompagnement personnalis\u00e9 <\/strong><\/li>\n<\/ul>\n\n\n\n<p>Nous vous aidons \u00e0 concr\u00e9tiser vos projets \u00e9coresponsables et \u00e9v\u00e9nements, \u00e0 trouver des financements, \u00e0 communiquer sur votre projet et \u00e0 inspirer d&rsquo;autres \u00e9tudiants et \u00e9tudiantes \u00e0 s&rsquo;engager eux aussi !<\/p>\n\n\n\n<ul class=\"wp-block-list\">\n<li><strong>Aider \u00e0 transformer votre campus <\/strong><\/li>\n<\/ul>\n\n\n\n<p>Vous aimeriez plus d\u2019options v\u00e9g\u00e9tariennes, des produits locaux et bio dans les distributeurs automatiques, ou nous faire part de vos besoins en infrastructures pour vos d\u00e9placements \u00e0 v\u00e9lo ?<\/p>\n\n\n\n<ul class=\"wp-block-list\">\n<li><strong>Venez \u00e0 notre rencontre ! <\/strong><\/li>\n<\/ul>\n\n\n\n<p>Participez \u00e0 nos rencontres \u00e9tudiantes pour exprimer vos besoins \u00e9cologiques sur le campus ou contactez nous !<\/p>\n\n\n<div class=\"gb-grid-wrapper gb-grid-wrapper-d03c77ef\">\n<div class=\"gb-grid-column gb-grid-column-5f5645cc\"><div class=\"gb-container gb-container-5f5645cc\">\n\n<figure class=\"gb-block-image gb-block-image-3c867ffc\"><img decoding=\"async\" width=\"150\" height=\"150\" class=\"gb-image gb-image-3c867ffc\" src=\"https:\/\/www.univ-lorraine.fr\/transition-ecologique\/wp-content\/uploads\/sites\/49\/2025\/02\/brown-simple-linkedin-profile-picture-1-1-150x150.png\" alt=\"Anthony Rincon, charg\u00e9 de projets transition \u00e9cologique \" title=\"Brown Simple LinkedIn Profile Picture\" srcset=\"https:\/\/www.univ-lorraine.fr\/transition-ecologique\/wp-content\/uploads\/sites\/49\/2025\/02\/brown-simple-linkedin-profile-picture-1-1-150x150.png 150w, https:\/\/www.univ-lorraine.fr\/transition-ecologique\/wp-content\/uploads\/sites\/49\/2025\/02\/brown-simple-linkedin-profile-picture-1-1-300x300.png 300w, https:\/\/www.univ-lorraine.fr\/transition-ecologique\/wp-content\/uploads\/sites\/49\/2025\/02\/brown-simple-linkedin-profile-picture-1-1-768x768.png 768w, https:\/\/www.univ-lorraine.fr\/transition-ecologique\/wp-content\/uploads\/sites\/49\/2025\/02\/brown-simple-linkedin-profile-picture-1-1.png 800w\" sizes=\"(max-width: 150px) 100vw, 150px\" \/><\/figure>\n\n<\/div><\/div>\n\n<div class=\"gb-grid-column gb-grid-column-01c4826d\"><div class=\"gb-container gb-container-01c4826d\">\n\n<p style=\"font-size:23px\"><strong>Votre contact privil\u00e9gi\u00e9 <\/strong> <\/p>\n\n\n\n<p style=\"font-size:18px\"><strong>Anthony Rincon<\/strong><\/p>\n\n\n\n<p style=\"font-size:17px\">&#97;&#110;&#x74;h&#111;&#x6e;&#x79;&#46;&#114;&#x69;&#x6e;c&#111;&#x6e;&#64;&#117;&#x6e;&#x69;v&#45;&#x6c;&#x6f;r&#114;&#x61;i&#110;&#x65;&#x2e;f&#114; <\/p>\n\n\n\n<p style=\"font-size:17px\">06 58 34 46 80<\/p>\n\n<\/div><\/div>\n<\/div>\n<\/div><\/div>\n<\/div>\n\n\n<div style=\"height:2px\" aria-hidden=\"true\" class=\"wp-block-spacer\"><\/div>\n\n\n\n<h3 class=\"gb-headline gb-headline-7927bc8d gb-headline-text\">Associations<\/h3>\n\n\n\n<p>La mission Transition \u00e9cologique organise chaque ann\u00e9e des <strong>afterworks<\/strong> pour les \u00e9tudiantes et les \u00e9tudiants engag\u00e9s dans des associations \u0153uvrant pour la <strong>pr\u00e9servation de l\u2019environnement<\/strong>.<\/p>\n\n\n\n<p>L\u2019Universit\u00e9 de Lorraine regorge d\u2019<strong>associations<\/strong> \u0153uvrant pour la<strong> transition \u00e9cologique <\/strong>! Vous pouvez \u00e9galement vous rapprocher de vos BDE, des MDE ou des services scolarit\u00e9s.<\/p>\n\n\n\n<p>Retrouvez dans cet annuaire les associations li\u00e9s \u00e0 l&rsquo;environnement et l&rsquo;EDI :<\/p>\n\n\n\n<iframe class=iframe src=\"https:\/\/asso-ul.univ-lorraine.fr\/public\/recherche?theme=8,9\" style=\"width:100%; height:500px !important;\" ><\/iframe>\n\n\n\n<div style=\"height:15px\" aria-hidden=\"true\" class=\"wp-block-spacer\"><\/div>\n\n\n\n<p class=\"liens\">&gt;&gt; Pour plus d&rsquo;associations cliquez sur ce lien :  <a href=\"https:\/\/asso-ul.univ-lorraine.fr\/public\/recherche?theme=8,9\" target=\"_blank\" rel=\"noreferrer noopener\">Annuaire des associations<\/a><\/p>\n\n\n\n<div style=\"height:60px\" aria-hidden=\"true\" class=\"wp-block-spacer\"><\/div>\n\n\n\n<h2 class=\"gb-headline gb-headline-f342952a gb-headline-text\" id=\"ancre-personnels\">Engagement des personnels<\/h2>\n\n\n\n<p><strong>Un correspondant ou une correspondante Transition \u00e9cologique<\/strong> est pr\u00e9sent au sein de chaque composante, laboratoire ou direction centrale. Ce sont elles et eux qui font vivre la dynamique de transition \u00e9cologique sur les campus. N\u2019h\u00e9sitez pas \u00e0 les contacter !<\/p>\n\n\n\n<p class=\"liens has-global-color-8-color has-text-color has-link-color wp-elements-f69fa7470398d1c04de873459879a4ac\">>> <a href=\"https:\/\/www.univ-lorraine.fr\/transition-ecologique\/wp-content\/uploads\/sites\/49\/2025\/12\/reseau-de-correspondants-transition-ecologique-271025.xlsx\" target=\"_blank\" rel=\"noreferrer noopener\">Liste des correspondantes et correspondants Transition \u00e9cologique\u00a0<\/a><\/p>\n\n\n\n<p class=\"liens\">Pour \u00eatre inform\u00e9 de l\u2019actualit\u00e9 de la transition \u00e9cologique ou partager des informations, une liste de diffusion est disponible : <a href=\"&#109;&#x61;&#105;&#x6c;&#116;&#x6f;&#58;&#x64;&#101;&#x76;&#101;&#x6c;&#111;&#x70;&#112;&#x65;&#109;&#x65;&#110;&#x74;&#45;&#x64;&#117;&#x72;&#97;&#x62;&#108;&#x65;&#45;&#x65;&#99;&#x68;&#97;&#x6e;&#103;&#x65;&#64;&#x75;&#110;&#x69;&#118;&#x2d;&#108;&#x6f;&#114;&#x72;&#97;&#x69;&#110;&#x65;&#46;&#x66;&#114;\">&#x64;&#x65;&#x76;&#x65;&#x6c;&#x6f;&#112;&#112;&#101;&#109;ent-&#x64;&#x75;&#x72;&#x61;&#x62;&#x6c;&#101;&#45;&#101;&#99;&#104;ang&#x65;&#x40;&#x75;&#x6e;&#x69;&#x76;&#45;&#108;&#111;&#114;&#114;ain&#x65;&#x2e;&#x66;&#x72;<\/a><\/p>\n\n\n\n<div style=\"height:18px\" aria-hidden=\"true\" class=\"wp-block-spacer\"><\/div>\n\n\n\n<h2 class=\"gb-headline gb-headline-75462e8a gb-headline-text\" id=\"ancre-partenaires\">Engagement des partenaires<\/h2>\n\n\n\n<div style=\"height:20px\" aria-hidden=\"true\" class=\"wp-block-spacer\"><\/div>\n\n\n\n<p>Vous \u00eates un <strong>partenaire de l\u2019Universit\u00e9 de Lorraine ou un acteur du territoire<\/strong>&nbsp;? <\/p>\n\n\n\n<p>La communaut\u00e9 Transition \u00e9cologique de l\u2019universit\u00e9 a pour objectif de partager informations, actualit\u00e9s, outils et bonnes pratiques et de favoriser les collaborations entre l\u2019universit\u00e9 et les collectivit\u00e9s, entreprises, associations, <em>start up<\/em>, p\u00f4les de comp\u00e9titivit\u00e9, r\u00e9seaux, etc., sur les sujets du d\u00e9veloppement durable. <\/p>\n\n\n\n<p class=\"liens\"><strong>&gt;&gt; Pour vous inscrire<\/strong>, contactez <a href=\"&#x6d;a&#x69;l&#x74;&#111;&#x3a;&#108;a&#x75;r&#x65;&#45;&#x65;&#108;&#x69;&#115;e&#x2e;b&#x72;&#105;&#x6f;&#105;&#x73;&#x40;u&#x6e;i&#x76;&#45;&#x6c;&#111;r&#x72;a&#x69;&#110;&#x65;&#46;&#x66;&#114;\">&#108;&#x61;&#x75;r&#101;&#x2d;&#x65;l&#105;&#x73;e&#46;&#x62;&#x72;i&#111;&#x69;s&#64;&#x75;&#x6e;i&#118;&#x2d;&#x6c;&#111;&#x72;&#x72;a&#105;&#x6e;&#x65;&#46;&#102;&#x72;<\/a>&nbsp;!<\/p>\n","protected":false},"excerpt":{"rendered":"<p>Retrouvez sur cette page l&rsquo;ensemble des informations concernant : Engagement des \u00e9tudiant\u00b7es Associations La mission Transition \u00e9cologique organise chaque ann\u00e9e des afterworks pour les \u00e9tudiantes et les \u00e9tudiants engag\u00e9s dans des associations \u0153uvrant pour la pr\u00e9servation de l\u2019environnement. L\u2019Universit\u00e9 de Lorraine regorge d\u2019associations \u0153uvrant pour la transition \u00e9cologique ! Vous pouvez \u00e9galement vous rapprocher de &#8230; <a title=\"S&rsquo;engager !\" class=\"read-more\" href=\"https:\/\/www.univ-lorraine.fr\/transition-ecologique\/sengager\/\" aria-label=\"En savoir plus sur S&rsquo;engager !\">Lire plus<\/a><\/p>\n","protected":false},"author":531,"featured_media":0,"parent":0,"menu_order":0,"comment_status":"closed","ping_status":"closed","template":"","meta":{"inline_featured_image":false,"footnotes":""},"class_list":["post-297","page","type-page","status-publish"],"yoast_head":"<!-- This site is optimized with the Yoast SEO plugin v27.4 - https:\/\/yoast.com\/product\/yoast-seo-wordpress\/ -->\n<title>S&#039;engager ! - Transition \u00e9cologique<\/title>\n<meta name=\"robots\" content=\"index, follow, max-snippet:-1, max-image-preview:large, max-video-preview:-1\" \/>\n<link rel=\"canonical\" href=\"https:\/\/www.univ-lorraine.fr\/transition-ecologique\/sengager\/\" \/>\n<meta property=\"og:locale\" content=\"fr_FR\" \/>\n<meta property=\"og:type\" content=\"article\" \/>\n<meta property=\"og:title\" content=\"S&#039;engager ! - Transition \u00e9cologique\" \/>\n<meta property=\"og:description\" content=\"Retrouvez sur cette page l&rsquo;ensemble des informations concernant : Engagement des \u00e9tudiant\u00b7es Associations La mission Transition \u00e9cologique organise chaque ann\u00e9e des afterworks pour les \u00e9tudiantes et les \u00e9tudiants engag\u00e9s dans des associations \u0153uvrant pour la pr\u00e9servation de l\u2019environnement. L\u2019Universit\u00e9 de Lorraine regorge d\u2019associations \u0153uvrant pour la transition \u00e9cologique ! Vous pouvez \u00e9galement vous rapprocher de ... Lire plus\" \/>\n<meta property=\"og:url\" content=\"https:\/\/www.univ-lorraine.fr\/transition-ecologique\/sengager\/\" \/>\n<meta property=\"og:site_name\" content=\"Transition \u00e9cologique\" \/>\n<meta property=\"article:modified_time\" content=\"2025-12-05T09:48:18+00:00\" \/>\n<meta property=\"og:image\" content=\"https:\/\/www.univ-lorraine.fr\/transition-ecologique\/wp-content\/uploads\/sites\/49\/2025\/02\/brown-simple-linkedin-profile-picture-1-1-150x150.png\" \/>\n<meta name=\"twitter:card\" content=\"summary_large_image\" \/>\n<meta name=\"twitter:label1\" content=\"Dur\u00e9e de lecture estim\u00e9e\" \/>\n\t<meta name=\"twitter:data1\" content=\"2 minutes\" \/>\n<script type=\"application\/ld+json\" class=\"yoast-schema-graph\">{\"@context\":\"https:\\\/\\\/schema.org\",\"@graph\":[{\"@type\":\"WebPage\",\"@id\":\"https:\\\/\\\/www.univ-lorraine.fr\\\/transition-ecologique\\\/sengager\\\/\",\"url\":\"https:\\\/\\\/www.univ-lorraine.fr\\\/transition-ecologique\\\/sengager\\\/\",\"name\":\"S'engager ! - Transition \u00e9cologique\",\"isPartOf\":{\"@id\":\"https:\\\/\\\/www.univ-lorraine.fr\\\/transition-ecologique\\\/#website\"},\"primaryImageOfPage\":{\"@id\":\"https:\\\/\\\/www.univ-lorraine.fr\\\/transition-ecologique\\\/sengager\\\/#primaryimage\"},\"image\":{\"@id\":\"https:\\\/\\\/www.univ-lorraine.fr\\\/transition-ecologique\\\/sengager\\\/#primaryimage\"},\"thumbnailUrl\":\"https:\\\/\\\/www.univ-lorraine.fr\\\/transition-ecologique\\\/wp-content\\\/uploads\\\/sites\\\/49\\\/2025\\\/02\\\/brown-simple-linkedin-profile-picture-1-1-150x150.png\",\"datePublished\":\"2023-12-19T14:00:05+00:00\",\"dateModified\":\"2025-12-05T09:48:18+00:00\",\"breadcrumb\":{\"@id\":\"https:\\\/\\\/www.univ-lorraine.fr\\\/transition-ecologique\\\/sengager\\\/#breadcrumb\"},\"inLanguage\":\"fr-FR\",\"potentialAction\":[{\"@type\":\"ReadAction\",\"target\":[\"https:\\\/\\\/www.univ-lorraine.fr\\\/transition-ecologique\\\/sengager\\\/\"]}]},{\"@type\":\"ImageObject\",\"inLanguage\":\"fr-FR\",\"@id\":\"https:\\\/\\\/www.univ-lorraine.fr\\\/transition-ecologique\\\/sengager\\\/#primaryimage\",\"url\":\"https:\\\/\\\/www.univ-lorraine.fr\\\/transition-ecologique\\\/wp-content\\\/uploads\\\/sites\\\/49\\\/2025\\\/02\\\/brown-simple-linkedin-profile-picture-1-1.png\",\"contentUrl\":\"https:\\\/\\\/www.univ-lorraine.fr\\\/transition-ecologique\\\/wp-content\\\/uploads\\\/sites\\\/49\\\/2025\\\/02\\\/brown-simple-linkedin-profile-picture-1-1.png\",\"width\":800,\"height\":800},{\"@type\":\"BreadcrumbList\",\"@id\":\"https:\\\/\\\/www.univ-lorraine.fr\\\/transition-ecologique\\\/sengager\\\/#breadcrumb\",\"itemListElement\":[{\"@type\":\"ListItem\",\"position\":1,\"name\":\"Accueil\",\"item\":\"https:\\\/\\\/www.univ-lorraine.fr\\\/transition-ecologique\\\/\"},{\"@type\":\"ListItem\",\"position\":2,\"name\":\"S&rsquo;engager !\"}]},{\"@type\":\"WebSite\",\"@id\":\"https:\\\/\\\/www.univ-lorraine.fr\\\/transition-ecologique\\\/#website\",\"url\":\"https:\\\/\\\/www.univ-lorraine.fr\\\/transition-ecologique\\\/\",\"name\":\"Transition \u00e9cologique\",\"description\":\"Faire dialoguer les savoirs, c\u2019est innover\",\"publisher\":{\"@id\":\"https:\\\/\\\/www.univ-lorraine.fr\\\/transition-ecologique\\\/#organization\"},\"potentialAction\":[{\"@type\":\"SearchAction\",\"target\":{\"@type\":\"EntryPoint\",\"urlTemplate\":\"https:\\\/\\\/www.univ-lorraine.fr\\\/transition-ecologique\\\/?s={search_term_string}\"},\"query-input\":{\"@type\":\"PropertyValueSpecification\",\"valueRequired\":true,\"valueName\":\"search_term_string\"}}],\"inLanguage\":\"fr-FR\"},{\"@type\":\"Organization\",\"@id\":\"https:\\\/\\\/www.univ-lorraine.fr\\\/transition-ecologique\\\/#organization\",\"name\":\"Universit\u00e9 de Lorraine\",\"url\":\"https:\\\/\\\/www.univ-lorraine.fr\\\/transition-ecologique\\\/\",\"logo\":{\"@type\":\"ImageObject\",\"inLanguage\":\"fr-FR\",\"@id\":\"https:\\\/\\\/www.univ-lorraine.fr\\\/transition-ecologique\\\/#\\\/schema\\\/logo\\\/image\\\/\",\"url\":\"https:\\\/\\\/www.univ-lorraine.fr\\\/transition-ecologique\\\/wp-content\\\/uploads\\\/sites\\\/49\\\/2021\\\/01\\\/LOGO_UL.png\",\"contentUrl\":\"https:\\\/\\\/www.univ-lorraine.fr\\\/transition-ecologique\\\/wp-content\\\/uploads\\\/sites\\\/49\\\/2021\\\/01\\\/LOGO_UL.png\",\"width\":138,\"height\":48,\"caption\":\"Universit\u00e9 de Lorraine\"},\"image\":{\"@id\":\"https:\\\/\\\/www.univ-lorraine.fr\\\/transition-ecologique\\\/#\\\/schema\\\/logo\\\/image\\\/\"}}]}<\/script>\n<!-- \/ Yoast SEO plugin. -->","yoast_head_json":{"title":"S'engager ! - Transition \u00e9cologique","robots":{"index":"index","follow":"follow","max-snippet":"max-snippet:-1","max-image-preview":"max-image-preview:large","max-video-preview":"max-video-preview:-1"},"canonical":"https:\/\/www.univ-lorraine.fr\/transition-ecologique\/sengager\/","og_locale":"fr_FR","og_type":"article","og_title":"S'engager ! - Transition \u00e9cologique","og_description":"Retrouvez sur cette page l&rsquo;ensemble des informations concernant : Engagement des \u00e9tudiant\u00b7es Associations La mission Transition \u00e9cologique organise chaque ann\u00e9e des afterworks pour les \u00e9tudiantes et les \u00e9tudiants engag\u00e9s dans des associations \u0153uvrant pour la pr\u00e9servation de l\u2019environnement. L\u2019Universit\u00e9 de Lorraine regorge d\u2019associations \u0153uvrant pour la transition \u00e9cologique ! Vous pouvez \u00e9galement vous rapprocher de ... Lire plus","og_url":"https:\/\/www.univ-lorraine.fr\/transition-ecologique\/sengager\/","og_site_name":"Transition \u00e9cologique","article_modified_time":"2025-12-05T09:48:18+00:00","og_image":[{"url":"https:\/\/www.univ-lorraine.fr\/transition-ecologique\/wp-content\/uploads\/sites\/49\/2025\/02\/brown-simple-linkedin-profile-picture-1-1-150x150.png","type":"","width":"","height":""}],"twitter_card":"summary_large_image","twitter_misc":{"Dur\u00e9e de lecture estim\u00e9e":"2 minutes"},"schema":{"@context":"https:\/\/schema.org","@graph":[{"@type":"WebPage","@id":"https:\/\/www.univ-lorraine.fr\/transition-ecologique\/sengager\/","url":"https:\/\/www.univ-lorraine.fr\/transition-ecologique\/sengager\/","name":"S'engager ! - Transition \u00e9cologique","isPartOf":{"@id":"https:\/\/www.univ-lorraine.fr\/transition-ecologique\/#website"},"primaryImageOfPage":{"@id":"https:\/\/www.univ-lorraine.fr\/transition-ecologique\/sengager\/#primaryimage"},"image":{"@id":"https:\/\/www.univ-lorraine.fr\/transition-ecologique\/sengager\/#primaryimage"},"thumbnailUrl":"https:\/\/www.univ-lorraine.fr\/transition-ecologique\/wp-content\/uploads\/sites\/49\/2025\/02\/brown-simple-linkedin-profile-picture-1-1-150x150.png","datePublished":"2023-12-19T14:00:05+00:00","dateModified":"2025-12-05T09:48:18+00:00","breadcrumb":{"@id":"https:\/\/www.univ-lorraine.fr\/transition-ecologique\/sengager\/#breadcrumb"},"inLanguage":"fr-FR","potentialAction":[{"@type":"ReadAction","target":["https:\/\/www.univ-lorraine.fr\/transition-ecologique\/sengager\/"]}]},{"@type":"ImageObject","inLanguage":"fr-FR","@id":"https:\/\/www.univ-lorraine.fr\/transition-ecologique\/sengager\/#primaryimage","url":"https:\/\/www.univ-lorraine.fr\/transition-ecologique\/wp-content\/uploads\/sites\/49\/2025\/02\/brown-simple-linkedin-profile-picture-1-1.png","contentUrl":"https:\/\/www.univ-lorraine.fr\/transition-ecologique\/wp-content\/uploads\/sites\/49\/2025\/02\/brown-simple-linkedin-profile-picture-1-1.png","width":800,"height":800},{"@type":"BreadcrumbList","@id":"https:\/\/www.univ-lorraine.fr\/transition-ecologique\/sengager\/#breadcrumb","itemListElement":[{"@type":"ListItem","position":1,"name":"Accueil","item":"https:\/\/www.univ-lorraine.fr\/transition-ecologique\/"},{"@type":"ListItem","position":2,"name":"S&rsquo;engager !"}]},{"@type":"WebSite","@id":"https:\/\/www.univ-lorraine.fr\/transition-ecologique\/#website","url":"https:\/\/www.univ-lorraine.fr\/transition-ecologique\/","name":"Transition \u00e9cologique","description":"Faire dialoguer les savoirs, c\u2019est innover","publisher":{"@id":"https:\/\/www.univ-lorraine.fr\/transition-ecologique\/#organization"},"potentialAction":[{"@type":"SearchAction","target":{"@type":"EntryPoint","urlTemplate":"https:\/\/www.univ-lorraine.fr\/transition-ecologique\/?s={search_term_string}"},"query-input":{"@type":"PropertyValueSpecification","valueRequired":true,"valueName":"search_term_string"}}],"inLanguage":"fr-FR"},{"@type":"Organization","@id":"https:\/\/www.univ-lorraine.fr\/transition-ecologique\/#organization","name":"Universit\u00e9 de Lorraine","url":"https:\/\/www.univ-lorraine.fr\/transition-ecologique\/","logo":{"@type":"ImageObject","inLanguage":"fr-FR","@id":"https:\/\/www.univ-lorraine.fr\/transition-ecologique\/#\/schema\/logo\/image\/","url":"https:\/\/www.univ-lorraine.fr\/transition-ecologique\/wp-content\/uploads\/sites\/49\/2021\/01\/LOGO_UL.png","contentUrl":"https:\/\/www.univ-lorraine.fr\/transition-ecologique\/wp-content\/uploads\/sites\/49\/2021\/01\/LOGO_UL.png","width":138,"height":48,"caption":"Universit\u00e9 de Lorraine"},"image":{"@id":"https:\/\/www.univ-lorraine.fr\/transition-ecologique\/#\/schema\/logo\/image\/"}}]}},"_links":{"self":[{"href":"https:\/\/www.univ-lorraine.fr\/transition-ecologique\/wp-json\/wp\/v2\/pages\/297","targetHints":{"allow":["GET"]}}],"collection":[{"href":"https:\/\/www.univ-lorraine.fr\/transition-ecologique\/wp-json\/wp\/v2\/pages"}],"about":[{"href":"https:\/\/www.univ-lorraine.fr\/transition-ecologique\/wp-json\/wp\/v2\/types\/page"}],"author":[{"embeddable":true,"href":"https:\/\/www.univ-lorraine.fr\/transition-ecologique\/wp-json\/wp\/v2\/users\/531"}],"replies":[{"embeddable":true,"href":"https:\/\/www.univ-lorraine.fr\/transition-ecologique\/wp-json\/wp\/v2\/comments?post=297"}],"version-history":[{"count":49,"href":"https:\/\/www.univ-lorraine.fr\/transition-ecologique\/wp-json\/wp\/v2\/pages\/297\/revisions"}],"predecessor-version":[{"id":4307,"href":"https:\/\/www.univ-lorraine.fr\/transition-ecologique\/wp-json\/wp\/v2\/pages\/297\/revisions\/4307"}],"wp:attachment":[{"href":"https:\/\/www.univ-lorraine.fr\/transition-ecologique\/wp-json\/wp\/v2\/media?parent=297"}],"curies":[{"name":"wp","href":"https:\/\/api.w.org\/{rel}","templated":true}]}}