{"id":4154,"date":"2025-11-03T11:34:44","date_gmt":"2025-11-03T10:34:44","guid":{"rendered":"https:\/\/www.univ-lorraine.fr\/transition-ecologique\/?page_id=4154"},"modified":"2026-02-10T12:21:22","modified_gmt":"2026-02-10T11:21:22","slug":"getting-involved","status":"publish","type":"page","link":"https:\/\/www.univ-lorraine.fr\/transition-ecologique\/en\/getting-involved\/","title":{"rendered":"Get involved !"},"content":{"rendered":"\n<p>Find all information on this page regarding:<\/p>\n\n\n\n<ul class=\"wp-block-list\">\n<li class=\"liens\"><a href=\"#students-commitment\">Students commitment<\/a><\/li>\n\n\n\n<li class=\"liens\"><a href=\"#ancre-personnels\">Staff commitment<\/a><\/li>\n\n\n\n<li class=\"liens\"><a href=\"#ancre-partenaires\">Partner&rsquo;s commitment<\/a><\/li>\n<\/ul>\n\n\n\n<h2 class=\"gb-headline gb-headline-fbb491b6 gb-headline-text\" id=\"students-commitment\">Students commitment<\/h2>\n\n\n<div class=\"gb-grid-wrapper gb-grid-wrapper-df372595\">\n<div class=\"gb-grid-column gb-grid-column-e4becf7d\"><div class=\"gb-container gb-container-e4becf7d\">\n\n<p style=\"font-size:22px\"><strong>Students, get involved, we&rsquo;re here to help you!<\/strong><\/p>\n\n<\/div><\/div>\n<\/div>\n\n<div class=\"gb-grid-wrapper gb-grid-wrapper-6ccd99eb\">\n<div class=\"gb-grid-column gb-grid-column-a44c682e\"><div class=\"gb-container gb-container-a44c682e\">\n\n<p>W<em>ould you like to receive training or get involved in a project related to ecology?<\/em><\/p>\n\n\n\n<ul class=\"wp-block-list\">\n<li><strong>Information and skills development<\/strong><\/li>\n<\/ul>\n\n\n\n<p>Contribute to raising awareness among students, through some specific workshops such as the&nbsp;<em>Climate Workshop<\/em>, the&nbsp;<em>Digital Workshop<\/em>, or the <em>2 Tons<\/em>&nbsp;Workshop.<\/p>\n\n\n\n<p>Discover our annual events on biodiversity, responsible digital practices, sustainable food, green mobility and more.<\/p>\n\n\n\n<ul class=\"wp-block-list\">\n<li><strong>Get personalized support<\/strong><\/li>\n<\/ul>\n\n\n\n<p>Nous vous aidons \u00e0 concr\u00e9tiser vos projets \u00e9coresponsables et \u00e9v\u00e9nements, \u00e0 trouver des financements, \u00e0 communiquer sur votre projet et \u00e0 inspirer d&rsquo;autres \u00e9tudiants et \u00e9tudiantes \u00e0 s&rsquo;engager eux aussi !<\/p>\n\n\n\n<ul class=\"wp-block-list\">\n<li><strong>Supporting the transformation of your campus<\/strong><\/li>\n<\/ul>\n\n\n\n<p>Would you like more vegetarian options, local and organic products in vending machines, or to share your needs regarding infrastructure for cycling around campus?<\/p>\n\n\n\n<ul class=\"wp-block-list\">\n<li><strong>Come and meet us!<\/strong><\/li>\n<\/ul>\n\n\n\n<p>Take part to the transformation of your campus and the practices.<\/p>\n\n\n<div class=\"gb-grid-wrapper gb-grid-wrapper-d03c77ef\">\n<div class=\"gb-grid-column gb-grid-column-5f5645cc\"><div class=\"gb-container gb-container-5f5645cc\">\n\n<figure class=\"gb-block-image gb-block-image-3c867ffc\"><img decoding=\"async\" width=\"150\" height=\"150\" class=\"gb-image gb-image-3c867ffc\" src=\"https:\/\/www.univ-lorraine.fr\/transition-ecologique\/wp-content\/uploads\/sites\/49\/2025\/02\/brown-simple-linkedin-profile-picture-1-1-150x150.png\" alt=\"Anthony Rincon, charg\u00e9 de projets transition \u00e9cologique \" title=\"Brown Simple LinkedIn Profile Picture\" srcset=\"https:\/\/www.univ-lorraine.fr\/transition-ecologique\/wp-content\/uploads\/sites\/49\/2025\/02\/brown-simple-linkedin-profile-picture-1-1-150x150.png 150w, https:\/\/www.univ-lorraine.fr\/transition-ecologique\/wp-content\/uploads\/sites\/49\/2025\/02\/brown-simple-linkedin-profile-picture-1-1-300x300.png 300w, https:\/\/www.univ-lorraine.fr\/transition-ecologique\/wp-content\/uploads\/sites\/49\/2025\/02\/brown-simple-linkedin-profile-picture-1-1-768x768.png 768w, https:\/\/www.univ-lorraine.fr\/transition-ecologique\/wp-content\/uploads\/sites\/49\/2025\/02\/brown-simple-linkedin-profile-picture-1-1.png 800w\" sizes=\"(max-width: 150px) 100vw, 150px\" \/><\/figure>\n\n<\/div><\/div>\n\n<div class=\"gb-grid-column gb-grid-column-01c4826d\"><div class=\"gb-container gb-container-01c4826d\">\n\n<p style=\"font-size:23px\"><strong>Your dedicated contact<\/strong><\/p>\n\n\n\n<p style=\"font-size:18px\"><strong>Anthony Rincon<\/strong><\/p>\n\n\n\n<p style=\"font-size:17px\">&#x61;&#x6e;&#116;&#104;&#111;n&#x79;&#x2e;&#x72;&#105;&#110;co&#x6e;&#x40;&#x75;&#110;&#105;v&#x2d;&#x6c;&#x6f;&#114;&#114;&#97;i&#x6e;&#x65;&#x2e;&#102;&#114; <\/p>\n\n\n\n<p style=\"font-size:17px\">06 58 34 46 80<\/p>\n\n<\/div><\/div>\n<\/div>\n<\/div><\/div>\n<\/div>\n\n\n<div style=\"height:2px\" aria-hidden=\"true\" class=\"wp-block-spacer\"><\/div>\n\n\n\n<h3 class=\"gb-headline gb-headline-7927bc8d gb-headline-text\">STUDENT Associations<\/h3>\n\n\n\n<p>The <strong>Ecological Transition Mission<\/strong> can help you to organize <strong>after-work events<\/strong> to gather students nd share wishes, problems bounded to ecology.<\/p>\n\n\n\n<p><strong>University of Lorraine<\/strong> federates numerous associations committed to ecological transition! You can also reach out to your <strong>students campus associations, student&rsquo;s houses (MDE),<\/strong> or <strong>academic services<\/strong>.<\/p>\n\n\n\n<p>Find in this directory the associations related to environmental initiatives and EDI (Equality, Diversity, and Inclusion).<\/p>\n\n\n\n<iframe class=iframe src=\"https:\/\/asso-ul.univ-lorraine.fr\/public\/recherche?theme=8,9\" style=\"width:100%; height:500px !important;\" ><\/iframe>\n\n\n\n<div style=\"height:15px\" aria-hidden=\"true\" class=\"wp-block-spacer\"><\/div>\n\n\n\n<p class=\"liens\">&gt;&gt; Discover more associations here: <a href=\"https:\/\/asso-ul.univ-lorraine.fr\/public\/recherche?theme=8,9\" target=\"_blank\" rel=\"noreferrer noopener\">Associations Directory<\/a><\/p>\n\n\n\n<div style=\"height:60px\" aria-hidden=\"true\" class=\"wp-block-spacer\"><\/div>\n\n\n\n<h2 class=\"gb-headline gb-headline-f342952a gb-headline-text\" id=\"ancre-personnels\">Staff commitment<\/h2>\n\n\n\n<p><strong>An ecological transition correspondent<\/strong> is present in each faculty, laboratory, or central department. They are the ones driving ecological transition initiatives on campus. Do not hesitate to contact them!<\/p>\n\n\n\n<p class=\"liens has-global-color-8-color has-text-color has-link-color wp-elements-13863ffa807e78b409cb10522d5199d7\">&gt;&gt;<a href=\"https:\/\/www.univ-lorraine.fr\/transition-ecologique\/wp-content\/uploads\/sites\/49\/2025\/12\/reseau-de-correspondants-transition-ecologique-271025.xlsx\">List of ecological transition correspondent<\/a><\/p>\n\n\n\n<p class=\"liens\">Subscribe to our mailing list to receive updates on ecological transition or to share information : <a href=\"&#109;&#x61;i&#108;&#x74;o&#58;&#x64;e&#118;&#x65;l&#111;&#x70;p&#101;&#x6d;e&#110;&#x74;-&#100;&#x75;r&#97;&#x62;l&#101;&#x2d;e&#99;&#x68;a&#x6e;&#x67;e&#x40;&#x75;&#110;&#x69;&#x76;&#45;&#x6c;&#x6f;&#114;&#x72;&#x61;&#105;&#x6e;&#x65;&#46;&#x66;r\">&#x64;&#x65;&#x76;&#x65;&#108;&#111;&#112;&#112;eme&#x6e;&#x74;&#x2d;&#x64;&#x75;&#114;&#97;&#98;le-&#x65;&#x63;&#x68;&#x61;&#x6e;&#103;&#101;&#64;uni&#x76;&#x2d;&#x6c;&#x6f;&#x72;&#114;&#97;&#105;ne&#46;&#x66;&#x72;<\/a><\/p>\n\n\n\n<div style=\"height:18px\" aria-hidden=\"true\" class=\"wp-block-spacer\"><\/div>\n\n\n\n<h2 class=\"gb-headline gb-headline-75462e8a gb-headline-text\" id=\"ancre-partenaires\">Partner&rsquo;s commitment<\/h2>\n\n\n\n<div style=\"height:20px\" aria-hidden=\"true\" class=\"wp-block-spacer\"><\/div>\n\n\n\n<p>Are you a partner <strong>University de Lorraine or a local stakeholder<\/strong>?<\/p>\n\n\n\n<p>The ecological transition community of the University aims to <strong>share information, news, tools, and best practices<\/strong>, and to <strong>promote collaboration<\/strong> between the university and local authorities, businesses, associations, start-ups, competitiveness clusters, networks, and others on <strong>sustainable development topics<\/strong>.<\/p>\n\n\n\n<p class=\"liens\"><strong>&gt;&gt; To register<\/strong>, contact <a href=\"&#109;&#x61;&#x69;&#108;&#x74;&#x6f;:&#x6c;&#x61;u&#114;&#x65;-&#101;&#x6c;i&#115;&#x65;&#46;&#98;&#x72;i&#111;&#x69;&#x73;&#64;&#x75;&#x6e;&#105;&#x76;&#x2d;l&#x6f;&#x72;r&#97;&#x69;n&#101;&#x2e;f&#114;\">&#x6c;&#x61;&#x75;&#114;&#101;-e&#x6c;&#x69;&#x73;&#101;&#46;br&#x69;&#x6f;&#x69;&#115;&#64;un&#x69;&#x76;&#x2d;&#108;&#111;rr&#x61;&#x69;&#x6e;&#101;&#46;fr<\/a>&nbsp;!<\/p>\n","protected":false},"excerpt":{"rendered":"<p>Find all information on this page regarding: Students commitment STUDENT Associations The Ecological Transition Mission can help you to organize after-work events to gather students nd share wishes, problems bounded to ecology. University of Lorraine federates numerous associations committed to ecological transition! You can also reach out to your students campus associations, student&rsquo;s houses (MDE), &#8230; <a title=\"Get involved !\" class=\"read-more\" href=\"https:\/\/www.univ-lorraine.fr\/transition-ecologique\/en\/getting-involved\/\" aria-label=\"En savoir plus sur Get involved !\">Lire plus<\/a><\/p>\n","protected":false},"author":1155,"featured_media":0,"parent":0,"menu_order":0,"comment_status":"closed","ping_status":"closed","template":"","meta":{"inline_featured_image":false,"footnotes":""},"class_list":["post-4154","page","type-page","status-publish"],"yoast_head":"<!-- This site is optimized with the Yoast SEO plugin v27.4 - https:\/\/yoast.com\/product\/yoast-seo-wordpress\/ -->\n<title>Get involved ! - Transition \u00e9cologique<\/title>\n<meta name=\"description\" content=\"The University of Lorraine encourages its various stakeholders to get involved in the ecological transition through projects, associations, and more.\" \/>\n<meta name=\"robots\" content=\"index, follow, max-snippet:-1, max-image-preview:large, max-video-preview:-1\" \/>\n<link rel=\"canonical\" href=\"https:\/\/www.univ-lorraine.fr\/transition-ecologique\/en\/getting-involved\/\" \/>\n<meta property=\"og:locale\" content=\"fr_FR\" \/>\n<meta property=\"og:type\" content=\"article\" \/>\n<meta property=\"og:title\" content=\"Get involved ! - Transition \u00e9cologique\" \/>\n<meta property=\"og:description\" content=\"The University of Lorraine encourages its various stakeholders to get involved in the ecological transition through projects, associations, and more.\" \/>\n<meta property=\"og:url\" content=\"https:\/\/www.univ-lorraine.fr\/transition-ecologique\/en\/getting-involved\/\" \/>\n<meta property=\"og:site_name\" content=\"Transition \u00e9cologique\" \/>\n<meta property=\"article:modified_time\" content=\"2026-02-10T11:21:22+00:00\" \/>\n<meta property=\"og:image\" content=\"https:\/\/www.univ-lorraine.fr\/transition-ecologique\/wp-content\/uploads\/sites\/49\/2025\/02\/brown-simple-linkedin-profile-picture-1-1-150x150.png\" \/>\n<meta name=\"twitter:card\" content=\"summary_large_image\" \/>\n<meta name=\"twitter:label1\" content=\"Dur\u00e9e de lecture estim\u00e9e\" \/>\n\t<meta name=\"twitter:data1\" content=\"2 minutes\" \/>\n<script type=\"application\/ld+json\" class=\"yoast-schema-graph\">{\"@context\":\"https:\\\/\\\/schema.org\",\"@graph\":[{\"@type\":\"WebPage\",\"@id\":\"https:\\\/\\\/www.univ-lorraine.fr\\\/transition-ecologique\\\/en\\\/getting-involved\\\/\",\"url\":\"https:\\\/\\\/www.univ-lorraine.fr\\\/transition-ecologique\\\/en\\\/getting-involved\\\/\",\"name\":\"Get involved ! - Transition \u00e9cologique\",\"isPartOf\":{\"@id\":\"https:\\\/\\\/www.univ-lorraine.fr\\\/transition-ecologique\\\/#website\"},\"primaryImageOfPage\":{\"@id\":\"https:\\\/\\\/www.univ-lorraine.fr\\\/transition-ecologique\\\/en\\\/getting-involved\\\/#primaryimage\"},\"image\":{\"@id\":\"https:\\\/\\\/www.univ-lorraine.fr\\\/transition-ecologique\\\/en\\\/getting-involved\\\/#primaryimage\"},\"thumbnailUrl\":\"https:\\\/\\\/www.univ-lorraine.fr\\\/transition-ecologique\\\/wp-content\\\/uploads\\\/sites\\\/49\\\/2025\\\/02\\\/brown-simple-linkedin-profile-picture-1-1-150x150.png\",\"datePublished\":\"2025-11-03T10:34:44+00:00\",\"dateModified\":\"2026-02-10T11:21:22+00:00\",\"description\":\"The University of Lorraine encourages its various stakeholders to get involved in the ecological transition through projects, associations, and more.\",\"breadcrumb\":{\"@id\":\"https:\\\/\\\/www.univ-lorraine.fr\\\/transition-ecologique\\\/en\\\/getting-involved\\\/#breadcrumb\"},\"inLanguage\":\"fr-FR\",\"potentialAction\":[{\"@type\":\"ReadAction\",\"target\":[\"https:\\\/\\\/www.univ-lorraine.fr\\\/transition-ecologique\\\/en\\\/getting-involved\\\/\"]}]},{\"@type\":\"ImageObject\",\"inLanguage\":\"fr-FR\",\"@id\":\"https:\\\/\\\/www.univ-lorraine.fr\\\/transition-ecologique\\\/en\\\/getting-involved\\\/#primaryimage\",\"url\":\"https:\\\/\\\/www.univ-lorraine.fr\\\/transition-ecologique\\\/wp-content\\\/uploads\\\/sites\\\/49\\\/2025\\\/02\\\/brown-simple-linkedin-profile-picture-1-1.png\",\"contentUrl\":\"https:\\\/\\\/www.univ-lorraine.fr\\\/transition-ecologique\\\/wp-content\\\/uploads\\\/sites\\\/49\\\/2025\\\/02\\\/brown-simple-linkedin-profile-picture-1-1.png\",\"width\":800,\"height\":800},{\"@type\":\"BreadcrumbList\",\"@id\":\"https:\\\/\\\/www.univ-lorraine.fr\\\/transition-ecologique\\\/en\\\/getting-involved\\\/#breadcrumb\",\"itemListElement\":[{\"@type\":\"ListItem\",\"position\":1,\"name\":\"Accueil\",\"item\":\"https:\\\/\\\/www.univ-lorraine.fr\\\/transition-ecologique\\\/\"},{\"@type\":\"ListItem\",\"position\":2,\"name\":\"Get involved !\"}]},{\"@type\":\"WebSite\",\"@id\":\"https:\\\/\\\/www.univ-lorraine.fr\\\/transition-ecologique\\\/#website\",\"url\":\"https:\\\/\\\/www.univ-lorraine.fr\\\/transition-ecologique\\\/\",\"name\":\"Transition \u00e9cologique\",\"description\":\"Faire dialoguer les savoirs, c\u2019est innover\",\"publisher\":{\"@id\":\"https:\\\/\\\/www.univ-lorraine.fr\\\/transition-ecologique\\\/#organization\"},\"potentialAction\":[{\"@type\":\"SearchAction\",\"target\":{\"@type\":\"EntryPoint\",\"urlTemplate\":\"https:\\\/\\\/www.univ-lorraine.fr\\\/transition-ecologique\\\/?s={search_term_string}\"},\"query-input\":{\"@type\":\"PropertyValueSpecification\",\"valueRequired\":true,\"valueName\":\"search_term_string\"}}],\"inLanguage\":\"fr-FR\"},{\"@type\":\"Organization\",\"@id\":\"https:\\\/\\\/www.univ-lorraine.fr\\\/transition-ecologique\\\/#organization\",\"name\":\"Universit\u00e9 de Lorraine\",\"url\":\"https:\\\/\\\/www.univ-lorraine.fr\\\/transition-ecologique\\\/\",\"logo\":{\"@type\":\"ImageObject\",\"inLanguage\":\"fr-FR\",\"@id\":\"https:\\\/\\\/www.univ-lorraine.fr\\\/transition-ecologique\\\/#\\\/schema\\\/logo\\\/image\\\/\",\"url\":\"https:\\\/\\\/www.univ-lorraine.fr\\\/transition-ecologique\\\/wp-content\\\/uploads\\\/sites\\\/49\\\/2021\\\/01\\\/LOGO_UL.png\",\"contentUrl\":\"https:\\\/\\\/www.univ-lorraine.fr\\\/transition-ecologique\\\/wp-content\\\/uploads\\\/sites\\\/49\\\/2021\\\/01\\\/LOGO_UL.png\",\"width\":138,\"height\":48,\"caption\":\"Universit\u00e9 de Lorraine\"},\"image\":{\"@id\":\"https:\\\/\\\/www.univ-lorraine.fr\\\/transition-ecologique\\\/#\\\/schema\\\/logo\\\/image\\\/\"}}]}<\/script>\n<!-- \/ Yoast SEO plugin. -->","yoast_head_json":{"title":"Get involved ! - Transition \u00e9cologique","description":"The University of Lorraine encourages its various stakeholders to get involved in the ecological transition through projects, associations, and more.","robots":{"index":"index","follow":"follow","max-snippet":"max-snippet:-1","max-image-preview":"max-image-preview:large","max-video-preview":"max-video-preview:-1"},"canonical":"https:\/\/www.univ-lorraine.fr\/transition-ecologique\/en\/getting-involved\/","og_locale":"fr_FR","og_type":"article","og_title":"Get involved ! - Transition \u00e9cologique","og_description":"The University of Lorraine encourages its various stakeholders to get involved in the ecological transition through projects, associations, and more.","og_url":"https:\/\/www.univ-lorraine.fr\/transition-ecologique\/en\/getting-involved\/","og_site_name":"Transition \u00e9cologique","article_modified_time":"2026-02-10T11:21:22+00:00","og_image":[{"url":"https:\/\/www.univ-lorraine.fr\/transition-ecologique\/wp-content\/uploads\/sites\/49\/2025\/02\/brown-simple-linkedin-profile-picture-1-1-150x150.png","type":"","width":"","height":""}],"twitter_card":"summary_large_image","twitter_misc":{"Dur\u00e9e de lecture estim\u00e9e":"2 minutes"},"schema":{"@context":"https:\/\/schema.org","@graph":[{"@type":"WebPage","@id":"https:\/\/www.univ-lorraine.fr\/transition-ecologique\/en\/getting-involved\/","url":"https:\/\/www.univ-lorraine.fr\/transition-ecologique\/en\/getting-involved\/","name":"Get involved ! - Transition \u00e9cologique","isPartOf":{"@id":"https:\/\/www.univ-lorraine.fr\/transition-ecologique\/#website"},"primaryImageOfPage":{"@id":"https:\/\/www.univ-lorraine.fr\/transition-ecologique\/en\/getting-involved\/#primaryimage"},"image":{"@id":"https:\/\/www.univ-lorraine.fr\/transition-ecologique\/en\/getting-involved\/#primaryimage"},"thumbnailUrl":"https:\/\/www.univ-lorraine.fr\/transition-ecologique\/wp-content\/uploads\/sites\/49\/2025\/02\/brown-simple-linkedin-profile-picture-1-1-150x150.png","datePublished":"2025-11-03T10:34:44+00:00","dateModified":"2026-02-10T11:21:22+00:00","description":"The University of Lorraine encourages its various stakeholders to get involved in the ecological transition through projects, associations, and more.","breadcrumb":{"@id":"https:\/\/www.univ-lorraine.fr\/transition-ecologique\/en\/getting-involved\/#breadcrumb"},"inLanguage":"fr-FR","potentialAction":[{"@type":"ReadAction","target":["https:\/\/www.univ-lorraine.fr\/transition-ecologique\/en\/getting-involved\/"]}]},{"@type":"ImageObject","inLanguage":"fr-FR","@id":"https:\/\/www.univ-lorraine.fr\/transition-ecologique\/en\/getting-involved\/#primaryimage","url":"https:\/\/www.univ-lorraine.fr\/transition-ecologique\/wp-content\/uploads\/sites\/49\/2025\/02\/brown-simple-linkedin-profile-picture-1-1.png","contentUrl":"https:\/\/www.univ-lorraine.fr\/transition-ecologique\/wp-content\/uploads\/sites\/49\/2025\/02\/brown-simple-linkedin-profile-picture-1-1.png","width":800,"height":800},{"@type":"BreadcrumbList","@id":"https:\/\/www.univ-lorraine.fr\/transition-ecologique\/en\/getting-involved\/#breadcrumb","itemListElement":[{"@type":"ListItem","position":1,"name":"Accueil","item":"https:\/\/www.univ-lorraine.fr\/transition-ecologique\/"},{"@type":"ListItem","position":2,"name":"Get involved !"}]},{"@type":"WebSite","@id":"https:\/\/www.univ-lorraine.fr\/transition-ecologique\/#website","url":"https:\/\/www.univ-lorraine.fr\/transition-ecologique\/","name":"Transition \u00e9cologique","description":"Faire dialoguer les savoirs, c\u2019est innover","publisher":{"@id":"https:\/\/www.univ-lorraine.fr\/transition-ecologique\/#organization"},"potentialAction":[{"@type":"SearchAction","target":{"@type":"EntryPoint","urlTemplate":"https:\/\/www.univ-lorraine.fr\/transition-ecologique\/?s={search_term_string}"},"query-input":{"@type":"PropertyValueSpecification","valueRequired":true,"valueName":"search_term_string"}}],"inLanguage":"fr-FR"},{"@type":"Organization","@id":"https:\/\/www.univ-lorraine.fr\/transition-ecologique\/#organization","name":"Universit\u00e9 de Lorraine","url":"https:\/\/www.univ-lorraine.fr\/transition-ecologique\/","logo":{"@type":"ImageObject","inLanguage":"fr-FR","@id":"https:\/\/www.univ-lorraine.fr\/transition-ecologique\/#\/schema\/logo\/image\/","url":"https:\/\/www.univ-lorraine.fr\/transition-ecologique\/wp-content\/uploads\/sites\/49\/2021\/01\/LOGO_UL.png","contentUrl":"https:\/\/www.univ-lorraine.fr\/transition-ecologique\/wp-content\/uploads\/sites\/49\/2021\/01\/LOGO_UL.png","width":138,"height":48,"caption":"Universit\u00e9 de Lorraine"},"image":{"@id":"https:\/\/www.univ-lorraine.fr\/transition-ecologique\/#\/schema\/logo\/image\/"}}]}},"_links":{"self":[{"href":"https:\/\/www.univ-lorraine.fr\/transition-ecologique\/wp-json\/wp\/v2\/pages\/4154","targetHints":{"allow":["GET"]}}],"collection":[{"href":"https:\/\/www.univ-lorraine.fr\/transition-ecologique\/wp-json\/wp\/v2\/pages"}],"about":[{"href":"https:\/\/www.univ-lorraine.fr\/transition-ecologique\/wp-json\/wp\/v2\/types\/page"}],"author":[{"embeddable":true,"href":"https:\/\/www.univ-lorraine.fr\/transition-ecologique\/wp-json\/wp\/v2\/users\/1155"}],"replies":[{"embeddable":true,"href":"https:\/\/www.univ-lorraine.fr\/transition-ecologique\/wp-json\/wp\/v2\/comments?post=4154"}],"version-history":[{"count":5,"href":"https:\/\/www.univ-lorraine.fr\/transition-ecologique\/wp-json\/wp\/v2\/pages\/4154\/revisions"}],"predecessor-version":[{"id":4376,"href":"https:\/\/www.univ-lorraine.fr\/transition-ecologique\/wp-json\/wp\/v2\/pages\/4154\/revisions\/4376"}],"wp:attachment":[{"href":"https:\/\/www.univ-lorraine.fr\/transition-ecologique\/wp-json\/wp\/v2\/media?parent=4154"}],"curies":[{"name":"wp","href":"https:\/\/api.w.org\/{rel}","templated":true}]}}