{"id":4169,"date":"2025-11-03T14:26:50","date_gmt":"2025-11-03T13:26:50","guid":{"rendered":"https:\/\/www.univ-lorraine.fr\/transition-ecologique\/?page_id=4169"},"modified":"2026-02-10T13:42:20","modified_gmt":"2026-02-10T12:42:20","slug":"biodiversity-preservation","status":"publish","type":"page","link":"https:\/\/www.univ-lorraine.fr\/transition-ecologique\/en\/biodiversity-preservation\/","title":{"rendered":"Biodiversity preservation"},"content":{"rendered":"<div class=\"gb-container gb-container-8cd90d7a\">\n\n<h2 class=\"gb-headline gb-headline-95662290 gb-headline-text\">Biodiversity: definition and key issues<\/h2>\n\n\n\n<p><strong>Biodiversity<\/strong> is quite simply the <strong>living fabric of our planet<\/strong>. It includes all <strong>natural environments<\/strong>, <strong>ecosystems<\/strong>, and <strong>life forms<\/strong> (plants, animals, fungi, and microorganisms) as well as the complex <strong>relationships and interactions<\/strong> (such as symbiosis and cooperation) that connect living organisms to one another and to their environments. It also refers to the <strong>genetic diversity<\/strong> within species, the unique combination of genes that shapes each individual, plant, or animal. This <strong>biological diversity<\/strong> is what gives ecosystems their <strong>resilience<\/strong>, allowing them to adapt and thrive despite environmental changes.<\/p>\n\n\n\n<p>This biodiversity, of which humans are a part, provides us with <strong>ecosystem services that are essential to our societies<\/strong>. It feeds us and supplies us with oxygen, of course, but it also provides us with materials, limits the risks of erosion and flooding, improves air quality, protects us from extreme weather events, and more. The services provided by biodiversity are therefore countless. <a href=\"https:\/\/www.worldbank.org\/en\/news\/immersive-story\/2022\/12\/07\/securing-our-future-through-biodiversity\" target=\"_blank\" rel=\"noreferrer noopener\">According to the World Bank, <strong>more than 50% of GDP depends on natural resources<\/strong><\/a>.<\/p>\n\n\n<div class=\"gb-container gb-container-d4965764\">\n<div class=\"gb-container gb-container-68c673c5\">\n<div class=\"gb-container gb-container-c20fde61\">\n\n<h3 class=\"wp-block-heading\">The five main causes of biodiversity loss<\/h3>\n\n\n<div class=\"gb-grid-wrapper gb-grid-wrapper-7ffb8258\">\n<div class=\"gb-grid-column gb-grid-column-434027ce\"><div class=\"gb-container gb-container-434027ce\">\n\n<p class=\"has-text-align-center has-medium-font-size\">The <strong>destruction of natural environments<\/strong> due to agriculture and urbanisation<\/p>\n\n\n<div class=\"wp-block-image\">\n<figure class=\"aligncenter size-full is-resized\"><img decoding=\"async\" width=\"517\" height=\"322\" src=\"https:\/\/www.univ-lorraine.fr\/transition-ecologique\/wp-content\/uploads\/sites\/49\/2024\/07\/chaunu.jpg\" alt=\"\" class=\"wp-image-3097\" style=\"width:215px\" srcset=\"https:\/\/www.univ-lorraine.fr\/transition-ecologique\/wp-content\/uploads\/sites\/49\/2024\/07\/chaunu.jpg 517w, https:\/\/www.univ-lorraine.fr\/transition-ecologique\/wp-content\/uploads\/sites\/49\/2024\/07\/chaunu-300x187.jpg 300w\" sizes=\"(max-width: 517px) 100vw, 517px\" \/><figcaption class=\"wp-element-caption\"><em>Drawing by Chaunu<br>The city encroaching on natural spaces<\/em><\/figcaption><\/figure>\n<\/div>\n<\/div><\/div>\n\n<div class=\"gb-grid-column gb-grid-column-f9a19320\"><div class=\"gb-container gb-container-f9a19320\">\n\n<p class=\"has-text-align-center has-medium-font-size\">The <strong>overexploitation of resources<\/strong> (fishing, wood, sand, raw materials, etc.)<\/p>\n\n\n\n<figure class=\"gb-block-image gb-block-image-b19d6270\"><img decoding=\"async\" width=\"800\" height=\"535\" class=\"gb-image gb-image-b19d6270\" src=\"https:\/\/www.univ-lorraine.fr\/transition-ecologique\/wp-content\/uploads\/sites\/49\/2024\/07\/h1231i2.jpg\" srcset=\"https:\/\/www.univ-lorraine.fr\/transition-ecologique\/wp-content\/uploads\/sites\/49\/2024\/07\/h1231i2.jpg 800w, https:\/\/www.univ-lorraine.fr\/transition-ecologique\/wp-content\/uploads\/sites\/49\/2024\/07\/h1231i2-300x201.jpg 300w, https:\/\/www.univ-lorraine.fr\/transition-ecologique\/wp-content\/uploads\/sites\/49\/2024\/07\/h1231i2-768x514.jpg 768w\" sizes=\"(max-width: 800px) 100vw, 800px\" \/>\n<figcaption class=\"gb-headline gb-headline-5d53214d gb-headline-text\">S<em>ource : Chilean purse seine [photographie], Ortiz Rojas<\/em> C., 1997, wikimedia, (URL). CCO 1.0.<\/figcaption>\n<\/figure>\n\n<\/div><\/div>\n\n<div class=\"gb-grid-column gb-grid-column-bfba4622\"><div class=\"gb-container gb-container-bfba4622\">\n\n<p class=\"has-text-align-center has-medium-font-size\"><strong>Climate change<\/strong> (+1.5\u00b0C global temperature increase compared to 1880)<\/p>\n\n\n\n<figure class=\"wp-block-image size-full is-resized is-style-default\"><img decoding=\"async\" width=\"299\" height=\"168\" src=\"https:\/\/www.univ-lorraine.fr\/transition-ecologique\/wp-content\/uploads\/sites\/49\/2024\/07\/images.jpg\" alt=\"\" class=\"wp-image-3114\" style=\"object-fit:cover;width:220px;height:134px\"\/><figcaption class=\"wp-element-caption\"><em><em>Temperature changes between 1880 and 2015 (NASA)<\/em><\/em><\/figcaption><\/figure>\n\n<\/div><\/div>\n\n<div class=\"gb-grid-column gb-grid-column-6fdebcbd\"><div class=\"gb-container gb-container-6fdebcbd\">\n\n<p class=\"has-text-align-center has-medium-font-size\"><strong>Pollution <\/strong>of water,<br>air and<br>soil<\/p>\n\n\n\n<div style=\"height:25px\" aria-hidden=\"true\" class=\"wp-block-spacer\"><\/div>\n\n\n<div class=\"wp-block-image\">\n<figure class=\"aligncenter size-full is-resized\"><img decoding=\"async\" width=\"299\" height=\"168\" src=\"https:\/\/www.univ-lorraine.fr\/transition-ecologique\/wp-content\/uploads\/sites\/49\/2024\/07\/images-1.jpg\" alt=\"\" class=\"wp-image-3149\" style=\"object-fit:cover;width:220px;height:134px\"\/><figcaption class=\"wp-element-caption\"><em>Waste on a beach in Marseille<br><\/em><br><\/figcaption><\/figure>\n<\/div>\n<\/div><\/div>\n\n<div class=\"gb-grid-column gb-grid-column-0128db64\"><div class=\"gb-container gb-container-0128db64\">\n\n<p class=\"has-text-align-center has-medium-font-size\"><strong>Invasive <\/strong>species<\/p>\n\n\n\n<div style=\"height:49px\" aria-hidden=\"true\" class=\"wp-block-spacer\"><\/div>\n\n\n\n<figure class=\"gb-block-image gb-block-image-b724ff65\"><img decoding=\"async\" width=\"856\" height=\"570\" class=\"gb-image gb-image-b724ff65\" src=\"https:\/\/www.univ-lorraine.fr\/transition-ecologique\/wp-content\/uploads\/sites\/49\/2024\/07\/especes-animales-exogenes-invasives-europe.jpg\" srcset=\"https:\/\/www.univ-lorraine.fr\/transition-ecologique\/wp-content\/uploads\/sites\/49\/2024\/07\/especes-animales-exogenes-invasives-europe.jpg 856w, https:\/\/www.univ-lorraine.fr\/transition-ecologique\/wp-content\/uploads\/sites\/49\/2024\/07\/especes-animales-exogenes-invasives-europe-300x200.jpg 300w, https:\/\/www.univ-lorraine.fr\/transition-ecologique\/wp-content\/uploads\/sites\/49\/2024\/07\/especes-animales-exogenes-invasives-europe-768x511.jpg 768w\" sizes=\"(max-width: 856px) 100vw, 856px\" \/>\n<figcaption class=\"gb-headline gb-headline-96c3f2ce gb-headline-text\"><em>Examples of invasive species (Asian hornet, muskrat, grey squirrel, etc.)<\/em><\/figcaption>\n<\/figure>\n\n<\/div><\/div>\n\n<div class=\"gb-grid-column gb-grid-column-ad8cfb83\"><div class=\"gb-container gb-container-ad8cfb83\">\n\n<div style=\"height:100px\" aria-hidden=\"true\" class=\"wp-block-spacer\"><\/div>\n\n<\/div><\/div>\n<\/div>\n<\/div>\n<\/div>\n<\/div>\n\n<div class=\"gb-container gb-container-37b803bc\">\n<div class=\"gb-container gb-container-ae8c753e\">\n\n<div style=\"height:6px\" aria-hidden=\"true\" class=\"wp-block-spacer\"><\/div>\n\n\n\n<p>These five causes are interrelated. A systemic solution must therefore be <strong>considered<\/strong>!<\/p>\n\n\n\n<p><strong>Biodiversity fact<\/strong>: France is the sixth country hosting the largest number of known threatened species according to the IUCN Red List (INPN, 2018).<\/p>\n\n<\/div>\n<\/div>\n\n\n<div style=\"height:26px\" aria-hidden=\"true\" class=\"wp-block-spacer\"><\/div>\n\n<\/div>\n\n\n<h2 class=\"gb-headline gb-headline-54dd31cf gb-headline-text\">The University of Lorraine is committed to preserving biodiversity.<\/h2>\n\n\n\n<div style=\"height:17px\" aria-hidden=\"true\" class=\"wp-block-spacer\"><\/div>\n\n\n\n<p>With its numerous campuses and extensive land holdings, Universit\u00e9 de Lorraine possesses a<strong> rich natural heritage<\/strong>. It includes numerous green spaces and forests. As a key player in the Lorraine region, we must strive to set an example in the way we manage our outdoor spaces on our campuses and in the messages we send to our stakeholders.<\/p>\n\n\n\n<p>Universit\u00e9 de Lorraine&rsquo;s initial aim is to gain a <strong>better understanding of the rich biodiversity <\/strong>that surrounds us so that we can better protect it and raise awareness of it among our entire university community. Work is therefore underway to identify the species present on key sites. Once this phase is complete, we will adopt appropriate management practices to enrich biodiversity on campus while raising awareness among the university community.<\/p>\n\n\n\n<p>However, initiatives have already been undertaken, such as differentiated management of spaces, for example at the <strong>Brabois Sant\u00e9 site<\/strong>.<\/p>\n\n\n\n<div style=\"height:16px\" aria-hidden=\"true\" class=\"wp-block-spacer\"><\/div>\n\n\n<div class=\"gb-grid-wrapper gb-grid-wrapper-21393fed\">\n<div class=\"gb-grid-column gb-grid-column-e1cfdef0\"><div class=\"gb-container gb-container-e1cfdef0\">\n\n<figure class=\"wp-block-image size-full is-style-default\"><img decoding=\"async\" width=\"586\" height=\"780\" src=\"https:\/\/www.univ-lorraine.fr\/transition-ecologique\/wp-content\/uploads\/sites\/49\/2024\/11\/d44c399c-aab6-4e77-8989-e697bc9e188e-1.jpeg\" alt=\"\" class=\"wp-image-3539\" srcset=\"https:\/\/www.univ-lorraine.fr\/transition-ecologique\/wp-content\/uploads\/sites\/49\/2024\/11\/d44c399c-aab6-4e77-8989-e697bc9e188e-1.jpeg 586w, https:\/\/www.univ-lorraine.fr\/transition-ecologique\/wp-content\/uploads\/sites\/49\/2024\/11\/d44c399c-aab6-4e77-8989-e697bc9e188e-1-225x300.jpeg 225w\" sizes=\"(max-width: 586px) 100vw, 586px\" \/><\/figure>\n\n<\/div><\/div>\n\n<div class=\"gb-grid-column gb-grid-column-d13a4b2f\"><div class=\"gb-container gb-container-d13a4b2f\">\n\n<figure class=\"wp-block-image size-full is-style-default\"><img decoding=\"async\" width=\"586\" height=\"780\" src=\"https:\/\/www.univ-lorraine.fr\/transition-ecologique\/wp-content\/uploads\/sites\/49\/2024\/11\/de0a194a-99c2-4c59-84a5-2a8988d1bd86-1.jpeg\" alt=\"Photographie de gestion diff\u00e9renci\u00e9e des espaces verts (Sur le site de Brabois sant\u00e9) \" class=\"wp-image-3541\" srcset=\"https:\/\/www.univ-lorraine.fr\/transition-ecologique\/wp-content\/uploads\/sites\/49\/2024\/11\/de0a194a-99c2-4c59-84a5-2a8988d1bd86-1.jpeg 586w, https:\/\/www.univ-lorraine.fr\/transition-ecologique\/wp-content\/uploads\/sites\/49\/2024\/11\/de0a194a-99c2-4c59-84a5-2a8988d1bd86-1-225x300.jpeg 225w\" sizes=\"(max-width: 586px) 100vw, 586px\" \/><\/figure>\n\n<\/div><\/div>\n\n<div class=\"gb-grid-column gb-grid-column-23c5cc70\"><div class=\"gb-container gb-container-23c5cc70\">\n\n<figure class=\"wp-block-image size-full is-style-default\"><img decoding=\"async\" width=\"586\" height=\"780\" src=\"https:\/\/www.univ-lorraine.fr\/transition-ecologique\/wp-content\/uploads\/sites\/49\/2024\/11\/a1944922-bc62-4ba0-a679-49cbe7f32e09-1.jpeg\" alt=\"\" class=\"wp-image-3542\" srcset=\"https:\/\/www.univ-lorraine.fr\/transition-ecologique\/wp-content\/uploads\/sites\/49\/2024\/11\/a1944922-bc62-4ba0-a679-49cbe7f32e09-1.jpeg 586w, https:\/\/www.univ-lorraine.fr\/transition-ecologique\/wp-content\/uploads\/sites\/49\/2024\/11\/a1944922-bc62-4ba0-a679-49cbe7f32e09-1-225x300.jpeg 225w\" sizes=\"(max-width: 586px) 100vw, 586px\" \/><\/figure>\n\n<\/div><\/div>\n<\/div>\n\n\n<p><\/p>\n","protected":false},"excerpt":{"rendered":"<p>Biodiversity: definition and key issues Biodiversity is quite simply the living fabric of our planet. It includes all natural environments, ecosystems, and life forms (plants, animals, fungi, and microorganisms) as well as the complex relationships and interactions (such as symbiosis and cooperation) that connect living organisms to one another and to their environments. It also &#8230; <a title=\"Biodiversity preservation\" class=\"read-more\" href=\"https:\/\/www.univ-lorraine.fr\/transition-ecologique\/en\/biodiversity-preservation\/\" aria-label=\"En savoir plus sur Biodiversity preservation\">Lire plus<\/a><\/p>\n","protected":false},"author":1155,"featured_media":0,"parent":0,"menu_order":0,"comment_status":"closed","ping_status":"closed","template":"","meta":{"inline_featured_image":false,"footnotes":""},"class_list":["post-4169","page","type-page","status-publish"],"yoast_head":"<!-- This site is optimized with the Yoast SEO plugin v27.4 - https:\/\/yoast.com\/product\/yoast-seo-wordpress\/ -->\n<title>Biodiversity preservation - Transition \u00e9cologique<\/title>\n<meta name=\"description\" content=\"Universit\u00e9 de Lorraine and the ecological transition mission are developing a strategy to preserve biodiversity.\" \/>\n<meta name=\"robots\" content=\"index, follow, max-snippet:-1, max-image-preview:large, max-video-preview:-1\" \/>\n<link rel=\"canonical\" href=\"https:\/\/www.univ-lorraine.fr\/transition-ecologique\/en\/biodiversity-preservation\/\" \/>\n<meta property=\"og:locale\" content=\"fr_FR\" \/>\n<meta property=\"og:type\" content=\"article\" \/>\n<meta property=\"og:title\" content=\"Biodiversity preservation - Transition \u00e9cologique\" \/>\n<meta property=\"og:description\" content=\"Universit\u00e9 de Lorraine and the ecological transition mission are developing a strategy to preserve biodiversity.\" \/>\n<meta property=\"og:url\" content=\"https:\/\/www.univ-lorraine.fr\/transition-ecologique\/en\/biodiversity-preservation\/\" \/>\n<meta property=\"og:site_name\" content=\"Transition \u00e9cologique\" \/>\n<meta property=\"article:modified_time\" content=\"2026-02-10T12:42:20+00:00\" \/>\n<meta property=\"og:image\" content=\"https:\/\/www.univ-lorraine.fr\/transition-ecologique\/wp-content\/uploads\/sites\/49\/2024\/07\/chaunu.jpg\" \/>\n\t<meta property=\"og:image:width\" content=\"517\" \/>\n\t<meta property=\"og:image:height\" content=\"322\" \/>\n\t<meta property=\"og:image:type\" content=\"image\/jpeg\" \/>\n<meta name=\"twitter:card\" content=\"summary_large_image\" \/>\n<meta name=\"twitter:label1\" content=\"Dur\u00e9e de lecture estim\u00e9e\" \/>\n\t<meta name=\"twitter:data1\" content=\"2 minutes\" \/>\n<script type=\"application\/ld+json\" class=\"yoast-schema-graph\">{\"@context\":\"https:\\\/\\\/schema.org\",\"@graph\":[{\"@type\":\"WebPage\",\"@id\":\"https:\\\/\\\/www.univ-lorraine.fr\\\/transition-ecologique\\\/en\\\/biodiversity-preservation\\\/\",\"url\":\"https:\\\/\\\/www.univ-lorraine.fr\\\/transition-ecologique\\\/en\\\/biodiversity-preservation\\\/\",\"name\":\"Biodiversity preservation - Transition \u00e9cologique\",\"isPartOf\":{\"@id\":\"https:\\\/\\\/www.univ-lorraine.fr\\\/transition-ecologique\\\/#website\"},\"primaryImageOfPage\":{\"@id\":\"https:\\\/\\\/www.univ-lorraine.fr\\\/transition-ecologique\\\/en\\\/biodiversity-preservation\\\/#primaryimage\"},\"image\":{\"@id\":\"https:\\\/\\\/www.univ-lorraine.fr\\\/transition-ecologique\\\/en\\\/biodiversity-preservation\\\/#primaryimage\"},\"thumbnailUrl\":\"https:\\\/\\\/www.univ-lorraine.fr\\\/transition-ecologique\\\/wp-content\\\/uploads\\\/sites\\\/49\\\/2024\\\/07\\\/chaunu.jpg\",\"datePublished\":\"2025-11-03T13:26:50+00:00\",\"dateModified\":\"2026-02-10T12:42:20+00:00\",\"description\":\"Universit\u00e9 de Lorraine and the ecological transition mission are developing a strategy to preserve biodiversity.\",\"breadcrumb\":{\"@id\":\"https:\\\/\\\/www.univ-lorraine.fr\\\/transition-ecologique\\\/en\\\/biodiversity-preservation\\\/#breadcrumb\"},\"inLanguage\":\"fr-FR\",\"potentialAction\":[{\"@type\":\"ReadAction\",\"target\":[\"https:\\\/\\\/www.univ-lorraine.fr\\\/transition-ecologique\\\/en\\\/biodiversity-preservation\\\/\"]}]},{\"@type\":\"ImageObject\",\"inLanguage\":\"fr-FR\",\"@id\":\"https:\\\/\\\/www.univ-lorraine.fr\\\/transition-ecologique\\\/en\\\/biodiversity-preservation\\\/#primaryimage\",\"url\":\"https:\\\/\\\/www.univ-lorraine.fr\\\/transition-ecologique\\\/wp-content\\\/uploads\\\/sites\\\/49\\\/2024\\\/07\\\/chaunu.jpg\",\"contentUrl\":\"https:\\\/\\\/www.univ-lorraine.fr\\\/transition-ecologique\\\/wp-content\\\/uploads\\\/sites\\\/49\\\/2024\\\/07\\\/chaunu.jpg\",\"width\":517,\"height\":322},{\"@type\":\"BreadcrumbList\",\"@id\":\"https:\\\/\\\/www.univ-lorraine.fr\\\/transition-ecologique\\\/en\\\/biodiversity-preservation\\\/#breadcrumb\",\"itemListElement\":[{\"@type\":\"ListItem\",\"position\":1,\"name\":\"Accueil\",\"item\":\"https:\\\/\\\/www.univ-lorraine.fr\\\/transition-ecologique\\\/\"},{\"@type\":\"ListItem\",\"position\":2,\"name\":\"Biodiversity preservation\"}]},{\"@type\":\"WebSite\",\"@id\":\"https:\\\/\\\/www.univ-lorraine.fr\\\/transition-ecologique\\\/#website\",\"url\":\"https:\\\/\\\/www.univ-lorraine.fr\\\/transition-ecologique\\\/\",\"name\":\"Transition \u00e9cologique\",\"description\":\"Faire dialoguer les savoirs, c\u2019est innover\",\"publisher\":{\"@id\":\"https:\\\/\\\/www.univ-lorraine.fr\\\/transition-ecologique\\\/#organization\"},\"potentialAction\":[{\"@type\":\"SearchAction\",\"target\":{\"@type\":\"EntryPoint\",\"urlTemplate\":\"https:\\\/\\\/www.univ-lorraine.fr\\\/transition-ecologique\\\/?s={search_term_string}\"},\"query-input\":{\"@type\":\"PropertyValueSpecification\",\"valueRequired\":true,\"valueName\":\"search_term_string\"}}],\"inLanguage\":\"fr-FR\"},{\"@type\":\"Organization\",\"@id\":\"https:\\\/\\\/www.univ-lorraine.fr\\\/transition-ecologique\\\/#organization\",\"name\":\"Universit\u00e9 de Lorraine\",\"url\":\"https:\\\/\\\/www.univ-lorraine.fr\\\/transition-ecologique\\\/\",\"logo\":{\"@type\":\"ImageObject\",\"inLanguage\":\"fr-FR\",\"@id\":\"https:\\\/\\\/www.univ-lorraine.fr\\\/transition-ecologique\\\/#\\\/schema\\\/logo\\\/image\\\/\",\"url\":\"https:\\\/\\\/www.univ-lorraine.fr\\\/transition-ecologique\\\/wp-content\\\/uploads\\\/sites\\\/49\\\/2021\\\/01\\\/LOGO_UL.png\",\"contentUrl\":\"https:\\\/\\\/www.univ-lorraine.fr\\\/transition-ecologique\\\/wp-content\\\/uploads\\\/sites\\\/49\\\/2021\\\/01\\\/LOGO_UL.png\",\"width\":138,\"height\":48,\"caption\":\"Universit\u00e9 de Lorraine\"},\"image\":{\"@id\":\"https:\\\/\\\/www.univ-lorraine.fr\\\/transition-ecologique\\\/#\\\/schema\\\/logo\\\/image\\\/\"}}]}<\/script>\n<!-- \/ Yoast SEO plugin. -->","yoast_head_json":{"title":"Biodiversity preservation - Transition \u00e9cologique","description":"Universit\u00e9 de Lorraine and the ecological transition mission are developing a strategy to preserve biodiversity.","robots":{"index":"index","follow":"follow","max-snippet":"max-snippet:-1","max-image-preview":"max-image-preview:large","max-video-preview":"max-video-preview:-1"},"canonical":"https:\/\/www.univ-lorraine.fr\/transition-ecologique\/en\/biodiversity-preservation\/","og_locale":"fr_FR","og_type":"article","og_title":"Biodiversity preservation - Transition \u00e9cologique","og_description":"Universit\u00e9 de Lorraine and the ecological transition mission are developing a strategy to preserve biodiversity.","og_url":"https:\/\/www.univ-lorraine.fr\/transition-ecologique\/en\/biodiversity-preservation\/","og_site_name":"Transition \u00e9cologique","article_modified_time":"2026-02-10T12:42:20+00:00","og_image":[{"width":517,"height":322,"url":"https:\/\/www.univ-lorraine.fr\/transition-ecologique\/wp-content\/uploads\/sites\/49\/2024\/07\/chaunu.jpg","type":"image\/jpeg"}],"twitter_card":"summary_large_image","twitter_misc":{"Dur\u00e9e de lecture estim\u00e9e":"2 minutes"},"schema":{"@context":"https:\/\/schema.org","@graph":[{"@type":"WebPage","@id":"https:\/\/www.univ-lorraine.fr\/transition-ecologique\/en\/biodiversity-preservation\/","url":"https:\/\/www.univ-lorraine.fr\/transition-ecologique\/en\/biodiversity-preservation\/","name":"Biodiversity preservation - Transition \u00e9cologique","isPartOf":{"@id":"https:\/\/www.univ-lorraine.fr\/transition-ecologique\/#website"},"primaryImageOfPage":{"@id":"https:\/\/www.univ-lorraine.fr\/transition-ecologique\/en\/biodiversity-preservation\/#primaryimage"},"image":{"@id":"https:\/\/www.univ-lorraine.fr\/transition-ecologique\/en\/biodiversity-preservation\/#primaryimage"},"thumbnailUrl":"https:\/\/www.univ-lorraine.fr\/transition-ecologique\/wp-content\/uploads\/sites\/49\/2024\/07\/chaunu.jpg","datePublished":"2025-11-03T13:26:50+00:00","dateModified":"2026-02-10T12:42:20+00:00","description":"Universit\u00e9 de Lorraine and the ecological transition mission are developing a strategy to preserve biodiversity.","breadcrumb":{"@id":"https:\/\/www.univ-lorraine.fr\/transition-ecologique\/en\/biodiversity-preservation\/#breadcrumb"},"inLanguage":"fr-FR","potentialAction":[{"@type":"ReadAction","target":["https:\/\/www.univ-lorraine.fr\/transition-ecologique\/en\/biodiversity-preservation\/"]}]},{"@type":"ImageObject","inLanguage":"fr-FR","@id":"https:\/\/www.univ-lorraine.fr\/transition-ecologique\/en\/biodiversity-preservation\/#primaryimage","url":"https:\/\/www.univ-lorraine.fr\/transition-ecologique\/wp-content\/uploads\/sites\/49\/2024\/07\/chaunu.jpg","contentUrl":"https:\/\/www.univ-lorraine.fr\/transition-ecologique\/wp-content\/uploads\/sites\/49\/2024\/07\/chaunu.jpg","width":517,"height":322},{"@type":"BreadcrumbList","@id":"https:\/\/www.univ-lorraine.fr\/transition-ecologique\/en\/biodiversity-preservation\/#breadcrumb","itemListElement":[{"@type":"ListItem","position":1,"name":"Accueil","item":"https:\/\/www.univ-lorraine.fr\/transition-ecologique\/"},{"@type":"ListItem","position":2,"name":"Biodiversity preservation"}]},{"@type":"WebSite","@id":"https:\/\/www.univ-lorraine.fr\/transition-ecologique\/#website","url":"https:\/\/www.univ-lorraine.fr\/transition-ecologique\/","name":"Transition \u00e9cologique","description":"Faire dialoguer les savoirs, c\u2019est innover","publisher":{"@id":"https:\/\/www.univ-lorraine.fr\/transition-ecologique\/#organization"},"potentialAction":[{"@type":"SearchAction","target":{"@type":"EntryPoint","urlTemplate":"https:\/\/www.univ-lorraine.fr\/transition-ecologique\/?s={search_term_string}"},"query-input":{"@type":"PropertyValueSpecification","valueRequired":true,"valueName":"search_term_string"}}],"inLanguage":"fr-FR"},{"@type":"Organization","@id":"https:\/\/www.univ-lorraine.fr\/transition-ecologique\/#organization","name":"Universit\u00e9 de Lorraine","url":"https:\/\/www.univ-lorraine.fr\/transition-ecologique\/","logo":{"@type":"ImageObject","inLanguage":"fr-FR","@id":"https:\/\/www.univ-lorraine.fr\/transition-ecologique\/#\/schema\/logo\/image\/","url":"https:\/\/www.univ-lorraine.fr\/transition-ecologique\/wp-content\/uploads\/sites\/49\/2021\/01\/LOGO_UL.png","contentUrl":"https:\/\/www.univ-lorraine.fr\/transition-ecologique\/wp-content\/uploads\/sites\/49\/2021\/01\/LOGO_UL.png","width":138,"height":48,"caption":"Universit\u00e9 de Lorraine"},"image":{"@id":"https:\/\/www.univ-lorraine.fr\/transition-ecologique\/#\/schema\/logo\/image\/"}}]}},"_links":{"self":[{"href":"https:\/\/www.univ-lorraine.fr\/transition-ecologique\/wp-json\/wp\/v2\/pages\/4169","targetHints":{"allow":["GET"]}}],"collection":[{"href":"https:\/\/www.univ-lorraine.fr\/transition-ecologique\/wp-json\/wp\/v2\/pages"}],"about":[{"href":"https:\/\/www.univ-lorraine.fr\/transition-ecologique\/wp-json\/wp\/v2\/types\/page"}],"author":[{"embeddable":true,"href":"https:\/\/www.univ-lorraine.fr\/transition-ecologique\/wp-json\/wp\/v2\/users\/1155"}],"replies":[{"embeddable":true,"href":"https:\/\/www.univ-lorraine.fr\/transition-ecologique\/wp-json\/wp\/v2\/comments?post=4169"}],"version-history":[{"count":4,"href":"https:\/\/www.univ-lorraine.fr\/transition-ecologique\/wp-json\/wp\/v2\/pages\/4169\/revisions"}],"predecessor-version":[{"id":4173,"href":"https:\/\/www.univ-lorraine.fr\/transition-ecologique\/wp-json\/wp\/v2\/pages\/4169\/revisions\/4173"}],"wp:attachment":[{"href":"https:\/\/www.univ-lorraine.fr\/transition-ecologique\/wp-json\/wp\/v2\/media?parent=4169"}],"curies":[{"name":"wp","href":"https:\/\/api.w.org\/{rel}","templated":true}]}}