{"id":4180,"date":"2025-11-03T15:30:00","date_gmt":"2025-11-03T14:30:00","guid":{"rendered":"https:\/\/www.univ-lorraine.fr\/transition-ecologique\/?page_id=4180"},"modified":"2026-02-10T13:36:13","modified_gmt":"2026-02-10T12:36:13","slug":"green-mobility","status":"publish","type":"page","link":"https:\/\/www.univ-lorraine.fr\/transition-ecologique\/en\/green-mobility\/","title":{"rendered":"Green mobility"},"content":{"rendered":"<div class=\"gb-container gb-container-ae3b401f\">\n<div class=\"gb-container gb-container-decfa0af\">\n\n<h2 class=\"gb-headline gb-headline-521238f1 gb-headline-text\"><strong>The impact of our mobility<\/strong><\/h2>\n\n\n\n<p>In 2019, transport accounted for more than <strong>31% of greenhouse gas (GHG) emissions in France<\/strong>. It is also the main consumer of fossil fuels, accounting for more than <strong>91% of national consumption<\/strong>. The sector is a major public health issue, responsible for most air pollution (NOx, fine particles) and noise pollution. In addition, transport infrastructure often encroaches on natural environments and agricultural land, threatening biodiversity and food resilience.<\/p>\n\n\n\n<p>We all have an interest in reducing <strong>our carbon footprint<\/strong>, especially since regulatory targets require us to do so. Universit\u00e9 de Lorraine must reduce its fuel consumption by <strong>10% by 2027<\/strong> (compared to 2022) and reduce air travel <strong>by 30%<\/strong> (compared to 2019).<\/p>\n\n\n\n<p>At the university level, <strong>sustainable mobility <\/strong>is a key issue. Commuting between home and campus accounts for nearly half of the GHG footprint, while business travel by the 7,000 staff members accounts for <strong>approximately 10% <\/strong>of the carbon footprint of purchases, largely due to air and car travel.<\/p>\n\n\n\n<p>The<strong> 2021-2022 mobility survey<\/strong> highlighted varying practices depending on location. For example, <strong>60% of students <\/strong>at the Nancy Arts and Humanities Campus walk to university, compared to only 9% at the Metz Technop\u00f4le. These differences can be explained by location and accommodation options. Universit\u00e9 de Lorraine is therefore <strong>adapting its soft mobility initiatives to local specificities, in collaboration with campus stakeholders<\/strong>.<\/p>\n\n<\/div>\n<\/div>\n\n\n<h2 class=\"gb-headline gb-headline-4e2d3fc9 gb-headline-text\"><strong>Geographical mobility of the academic community<\/strong><\/h2>\n\n\n\n<div style=\"height:10px\" aria-hidden=\"true\" class=\"wp-block-spacer\"><\/div>\n\n\n\n<h3 class=\"gb-headline gb-headline-2ec102db gb-headline-text\">Breakdown of carbon emissions related to travel<\/h3>\n\n\n\n<div style=\"height:3px\" aria-hidden=\"true\" class=\"wp-block-spacer\"><\/div>\n\n\n\n<p>Total CO2 emissions linked to daily commutes between home and campus amount to over 40,000 tonnes per year. It is worth noting that 85% of these <strong>40,000 tonnes are linked to car travel<\/strong> (excluding car-sharing)!<\/p>\n\n\n<div class=\"gb-container gb-container-19bc650a\">\n\n<div style=\"height:3px\" aria-hidden=\"true\" class=\"wp-block-spacer\"><\/div>\n\n<\/div>\n\n\n<h3 class=\"gb-headline gb-headline-cbf532ce gb-headline-text\">Podium of transport modes<\/h3>\n\n\n\n<div style=\"height:3px\" aria-hidden=\"true\" class=\"wp-block-spacer\"><\/div>\n\n\n\n<p><strong>Car use remains the most popula<\/strong>r form of transport compared to other modes. However, we note that <strong>active modes <\/strong>(cycling, walking, scooters, etc.) still account for a significant share!<\/p>\n\n\n\n<div style=\"height:30px\" aria-hidden=\"true\" class=\"wp-block-spacer\"><\/div>\n\n\n\n<h2 class=\"gb-headline gb-headline-51fefe65 gb-headline-text\"><strong>Universit\u00e9 de Lorraine is committed to promoting green mobility<\/strong><\/h2>\n\n\n\n<p>As we pointed out above, mobility accounts for a <strong>significant proportion of greenhouse gas (GHG) emissions<\/strong>. As part of its ecological transition policy, Universit\u00e9 de Lorraine has a role to play in supporting changes in practices by encouraging sustainable mobility, particularly active modes of transport such as walking and cycling.<\/p>\n\n\n\n<p>To structure its mobility policy, a mobility project manager was recruited in early 2024. Her role is to support the university community, including both students and staff. You can contact her : <a>&#101;&#x6c;&#101;&#x6f;&#110;&#x6f;&#114;&#x65;&#46;&#x73;&#111;&#x75;&#108;&#x69;&#101;&#x40;&#117;&#x6e;&#105;&#x76;&#45;&#x6c;&#111;&#x72;&#114;&#x61;&#105;&#x6e;&#101;&#x2e;&#102;&#x72;<\/a>.<\/p>\n\n\n\n<p>In addition, in order to obtain more accurate data on travel and to better guide future <strong>sustainable mobility actions<\/strong>, a new mobility survey was conducted in early 2025 by the university.<\/p>\n","protected":false},"excerpt":{"rendered":"<p>The impact of our mobility In 2019, transport accounted for more than 31% of greenhouse gas (GHG) emissions in France. It is also the main consumer of fossil fuels, accounting for more than 91% of national consumption. The sector is a major public health issue, responsible for most air pollution (NOx, fine particles) and noise &#8230; <a title=\"Green mobility\" class=\"read-more\" href=\"https:\/\/www.univ-lorraine.fr\/transition-ecologique\/en\/green-mobility\/\" aria-label=\"En savoir plus sur Green mobility\">Lire plus<\/a><\/p>\n","protected":false},"author":1155,"featured_media":0,"parent":0,"menu_order":0,"comment_status":"closed","ping_status":"closed","template":"","meta":{"inline_featured_image":false,"footnotes":""},"class_list":["post-4180","page","type-page","status-publish"],"yoast_head":"<!-- This site is optimized with the Yoast SEO plugin v27.4 - https:\/\/yoast.com\/product\/yoast-seo-wordpress\/ -->\n<title>Green mobility - Transition \u00e9cologique<\/title>\n<meta name=\"description\" content=\"Universit\u00e9 de Lorraine and the ecological transition mission are committed to promoting green mobility.\" \/>\n<meta name=\"robots\" content=\"index, follow, max-snippet:-1, max-image-preview:large, max-video-preview:-1\" \/>\n<link rel=\"canonical\" href=\"https:\/\/www.univ-lorraine.fr\/transition-ecologique\/en\/green-mobility\/\" \/>\n<meta property=\"og:locale\" content=\"fr_FR\" \/>\n<meta property=\"og:type\" content=\"article\" \/>\n<meta property=\"og:title\" content=\"Green mobility - Transition \u00e9cologique\" \/>\n<meta property=\"og:description\" content=\"Universit\u00e9 de Lorraine and the ecological transition mission are committed to promoting green mobility.\" \/>\n<meta property=\"og:url\" content=\"https:\/\/www.univ-lorraine.fr\/transition-ecologique\/en\/green-mobility\/\" \/>\n<meta property=\"og:site_name\" content=\"Transition \u00e9cologique\" \/>\n<meta property=\"article:modified_time\" content=\"2026-02-10T12:36:13+00:00\" \/>\n<meta name=\"twitter:card\" content=\"summary_large_image\" \/>\n<meta name=\"twitter:label1\" content=\"Dur\u00e9e de lecture estim\u00e9e\" \/>\n\t<meta name=\"twitter:data1\" content=\"2 minutes\" \/>\n<script type=\"application\/ld+json\" class=\"yoast-schema-graph\">{\"@context\":\"https:\\\/\\\/schema.org\",\"@graph\":[{\"@type\":\"WebPage\",\"@id\":\"https:\\\/\\\/www.univ-lorraine.fr\\\/transition-ecologique\\\/en\\\/green-mobility\\\/\",\"url\":\"https:\\\/\\\/www.univ-lorraine.fr\\\/transition-ecologique\\\/en\\\/green-mobility\\\/\",\"name\":\"Green mobility - Transition \u00e9cologique\",\"isPartOf\":{\"@id\":\"https:\\\/\\\/www.univ-lorraine.fr\\\/transition-ecologique\\\/#website\"},\"datePublished\":\"2025-11-03T14:30:00+00:00\",\"dateModified\":\"2026-02-10T12:36:13+00:00\",\"description\":\"Universit\u00e9 de Lorraine and the ecological transition mission are committed to promoting green mobility.\",\"breadcrumb\":{\"@id\":\"https:\\\/\\\/www.univ-lorraine.fr\\\/transition-ecologique\\\/en\\\/green-mobility\\\/#breadcrumb\"},\"inLanguage\":\"fr-FR\",\"potentialAction\":[{\"@type\":\"ReadAction\",\"target\":[\"https:\\\/\\\/www.univ-lorraine.fr\\\/transition-ecologique\\\/en\\\/green-mobility\\\/\"]}]},{\"@type\":\"BreadcrumbList\",\"@id\":\"https:\\\/\\\/www.univ-lorraine.fr\\\/transition-ecologique\\\/en\\\/green-mobility\\\/#breadcrumb\",\"itemListElement\":[{\"@type\":\"ListItem\",\"position\":1,\"name\":\"Accueil\",\"item\":\"https:\\\/\\\/www.univ-lorraine.fr\\\/transition-ecologique\\\/\"},{\"@type\":\"ListItem\",\"position\":2,\"name\":\"Green mobility\"}]},{\"@type\":\"WebSite\",\"@id\":\"https:\\\/\\\/www.univ-lorraine.fr\\\/transition-ecologique\\\/#website\",\"url\":\"https:\\\/\\\/www.univ-lorraine.fr\\\/transition-ecologique\\\/\",\"name\":\"Transition \u00e9cologique\",\"description\":\"Faire dialoguer les savoirs, c\u2019est innover\",\"publisher\":{\"@id\":\"https:\\\/\\\/www.univ-lorraine.fr\\\/transition-ecologique\\\/#organization\"},\"potentialAction\":[{\"@type\":\"SearchAction\",\"target\":{\"@type\":\"EntryPoint\",\"urlTemplate\":\"https:\\\/\\\/www.univ-lorraine.fr\\\/transition-ecologique\\\/?s={search_term_string}\"},\"query-input\":{\"@type\":\"PropertyValueSpecification\",\"valueRequired\":true,\"valueName\":\"search_term_string\"}}],\"inLanguage\":\"fr-FR\"},{\"@type\":\"Organization\",\"@id\":\"https:\\\/\\\/www.univ-lorraine.fr\\\/transition-ecologique\\\/#organization\",\"name\":\"Universit\u00e9 de Lorraine\",\"url\":\"https:\\\/\\\/www.univ-lorraine.fr\\\/transition-ecologique\\\/\",\"logo\":{\"@type\":\"ImageObject\",\"inLanguage\":\"fr-FR\",\"@id\":\"https:\\\/\\\/www.univ-lorraine.fr\\\/transition-ecologique\\\/#\\\/schema\\\/logo\\\/image\\\/\",\"url\":\"https:\\\/\\\/www.univ-lorraine.fr\\\/transition-ecologique\\\/wp-content\\\/uploads\\\/sites\\\/49\\\/2021\\\/01\\\/LOGO_UL.png\",\"contentUrl\":\"https:\\\/\\\/www.univ-lorraine.fr\\\/transition-ecologique\\\/wp-content\\\/uploads\\\/sites\\\/49\\\/2021\\\/01\\\/LOGO_UL.png\",\"width\":138,\"height\":48,\"caption\":\"Universit\u00e9 de Lorraine\"},\"image\":{\"@id\":\"https:\\\/\\\/www.univ-lorraine.fr\\\/transition-ecologique\\\/#\\\/schema\\\/logo\\\/image\\\/\"}}]}<\/script>\n<!-- \/ Yoast SEO plugin. -->","yoast_head_json":{"title":"Green mobility - Transition \u00e9cologique","description":"Universit\u00e9 de Lorraine and the ecological transition mission are committed to promoting green mobility.","robots":{"index":"index","follow":"follow","max-snippet":"max-snippet:-1","max-image-preview":"max-image-preview:large","max-video-preview":"max-video-preview:-1"},"canonical":"https:\/\/www.univ-lorraine.fr\/transition-ecologique\/en\/green-mobility\/","og_locale":"fr_FR","og_type":"article","og_title":"Green mobility - Transition \u00e9cologique","og_description":"Universit\u00e9 de Lorraine and the ecological transition mission are committed to promoting green mobility.","og_url":"https:\/\/www.univ-lorraine.fr\/transition-ecologique\/en\/green-mobility\/","og_site_name":"Transition \u00e9cologique","article_modified_time":"2026-02-10T12:36:13+00:00","twitter_card":"summary_large_image","twitter_misc":{"Dur\u00e9e de lecture estim\u00e9e":"2 minutes"},"schema":{"@context":"https:\/\/schema.org","@graph":[{"@type":"WebPage","@id":"https:\/\/www.univ-lorraine.fr\/transition-ecologique\/en\/green-mobility\/","url":"https:\/\/www.univ-lorraine.fr\/transition-ecologique\/en\/green-mobility\/","name":"Green mobility - Transition \u00e9cologique","isPartOf":{"@id":"https:\/\/www.univ-lorraine.fr\/transition-ecologique\/#website"},"datePublished":"2025-11-03T14:30:00+00:00","dateModified":"2026-02-10T12:36:13+00:00","description":"Universit\u00e9 de Lorraine and the ecological transition mission are committed to promoting green mobility.","breadcrumb":{"@id":"https:\/\/www.univ-lorraine.fr\/transition-ecologique\/en\/green-mobility\/#breadcrumb"},"inLanguage":"fr-FR","potentialAction":[{"@type":"ReadAction","target":["https:\/\/www.univ-lorraine.fr\/transition-ecologique\/en\/green-mobility\/"]}]},{"@type":"BreadcrumbList","@id":"https:\/\/www.univ-lorraine.fr\/transition-ecologique\/en\/green-mobility\/#breadcrumb","itemListElement":[{"@type":"ListItem","position":1,"name":"Accueil","item":"https:\/\/www.univ-lorraine.fr\/transition-ecologique\/"},{"@type":"ListItem","position":2,"name":"Green mobility"}]},{"@type":"WebSite","@id":"https:\/\/www.univ-lorraine.fr\/transition-ecologique\/#website","url":"https:\/\/www.univ-lorraine.fr\/transition-ecologique\/","name":"Transition \u00e9cologique","description":"Faire dialoguer les savoirs, c\u2019est innover","publisher":{"@id":"https:\/\/www.univ-lorraine.fr\/transition-ecologique\/#organization"},"potentialAction":[{"@type":"SearchAction","target":{"@type":"EntryPoint","urlTemplate":"https:\/\/www.univ-lorraine.fr\/transition-ecologique\/?s={search_term_string}"},"query-input":{"@type":"PropertyValueSpecification","valueRequired":true,"valueName":"search_term_string"}}],"inLanguage":"fr-FR"},{"@type":"Organization","@id":"https:\/\/www.univ-lorraine.fr\/transition-ecologique\/#organization","name":"Universit\u00e9 de Lorraine","url":"https:\/\/www.univ-lorraine.fr\/transition-ecologique\/","logo":{"@type":"ImageObject","inLanguage":"fr-FR","@id":"https:\/\/www.univ-lorraine.fr\/transition-ecologique\/#\/schema\/logo\/image\/","url":"https:\/\/www.univ-lorraine.fr\/transition-ecologique\/wp-content\/uploads\/sites\/49\/2021\/01\/LOGO_UL.png","contentUrl":"https:\/\/www.univ-lorraine.fr\/transition-ecologique\/wp-content\/uploads\/sites\/49\/2021\/01\/LOGO_UL.png","width":138,"height":48,"caption":"Universit\u00e9 de Lorraine"},"image":{"@id":"https:\/\/www.univ-lorraine.fr\/transition-ecologique\/#\/schema\/logo\/image\/"}}]}},"_links":{"self":[{"href":"https:\/\/www.univ-lorraine.fr\/transition-ecologique\/wp-json\/wp\/v2\/pages\/4180","targetHints":{"allow":["GET"]}}],"collection":[{"href":"https:\/\/www.univ-lorraine.fr\/transition-ecologique\/wp-json\/wp\/v2\/pages"}],"about":[{"href":"https:\/\/www.univ-lorraine.fr\/transition-ecologique\/wp-json\/wp\/v2\/types\/page"}],"author":[{"embeddable":true,"href":"https:\/\/www.univ-lorraine.fr\/transition-ecologique\/wp-json\/wp\/v2\/users\/1155"}],"replies":[{"embeddable":true,"href":"https:\/\/www.univ-lorraine.fr\/transition-ecologique\/wp-json\/wp\/v2\/comments?post=4180"}],"version-history":[{"count":3,"href":"https:\/\/www.univ-lorraine.fr\/transition-ecologique\/wp-json\/wp\/v2\/pages\/4180\/revisions"}],"predecessor-version":[{"id":4364,"href":"https:\/\/www.univ-lorraine.fr\/transition-ecologique\/wp-json\/wp\/v2\/pages\/4180\/revisions\/4364"}],"wp:attachment":[{"href":"https:\/\/www.univ-lorraine.fr\/transition-ecologique\/wp-json\/wp\/v2\/media?parent=4180"}],"curies":[{"name":"wp","href":"https:\/\/api.w.org\/{rel}","templated":true}]}}