{"id":194,"date":"2021-03-22T21:06:30","date_gmt":"2021-03-22T20:06:30","guid":{"rendered":"https:\/\/www.univ-lorraine.fr\/travailler-a-l-ul\/?page_id=194"},"modified":"2025-10-27T11:02:26","modified_gmt":"2025-10-27T10:02:26","slug":"recrutement-des-doctorants","status":"publish","type":"page","link":"https:\/\/www.univ-lorraine.fr\/travailler-a-l-ul\/recrutement-des-doctorants\/","title":{"rendered":"Service d&rsquo;enseignement destin\u00e9 aux doctorants titulaires d&rsquo;un contrat doctoral"},"content":{"rendered":"<div class=\"gb-container gb-container-1b469da9\"><div class=\"gb-inside-container\">\n\n<p>Les doctorants titulaires d\u2019un contrat doctoral au sens de l\u2019arr\u00eat\u00e9 du 23\/04\/2009 peuvent pr\u00e9tendre \u00e0 exercer un service d\u2019enseignement dans un cadre tr\u00e8s pr\u00e9cis. <\/p>\n\n\n\n<p>L\u2019ensemble des doctorants titulaires d\u2019un contrat doctoral, que ce contrat soit sign\u00e9 avec l\u2019Universit\u00e9 de Lorraine, un EPST (CNRS, INRIA\u2026) ou une autre universit\u00e9, peuvent faire acte de candidature sur un des services d\u2019enseignement ouverts par l\u2019Universit\u00e9 de Lorraine.<\/p>\n\n\n\n<p>Les services d\u2019enseignement sont toujours propos\u00e9s par les composantes de formations.<\/p>\n\n<\/div><\/div>\n\n<div class=\"gb-container gb-container-da3b59ac\"><div class=\"gb-inside-container\">\n\n<h2 class=\"gb-headline gb-headline-7ab25a2a gb-headline-text\">Le contrat doctoral<\/h2>\n\n\n\n<p>Le texte r\u00e9glementaire de r\u00e9f\u00e9rence est le D\u00e9cret n\u00b02009-464 du 23 avril 2009 version consolid\u00e9e sur la base du d\u00e9cret modificatif n\u00b0 2016-1173 du 29 ao\u00fbt 2016. Le contrat doctoral est un CDD tr\u00e8s sp\u00e9cifique qui s\u2019adresse uniquement aux doctorants et leur garantit un salaire pendant 36 mois.<\/p>\n\n\n\n<p>Le contrat doctoral est<strong> un contrat de chercheur<\/strong>. Il permet cependant au doctorant contractuel d\u2019effectuer des<strong> activit\u00e9s compl\u00e9mentaires<\/strong>, r\u00e9mun\u00e9r\u00e9es, dans un cadre tr\u00e8s pr\u00e9cis. Le temps consacr\u00e9 \u00e0 ces activit\u00e9s ne doit en aucun cas d\u00e9passer 1\/6eme du temps de service d\u2019un enseignant-chercheur : dans le cas des activit\u00e9s d\u2019enseignement, les plus fr\u00e9quentes, le maximum est de 64 heures \u00e9quivalent TD.<\/p>\n\n\n\n<p>Exercer des activit\u00e9s compl\u00e9mentaires est un droit mais l\u2019universit\u00e9 n\u2019est pas tenue d\u2019en accorder. Par ailleurs l\u2019encadrement du doctorant peut s\u2019opposer \u00e0 l\u2019exercice d\u2019une activit\u00e9 compl\u00e9mentaire d\u00e8s lors qu\u2019il estime que le doctorant doit se consacrer exclusivement \u00e0 sa recherche. Le d\u00e9cret du 25 mai 2016 qui organise les \u00e9tudes doctorales enjoint que les doctorants qui effectuent des enseignements suivent des <a href=\"https:\/\/www.adum.fr\/script\/catalogue.pl?site=lorraine&amp;cat=PAESLORAI\" target=\"_blank\" rel=\"noreferrer noopener\">formations \u00e0 la p\u00e9dagogie<\/a>.<\/p>\n\n<\/div><\/div>\n\n<div class=\"gb-container gb-container-d5f53785\"><div class=\"gb-inside-container\">\n\n<h2 class=\"gb-headline gb-headline-19c67f64 gb-headline-text\">Missions et vacations<\/h2>\n\n\n\n<p>Les doctorants contractuels peuvent voir leurs activit\u00e9s compl\u00e9mentaires \u00eatre prises en charge soit sous le r\u00e9gime de la mission, soit sous celui de la vacation.<\/p>\n\n\n\n<p>La mission d\u2019enseignement est int\u00e9gr\u00e9e au contrat du doctorant : elle fait l\u2019objet d\u2019un avenant au contrat, pour une dur\u00e9e de 12 mois et la r\u00e9mun\u00e9ration est mensualis\u00e9e, int\u00e9gr\u00e9e au salaire de base. La mission est g\u00e9r\u00e9e par la direction des ressources humaines, comme le contrat.<\/p>\n\n\n\n<p>La vacation implique un arr\u00eat\u00e9 de cumul, elle est g\u00e9r\u00e9e par la composante de formation et pay\u00e9e apr\u00e8s service fait. Les doctorants contractuels peuvent effectuer des missions ou des vacations. Quel que soit le r\u00e9gime sous lequel sont effectu\u00e9s les enseignements, la r\u00e9mun\u00e9ration est calcul\u00e9e sur le nombre d\u2019heures d\u2019enseignement dispens\u00e9es en pr\u00e9sence d\u2019\u00e9tudiants et sur la base de l\u2019\u00ab heure TD \u00bb. Cependant, pour les vacations, l\u2019heure de TP est calcul\u00e9e comme 2\/3 de l\u2019heure TD, alors qu\u2019en mission, 1 heure TP compte pour 1 heure TD.<\/p>\n\n\n\n<p>Les doctorants laur\u00e9ats d\u2019un concours de l\u2019enseignement (CAPES, Agr\u00e9gation\u2026) peuvent effectuer leur stage en exer\u00e7ant une activit\u00e9 compl\u00e9mentaire d\u2019enseignement pendant leur contrat doctoral, uniquement sous le r\u00e9gime de la mission.<\/p>\n\n<\/div><\/div>\n\n<div class=\"gb-container gb-container-944f8568\"><div class=\"gb-inside-container\">\n\n<h2 class=\"gb-headline gb-headline-15009d0b gb-headline-text\">Le dispositif mis en place \u00e0 l\u2019Universit\u00e9 de Lorraine<\/h2>\n\n\n\n<p>L\u2019Universit\u00e9 de Lorraine a mis en place un syst\u00e8me d\u2019attribution des activit\u00e9s compl\u00e9mentaires d\u2019enseignement sur le principe de formation de futurs enseignants chercheurs. Les doctorants qui souhaitent s\u2019impliquer dans le m\u00e9tier d\u2019enseignant du sup\u00e9rieur, seront pris en compte sur le r\u00e9gime de la mission. Ils devront pour cela effectuer un service d\u2019enseignement d\u2019au moins 32 heures (32 eq TD, 48 eq TD ou 64 eq TD, o\u00f9 TP=TD).<\/p>\n\n\n<div class=\"gb-container gb-container-85ae7a47\">\n\n<p><strong>Retrouvez la proc\u00e9dure et la demande d\u2019autorisation de cumul sur l\u2019ENT\u00a0:<\/strong><\/p>\n\n\n\n<p><a href=\"https:\/\/ent.univ-lorraine.fr\/f\/u27l1s4\/p\/intranet-manager-portlet-dir-ac.u27l1n51\/max\/render.uP?pP_action=intranet\" target=\"_blank\" rel=\"noreferrer noopener\">Racine<\/a> &#8211; <a href=\"https:\/\/ent.univ-lorraine.fr\/f\/u27l1s4\/p\/intranet-manager-portlet-dir-ac.u27l1n51\/max\/render.uP?pP_folder=3&amp;pP_action=viewfolder\" target=\"_blank\" rel=\"noreferrer noopener\">Ressources Humaines (RH)<\/a> &#8211; <a href=\"https:\/\/ent.univ-lorraine.fr\/f\/u27l1s4\/p\/intranet-manager-portlet-dir-ac.u27l1n51\/max\/render.uP?pP_folder=1919&amp;pP_action=viewfolder\" target=\"_blank\" rel=\"noreferrer noopener\">Gestion des personnels enseignants et chercheurs<\/a> &#8211; <a href=\"https:\/\/ent.univ-lorraine.fr\/f\/u27l1s4\/p\/intranet-manager-portlet-dir-ac.u27l1n51\/max\/render.uP?pP_folder=1921&amp;pP_action=viewfolder\" target=\"_blank\" rel=\"noreferrer noopener\">Enseignants \/ Chercheurs contractuels et vacataires<\/a> &#8211; <a href=\"https:\/\/ent.univ-lorraine.fr\/f\/u27l1s4\/p\/intranet-manager-portlet-dir-ac.u27l1n51\/max\/render.uP?pP_folder=1935&amp;pP_action=viewfolder\" target=\"_blank\" rel=\"noreferrer noopener\"><strong>Doctorants<\/strong><\/a><\/p>\n\n<\/div>\n<\/div><\/div>","protected":false},"excerpt":{"rendered":"<p>Les doctorants titulaires d\u2019un contrat doctoral au sens de l\u2019arr\u00eat\u00e9 du 23\/04\/2009 peuvent pr\u00e9tendre \u00e0 exercer un service d\u2019enseignement dans un cadre tr\u00e8s pr\u00e9cis. L\u2019ensemble des doctorants titulaires d\u2019un contrat doctoral, que ce contrat soit sign\u00e9 avec l\u2019Universit\u00e9 de Lorraine, un EPST (CNRS, INRIA\u2026) ou une autre universit\u00e9, peuvent faire acte de candidature sur un &#8230; <a title=\"Service d&rsquo;enseignement destin\u00e9 aux doctorants titulaires d&rsquo;un contrat doctoral\" class=\"read-more\" href=\"https:\/\/www.univ-lorraine.fr\/travailler-a-l-ul\/recrutement-des-doctorants\/\" aria-label=\"En savoir plus sur Service d&rsquo;enseignement destin\u00e9 aux doctorants titulaires d&rsquo;un contrat doctoral\">Lire plus<\/a><\/p>\n","protected":false},"author":7,"featured_media":0,"parent":0,"menu_order":0,"comment_status":"closed","ping_status":"closed","template":"","meta":{"inline_featured_image":false,"footnotes":""},"class_list":["post-194","page","type-page","status-publish"],"yoast_head":"<!-- This site is optimized with the Yoast SEO plugin v27.4 - https:\/\/yoast.com\/product\/yoast-seo-wordpress\/ -->\n<title>Service d&#039;enseignement destin\u00e9 aux doctorants titulaires d&#039;un contrat doctoral - Travailler \u00e0 l&#039;UL<\/title>\n<meta name=\"robots\" content=\"index, follow, max-snippet:-1, max-image-preview:large, max-video-preview:-1\" \/>\n<link rel=\"canonical\" href=\"https:\/\/www.univ-lorraine.fr\/travailler-a-l-ul\/recrutement-des-doctorants\/\" \/>\n<meta property=\"og:locale\" content=\"fr_FR\" \/>\n<meta property=\"og:type\" content=\"article\" \/>\n<meta property=\"og:title\" content=\"Service d&#039;enseignement destin\u00e9 aux doctorants titulaires d&#039;un contrat doctoral - Travailler \u00e0 l&#039;UL\" \/>\n<meta property=\"og:description\" content=\"Les doctorants titulaires d\u2019un contrat doctoral au sens de l\u2019arr\u00eat\u00e9 du 23\/04\/2009 peuvent pr\u00e9tendre \u00e0 exercer un service d\u2019enseignement dans un cadre tr\u00e8s pr\u00e9cis. L\u2019ensemble des doctorants titulaires d\u2019un contrat doctoral, que ce contrat soit sign\u00e9 avec l\u2019Universit\u00e9 de Lorraine, un EPST (CNRS, INRIA\u2026) ou une autre universit\u00e9, peuvent faire acte de candidature sur un ... Lire plus\" \/>\n<meta property=\"og:url\" content=\"https:\/\/www.univ-lorraine.fr\/travailler-a-l-ul\/recrutement-des-doctorants\/\" \/>\n<meta property=\"og:site_name\" content=\"Travailler \u00e0 l&#039;UL\" \/>\n<meta property=\"article:modified_time\" content=\"2025-10-27T10:02:26+00:00\" \/>\n<meta name=\"twitter:card\" content=\"summary_large_image\" \/>\n<meta name=\"twitter:label1\" content=\"Dur\u00e9e de lecture estim\u00e9e\" \/>\n\t<meta name=\"twitter:data1\" content=\"3 minutes\" \/>\n<script type=\"application\/ld+json\" class=\"yoast-schema-graph\">{\"@context\":\"https:\\\/\\\/schema.org\",\"@graph\":[{\"@type\":\"WebPage\",\"@id\":\"https:\\\/\\\/www.univ-lorraine.fr\\\/travailler-a-l-ul\\\/recrutement-des-doctorants\\\/\",\"url\":\"https:\\\/\\\/www.univ-lorraine.fr\\\/travailler-a-l-ul\\\/recrutement-des-doctorants\\\/\",\"name\":\"Service d'enseignement destin\u00e9 aux doctorants titulaires d'un contrat doctoral - Travailler \u00e0 l&#039;UL\",\"isPartOf\":{\"@id\":\"https:\\\/\\\/www.univ-lorraine.fr\\\/travailler-a-l-ul\\\/#website\"},\"datePublished\":\"2021-03-22T20:06:30+00:00\",\"dateModified\":\"2025-10-27T10:02:26+00:00\",\"breadcrumb\":{\"@id\":\"https:\\\/\\\/www.univ-lorraine.fr\\\/travailler-a-l-ul\\\/recrutement-des-doctorants\\\/#breadcrumb\"},\"inLanguage\":\"fr-FR\",\"potentialAction\":[{\"@type\":\"ReadAction\",\"target\":[\"https:\\\/\\\/www.univ-lorraine.fr\\\/travailler-a-l-ul\\\/recrutement-des-doctorants\\\/\"]}]},{\"@type\":\"BreadcrumbList\",\"@id\":\"https:\\\/\\\/www.univ-lorraine.fr\\\/travailler-a-l-ul\\\/recrutement-des-doctorants\\\/#breadcrumb\",\"itemListElement\":[{\"@type\":\"ListItem\",\"position\":1,\"name\":\"Accueil\",\"item\":\"https:\\\/\\\/www.univ-lorraine.fr\\\/travailler-a-l-ul\\\/\"},{\"@type\":\"ListItem\",\"position\":2,\"name\":\"Service d&rsquo;enseignement destin\u00e9 aux doctorants titulaires d&rsquo;un contrat doctoral\"}]},{\"@type\":\"WebSite\",\"@id\":\"https:\\\/\\\/www.univ-lorraine.fr\\\/travailler-a-l-ul\\\/#website\",\"url\":\"https:\\\/\\\/www.univ-lorraine.fr\\\/travailler-a-l-ul\\\/\",\"name\":\"Travailler \u00e0 l&#039;UL\",\"description\":\"\",\"publisher\":{\"@id\":\"https:\\\/\\\/www.univ-lorraine.fr\\\/travailler-a-l-ul\\\/#organization\"},\"potentialAction\":[{\"@type\":\"SearchAction\",\"target\":{\"@type\":\"EntryPoint\",\"urlTemplate\":\"https:\\\/\\\/www.univ-lorraine.fr\\\/travailler-a-l-ul\\\/?s={search_term_string}\"},\"query-input\":{\"@type\":\"PropertyValueSpecification\",\"valueRequired\":true,\"valueName\":\"search_term_string\"}}],\"inLanguage\":\"fr-FR\"},{\"@type\":\"Organization\",\"@id\":\"https:\\\/\\\/www.univ-lorraine.fr\\\/travailler-a-l-ul\\\/#organization\",\"name\":\"Universit\u00e9 de Lorraine\",\"url\":\"https:\\\/\\\/www.univ-lorraine.fr\\\/travailler-a-l-ul\\\/\",\"logo\":{\"@type\":\"ImageObject\",\"inLanguage\":\"fr-FR\",\"@id\":\"https:\\\/\\\/www.univ-lorraine.fr\\\/travailler-a-l-ul\\\/#\\\/schema\\\/logo\\\/image\\\/\",\"url\":\"https:\\\/\\\/www.univ-lorraine.fr\\\/travailler-a-l-ul\\\/wp-content\\\/uploads\\\/sites\\\/13\\\/2021\\\/01\\\/LOGO_UL.png\",\"contentUrl\":\"https:\\\/\\\/www.univ-lorraine.fr\\\/travailler-a-l-ul\\\/wp-content\\\/uploads\\\/sites\\\/13\\\/2021\\\/01\\\/LOGO_UL.png\",\"width\":138,\"height\":48,\"caption\":\"Universit\u00e9 de Lorraine\"},\"image\":{\"@id\":\"https:\\\/\\\/www.univ-lorraine.fr\\\/travailler-a-l-ul\\\/#\\\/schema\\\/logo\\\/image\\\/\"}}]}<\/script>\n<!-- \/ Yoast SEO plugin. -->","yoast_head_json":{"title":"Service d'enseignement destin\u00e9 aux doctorants titulaires d'un contrat doctoral - Travailler \u00e0 l&#039;UL","robots":{"index":"index","follow":"follow","max-snippet":"max-snippet:-1","max-image-preview":"max-image-preview:large","max-video-preview":"max-video-preview:-1"},"canonical":"https:\/\/www.univ-lorraine.fr\/travailler-a-l-ul\/recrutement-des-doctorants\/","og_locale":"fr_FR","og_type":"article","og_title":"Service d'enseignement destin\u00e9 aux doctorants titulaires d'un contrat doctoral - Travailler \u00e0 l&#039;UL","og_description":"Les doctorants titulaires d\u2019un contrat doctoral au sens de l\u2019arr\u00eat\u00e9 du 23\/04\/2009 peuvent pr\u00e9tendre \u00e0 exercer un service d\u2019enseignement dans un cadre tr\u00e8s pr\u00e9cis. L\u2019ensemble des doctorants titulaires d\u2019un contrat doctoral, que ce contrat soit sign\u00e9 avec l\u2019Universit\u00e9 de Lorraine, un EPST (CNRS, INRIA\u2026) ou une autre universit\u00e9, peuvent faire acte de candidature sur un ... Lire plus","og_url":"https:\/\/www.univ-lorraine.fr\/travailler-a-l-ul\/recrutement-des-doctorants\/","og_site_name":"Travailler \u00e0 l&#039;UL","article_modified_time":"2025-10-27T10:02:26+00:00","twitter_card":"summary_large_image","twitter_misc":{"Dur\u00e9e de lecture estim\u00e9e":"3 minutes"},"schema":{"@context":"https:\/\/schema.org","@graph":[{"@type":"WebPage","@id":"https:\/\/www.univ-lorraine.fr\/travailler-a-l-ul\/recrutement-des-doctorants\/","url":"https:\/\/www.univ-lorraine.fr\/travailler-a-l-ul\/recrutement-des-doctorants\/","name":"Service d'enseignement destin\u00e9 aux doctorants titulaires d'un contrat doctoral - Travailler \u00e0 l&#039;UL","isPartOf":{"@id":"https:\/\/www.univ-lorraine.fr\/travailler-a-l-ul\/#website"},"datePublished":"2021-03-22T20:06:30+00:00","dateModified":"2025-10-27T10:02:26+00:00","breadcrumb":{"@id":"https:\/\/www.univ-lorraine.fr\/travailler-a-l-ul\/recrutement-des-doctorants\/#breadcrumb"},"inLanguage":"fr-FR","potentialAction":[{"@type":"ReadAction","target":["https:\/\/www.univ-lorraine.fr\/travailler-a-l-ul\/recrutement-des-doctorants\/"]}]},{"@type":"BreadcrumbList","@id":"https:\/\/www.univ-lorraine.fr\/travailler-a-l-ul\/recrutement-des-doctorants\/#breadcrumb","itemListElement":[{"@type":"ListItem","position":1,"name":"Accueil","item":"https:\/\/www.univ-lorraine.fr\/travailler-a-l-ul\/"},{"@type":"ListItem","position":2,"name":"Service d&rsquo;enseignement destin\u00e9 aux doctorants titulaires d&rsquo;un contrat doctoral"}]},{"@type":"WebSite","@id":"https:\/\/www.univ-lorraine.fr\/travailler-a-l-ul\/#website","url":"https:\/\/www.univ-lorraine.fr\/travailler-a-l-ul\/","name":"Travailler \u00e0 l&#039;UL","description":"","publisher":{"@id":"https:\/\/www.univ-lorraine.fr\/travailler-a-l-ul\/#organization"},"potentialAction":[{"@type":"SearchAction","target":{"@type":"EntryPoint","urlTemplate":"https:\/\/www.univ-lorraine.fr\/travailler-a-l-ul\/?s={search_term_string}"},"query-input":{"@type":"PropertyValueSpecification","valueRequired":true,"valueName":"search_term_string"}}],"inLanguage":"fr-FR"},{"@type":"Organization","@id":"https:\/\/www.univ-lorraine.fr\/travailler-a-l-ul\/#organization","name":"Universit\u00e9 de Lorraine","url":"https:\/\/www.univ-lorraine.fr\/travailler-a-l-ul\/","logo":{"@type":"ImageObject","inLanguage":"fr-FR","@id":"https:\/\/www.univ-lorraine.fr\/travailler-a-l-ul\/#\/schema\/logo\/image\/","url":"https:\/\/www.univ-lorraine.fr\/travailler-a-l-ul\/wp-content\/uploads\/sites\/13\/2021\/01\/LOGO_UL.png","contentUrl":"https:\/\/www.univ-lorraine.fr\/travailler-a-l-ul\/wp-content\/uploads\/sites\/13\/2021\/01\/LOGO_UL.png","width":138,"height":48,"caption":"Universit\u00e9 de Lorraine"},"image":{"@id":"https:\/\/www.univ-lorraine.fr\/travailler-a-l-ul\/#\/schema\/logo\/image\/"}}]}},"_links":{"self":[{"href":"https:\/\/www.univ-lorraine.fr\/travailler-a-l-ul\/wp-json\/wp\/v2\/pages\/194","targetHints":{"allow":["GET"]}}],"collection":[{"href":"https:\/\/www.univ-lorraine.fr\/travailler-a-l-ul\/wp-json\/wp\/v2\/pages"}],"about":[{"href":"https:\/\/www.univ-lorraine.fr\/travailler-a-l-ul\/wp-json\/wp\/v2\/types\/page"}],"author":[{"embeddable":true,"href":"https:\/\/www.univ-lorraine.fr\/travailler-a-l-ul\/wp-json\/wp\/v2\/users\/7"}],"replies":[{"embeddable":true,"href":"https:\/\/www.univ-lorraine.fr\/travailler-a-l-ul\/wp-json\/wp\/v2\/comments?post=194"}],"version-history":[{"count":53,"href":"https:\/\/www.univ-lorraine.fr\/travailler-a-l-ul\/wp-json\/wp\/v2\/pages\/194\/revisions"}],"predecessor-version":[{"id":11270,"href":"https:\/\/www.univ-lorraine.fr\/travailler-a-l-ul\/wp-json\/wp\/v2\/pages\/194\/revisions\/11270"}],"wp:attachment":[{"href":"https:\/\/www.univ-lorraine.fr\/travailler-a-l-ul\/wp-json\/wp\/v2\/media?parent=194"}],"curies":[{"name":"wp","href":"https:\/\/api.w.org\/{rel}","templated":true}]}}