{"id":270,"date":"2021-04-08T14:12:43","date_gmt":"2021-04-08T12:12:43","guid":{"rendered":"https:\/\/www.univ-lorraine.fr\/travailler-a-l-ul\/?page_id=270"},"modified":"2026-02-10T16:54:56","modified_gmt":"2026-02-10T15:54:56","slug":"recrutement-des-ater","status":"publish","type":"page","link":"https:\/\/www.univ-lorraine.fr\/travailler-a-l-ul\/recrutement-enseignants-chercheurs\/recrutement-des-ater\/","title":{"rendered":"Recrutement des ATER"},"content":{"rendered":"<div class=\"gb-container gb-container-d2459d3d\"><div class=\"gb-inside-container\">\n\n<h2 class=\"gb-headline gb-headline-2733804f gb-headline-text\">Recrutement des ATER 2026\/2027<\/h2>\n\n\n\n<p>La campagne de recrutement des Attach\u00e9s Temporaires d\u2019Enseignement et de Recherche sera ouverte \u00e0 compter du <strong>mercredi 18 f\u00e9vrier 2026 <\/strong>dans Galaxie.<\/p>\n\n\n\n<h3 class=\"gb-headline gb-headline-e3ccf29c gb-headline-text\"><strong>Calendrier<\/strong><\/h3>\n\n\n\n<p>Les profils seront publi\u00e9s dans GALAXIE-Alta\u00efr sur 3 p\u00e9riodes :<\/p>\n\n\n\n<ul class=\"wp-block-list\">\n<li>du <strong>mercredi 18 f\u00e9vrier 2026 <\/strong>au <strong>mercredi 18 mars 2026<\/strong><br>Fin de d\u00e9p\u00f4t du dossier le jeudi 19 mars 2026.<\/li>\n\n\n\n<li>du <strong>mercredi 6 mai 2026 <\/strong>au <strong>mardi 26 mai 2026<\/strong><br>Fin de d\u00e9p\u00f4t du dossier le mardi 27 mai 2026.<\/li>\n\n\n\n<li>du <strong>mercredi 22 juillet 2026 <\/strong>au <strong>mercredi 19 ao\u00fbt 2026<\/strong><br>Fin de d\u00e9p\u00f4t du dossier le jeudi 20 ao\u00fbt 2026.<\/li>\n<\/ul>\n\n\n\n<h3 class=\"gb-headline gb-headline-1c7897ae gb-headline-text\">\u00c9<strong>tapes de la candidature :<\/strong><\/h3>\n\n\n\n<ol class=\"wp-block-list\">\n<li>je candidate dans Galaxie-Alta\u00efr selon mon statut actuel (si je suis stagiaire ou titulaire de la fonction publique, je dois imp\u00e9rativement candidater sur le statut 2.1)<\/li>\n\n\n\n<li>je t\u00e9l\u00e9charge les documents pour constituer mon dossier \u00e0 la fin de ma candidature dans Galaxie-Alta\u00efr<\/li>\n\n\n\n<li>je re\u00e7ois un mail de connexion pour acc\u00e9der \u00e0 l\u2019application \u00ab&nbsp;Campagne RH&nbsp;\u00bb sous 24h<\/li>\n\n\n\n<li>je d\u00e9pose mon dossier dans l\u2019application \u00ab&nbsp;Campagne RH&nbsp;\u00bb.<\/li>\n<\/ol>\n\n\n<div class=\"gb-container gb-container-c8982239\">\n\n<div class=\"wp-block-buttons is-content-justification-center is-layout-flex wp-container-core-buttons-is-layout-16018d1d wp-block-buttons-is-layout-flex\">\n<div class=\"wp-block-button\"><a class=\"wp-block-button__link wp-element-button\" href=\"https:\/\/galaxie.enseignementsup-recherche.gouv.fr\/antares\/can\/index.jsp\"><strong>Portail GALAXIE-Alta\u00efr<\/strong><\/a><\/div>\n\n\n\n<div class=\"wp-block-button\"><a class=\"wp-block-button__link wp-element-button\" href=\"https:\/\/campagne-rh.univ-lorraine.fr\/connect\"><strong>Application Campagne RH<\/strong><\/a><\/div>\n<\/div>\n\n<\/div>\n\n\n<p><em>Inscription \u00e0 la lettre d\u2019information Galaxie (\u00eatre inform\u00e9 des publications en fonction de son profil) <\/em><a href=\"https:\/\/galaxie.enseignementsup-recherche.gouv.fr\/antares\/newsletter.jsp\"><em>https:\/\/galaxie.enseignementsup-recherche.gouv.fr\/antares\/newsletter.jsp<\/em><\/a><\/p>\n\n\n\n<p class=\"has-text-align-center\"><strong>Les dossiers transmis hors application ne seront pas accept\u00e9s<\/strong><\/p>\n\n\n<div class=\"gb-container gb-container-cf5c21fb whaou-card\">\n\n<h3 class=\"gb-headline gb-headline-25ee0285 gb-headline-text\">IMPORTANT<\/h3>\n\n\n<div class=\"gb-container gb-container-648eec88\">\n\n<p class=\"gb-headline gb-headline-3a65a792 gb-headline-text\"><strong>Ne fermez pas cette page sans avoir consult\u00e9 ces documents<\/strong> <strong>:<\/strong><\/p>\n\n\n\n<div class=\"wp-block-buttons is-content-justification-center is-layout-flex wp-container-core-buttons-is-layout-16018d1d wp-block-buttons-is-layout-flex\">\n<div class=\"wp-block-button\"><a class=\"wp-block-button__link wp-element-button\" href=\"https:\/\/www.univ-lorraine.fr\/travailler-a-l-ul\/wp-content\/uploads\/sites\/13\/2026\/02\/faq-candidat-ater.pdf\"><strong>Consultez la FAQ<\/strong><\/a><\/div>\n\n\n\n<div class=\"wp-block-button\"><a class=\"wp-block-button__link wp-element-button\" href=\"https:\/\/www.univ-lorraine.fr\/travailler-a-l-ul\/wp-content\/uploads\/sites\/13\/2026\/02\/fiche-technique-candidat-ater.pdf\"><strong>Fiche technique ATER<\/strong><\/a><\/div>\n<\/div>\n\n<\/div>\n\n\n<p class=\"gb-headline gb-headline-93047839 gb-headline-text\">Contact :  <a href=\"&#109;&#x61;&#105;&#x6c;t&#111;&#x3a;&#100;&#x6d;g&#x72;h&#45;&#x72;&#101;&#x63;r&#x75;&#x74;&#97;&#x74;e&#x72;-&#99;&#x6f;&#110;&#x74;a&#x63;t&#64;&#x75;&#110;&#x69;v&#45;&#x6c;&#111;&#x72;r&#x61;i&#110;&#x65;&#46;&#x66;r\">&#x64;&#109;g&#x72;&#x68;&#45;r&#x65;&#x63;&#114;u&#x74;&#x61;&#116;e&#x72;&#x2d;&#99;o&#x6e;&#116;&#97;c&#x74;&#64;u&#x6e;&#x69;&#118;-&#x6c;&#x6f;&#114;r&#x61;&#x69;&#110;e&#x2e;&#x66;&#114;<\/a><\/p>\n\n<\/div>\n\n\n<p><br><\/p>\n\n\n\n<div class=\"wp-block-pb-accordion-item c-accordion__item js-accordion-item no-js\" data-initially-open=\"false\" data-click-to-close=\"true\" data-auto-close=\"true\" data-scroll=\"false\" data-scroll-offset=\"0\"><h2 id=\"at-2700\" class=\"c-accordion__title js-accordion-controller\" role=\"button\"><strong>R\u00e9sultats des classements ATER<\/strong><\/h2><div id=\"ac-2700\" class=\"c-accordion__content\">\n<p><strong>R\u00e9sultats des classements ATER du CAr du 19 mai 2026 :<\/strong><\/p>\n\n\n\n<ul class=\"wp-block-list\">\n<li>Sur supports vacants<\/li>\n\n\n\n<li>Sur postes \u00e9tablissement<\/li>\n<\/ul>\n\n\n\n<p><strong>R\u00e9sultats des classements ATER du CAr du 7 juillet 2026 :<\/strong><\/p>\n\n\n\n<ul class=\"wp-block-list\">\n<li>Sur supports vacants<\/li>\n\n\n\n<li>Sur postes \u00e9tablissement<\/li>\n<\/ul>\n\n\n\n<p><strong>R\u00e9sultats des classements ATER du CAr de septembre 2026 :<\/strong><\/p>\n\n\n\n<ul class=\"wp-block-list\">\n<li>Sur supports vacants<\/li>\n\n\n\n<li>Sur postes \u00e9tablissement<\/li>\n<\/ul>\n\n\n\n<p><em>Contact : &nbsp;<a href=\"m&#97;&#x69;&#x6c;t&#111;&#58;&#x64;&#x6d;g&#114;&#104;&#x2d;&#x72;e&#99;&#x72;&#x75;&#x74;a&#116;&#x65;&#x72;-&#99;&#111;&#x6e;&#x74;a&#99;&#116;&#x40;&#x75;n&#105;&#x76;&#x2d;&#x6c;o&#114;&#x72;&#x61;in&#101;&#x2e;&#x66;r\">dm&#103;&#114;&#104;&#x2d;&#x72;&#x65;&#x63;&#x72;ut&#97;&#116;&#101;&#x72;&#x2d;&#x63;&#x6f;&#x6e;ta&#99;&#116;&#64;&#x75;&#x6e;&#x69;&#x76;&#x2d;lo&#114;&#114;&#97;&#x69;&#x6e;&#x65;&#x2e;&#x66;r<\/a><\/em><\/p>\n<\/div><\/div>\n\n<\/div><\/div>\n\n\n<style>\n.whaou-card {\n  padding: 40px;\n  border-radius: 20px;\n  box-shadow: 0 20px 60px rgba(0,0,0,0.4);\n  transition: transform 0.4s ease, box-shadow 0.4s ease;\n}\n\n.whaou-card:hover {\n  transform: translateY(-15px) rotateX(5deg);\n  box-shadow: 0 40px 80px rgba(0,0,0,0.6);\n}\n<\/style>\n\n\n\n<p><\/p>\n","protected":false},"excerpt":{"rendered":"<p>Recrutement des ATER 2026\/2027 La campagne de recrutement des Attach\u00e9s Temporaires d\u2019Enseignement et de Recherche sera ouverte \u00e0 compter du mercredi 18 f\u00e9vrier 2026 dans Galaxie. Calendrier Les profils seront publi\u00e9s dans GALAXIE-Alta\u00efr sur 3 p\u00e9riodes : \u00c9tapes de la candidature : Inscription \u00e0 la lettre d\u2019information Galaxie (\u00eatre inform\u00e9 des publications en fonction de &#8230; <a title=\"Recrutement des ATER\" class=\"read-more\" href=\"https:\/\/www.univ-lorraine.fr\/travailler-a-l-ul\/recrutement-enseignants-chercheurs\/recrutement-des-ater\/\" aria-label=\"En savoir plus sur Recrutement des ATER\">Lire plus<\/a><\/p>\n","protected":false},"author":12,"featured_media":0,"parent":41,"menu_order":0,"comment_status":"closed","ping_status":"closed","template":"","meta":{"inline_featured_image":false,"footnotes":""},"class_list":["post-270","page","type-page","status-publish"],"yoast_head":"<!-- This site is optimized with the Yoast SEO plugin v27.4 - https:\/\/yoast.com\/product\/yoast-seo-wordpress\/ -->\n<title>Recrutement des ATER - Travailler \u00e0 l&#039;UL<\/title>\n<meta name=\"robots\" content=\"index, follow, max-snippet:-1, max-image-preview:large, max-video-preview:-1\" \/>\n<link rel=\"canonical\" href=\"https:\/\/www.univ-lorraine.fr\/travailler-a-l-ul\/recrutement-enseignants-chercheurs\/recrutement-des-ater\/\" \/>\n<meta property=\"og:locale\" content=\"fr_FR\" \/>\n<meta property=\"og:type\" content=\"article\" \/>\n<meta property=\"og:title\" content=\"Recrutement des ATER - Travailler \u00e0 l&#039;UL\" \/>\n<meta property=\"og:description\" content=\"Recrutement des ATER 2026\/2027 La campagne de recrutement des Attach\u00e9s Temporaires d\u2019Enseignement et de Recherche sera ouverte \u00e0 compter du mercredi 18 f\u00e9vrier 2026 dans Galaxie. Calendrier Les profils seront publi\u00e9s dans GALAXIE-Alta\u00efr sur 3 p\u00e9riodes : \u00c9tapes de la candidature : Inscription \u00e0 la lettre d\u2019information Galaxie (\u00eatre inform\u00e9 des publications en fonction de ... Lire plus\" \/>\n<meta property=\"og:url\" content=\"https:\/\/www.univ-lorraine.fr\/travailler-a-l-ul\/recrutement-enseignants-chercheurs\/recrutement-des-ater\/\" \/>\n<meta property=\"og:site_name\" content=\"Travailler \u00e0 l&#039;UL\" \/>\n<meta property=\"article:modified_time\" content=\"2026-02-10T15:54:56+00:00\" \/>\n<meta name=\"twitter:card\" content=\"summary_large_image\" \/>\n<meta name=\"twitter:label1\" content=\"Dur\u00e9e de lecture estim\u00e9e\" \/>\n\t<meta name=\"twitter:data1\" content=\"2 minutes\" \/>\n<script type=\"application\/ld+json\" class=\"yoast-schema-graph\">{\"@context\":\"https:\\\/\\\/schema.org\",\"@graph\":[{\"@type\":\"WebPage\",\"@id\":\"https:\\\/\\\/www.univ-lorraine.fr\\\/travailler-a-l-ul\\\/recrutement-enseignants-chercheurs\\\/recrutement-des-ater\\\/\",\"url\":\"https:\\\/\\\/www.univ-lorraine.fr\\\/travailler-a-l-ul\\\/recrutement-enseignants-chercheurs\\\/recrutement-des-ater\\\/\",\"name\":\"Recrutement des ATER - Travailler \u00e0 l&#039;UL\",\"isPartOf\":{\"@id\":\"https:\\\/\\\/www.univ-lorraine.fr\\\/travailler-a-l-ul\\\/#website\"},\"datePublished\":\"2021-04-08T12:12:43+00:00\",\"dateModified\":\"2026-02-10T15:54:56+00:00\",\"breadcrumb\":{\"@id\":\"https:\\\/\\\/www.univ-lorraine.fr\\\/travailler-a-l-ul\\\/recrutement-enseignants-chercheurs\\\/recrutement-des-ater\\\/#breadcrumb\"},\"inLanguage\":\"fr-FR\",\"potentialAction\":[{\"@type\":\"ReadAction\",\"target\":[\"https:\\\/\\\/www.univ-lorraine.fr\\\/travailler-a-l-ul\\\/recrutement-enseignants-chercheurs\\\/recrutement-des-ater\\\/\"]}]},{\"@type\":\"BreadcrumbList\",\"@id\":\"https:\\\/\\\/www.univ-lorraine.fr\\\/travailler-a-l-ul\\\/recrutement-enseignants-chercheurs\\\/recrutement-des-ater\\\/#breadcrumb\",\"itemListElement\":[{\"@type\":\"ListItem\",\"position\":1,\"name\":\"Accueil\",\"item\":\"https:\\\/\\\/www.univ-lorraine.fr\\\/travailler-a-l-ul\\\/\"},{\"@type\":\"ListItem\",\"position\":2,\"name\":\"Recrutements des enseignants et des enseignants chercheurs\",\"item\":\"https:\\\/\\\/www.univ-lorraine.fr\\\/travailler-a-l-ul\\\/recrutement-enseignants-chercheurs\\\/\"},{\"@type\":\"ListItem\",\"position\":3,\"name\":\"Recrutement des ATER\"}]},{\"@type\":\"WebSite\",\"@id\":\"https:\\\/\\\/www.univ-lorraine.fr\\\/travailler-a-l-ul\\\/#website\",\"url\":\"https:\\\/\\\/www.univ-lorraine.fr\\\/travailler-a-l-ul\\\/\",\"name\":\"Travailler \u00e0 l&#039;UL\",\"description\":\"\",\"publisher\":{\"@id\":\"https:\\\/\\\/www.univ-lorraine.fr\\\/travailler-a-l-ul\\\/#organization\"},\"potentialAction\":[{\"@type\":\"SearchAction\",\"target\":{\"@type\":\"EntryPoint\",\"urlTemplate\":\"https:\\\/\\\/www.univ-lorraine.fr\\\/travailler-a-l-ul\\\/?s={search_term_string}\"},\"query-input\":{\"@type\":\"PropertyValueSpecification\",\"valueRequired\":true,\"valueName\":\"search_term_string\"}}],\"inLanguage\":\"fr-FR\"},{\"@type\":\"Organization\",\"@id\":\"https:\\\/\\\/www.univ-lorraine.fr\\\/travailler-a-l-ul\\\/#organization\",\"name\":\"Universit\u00e9 de Lorraine\",\"url\":\"https:\\\/\\\/www.univ-lorraine.fr\\\/travailler-a-l-ul\\\/\",\"logo\":{\"@type\":\"ImageObject\",\"inLanguage\":\"fr-FR\",\"@id\":\"https:\\\/\\\/www.univ-lorraine.fr\\\/travailler-a-l-ul\\\/#\\\/schema\\\/logo\\\/image\\\/\",\"url\":\"https:\\\/\\\/www.univ-lorraine.fr\\\/travailler-a-l-ul\\\/wp-content\\\/uploads\\\/sites\\\/13\\\/2021\\\/01\\\/LOGO_UL.png\",\"contentUrl\":\"https:\\\/\\\/www.univ-lorraine.fr\\\/travailler-a-l-ul\\\/wp-content\\\/uploads\\\/sites\\\/13\\\/2021\\\/01\\\/LOGO_UL.png\",\"width\":138,\"height\":48,\"caption\":\"Universit\u00e9 de Lorraine\"},\"image\":{\"@id\":\"https:\\\/\\\/www.univ-lorraine.fr\\\/travailler-a-l-ul\\\/#\\\/schema\\\/logo\\\/image\\\/\"}}]}<\/script>\n<!-- \/ Yoast SEO plugin. -->","yoast_head_json":{"title":"Recrutement des ATER - Travailler \u00e0 l&#039;UL","robots":{"index":"index","follow":"follow","max-snippet":"max-snippet:-1","max-image-preview":"max-image-preview:large","max-video-preview":"max-video-preview:-1"},"canonical":"https:\/\/www.univ-lorraine.fr\/travailler-a-l-ul\/recrutement-enseignants-chercheurs\/recrutement-des-ater\/","og_locale":"fr_FR","og_type":"article","og_title":"Recrutement des ATER - Travailler \u00e0 l&#039;UL","og_description":"Recrutement des ATER 2026\/2027 La campagne de recrutement des Attach\u00e9s Temporaires d\u2019Enseignement et de Recherche sera ouverte \u00e0 compter du mercredi 18 f\u00e9vrier 2026 dans Galaxie. Calendrier Les profils seront publi\u00e9s dans GALAXIE-Alta\u00efr sur 3 p\u00e9riodes : \u00c9tapes de la candidature : Inscription \u00e0 la lettre d\u2019information Galaxie (\u00eatre inform\u00e9 des publications en fonction de ... Lire plus","og_url":"https:\/\/www.univ-lorraine.fr\/travailler-a-l-ul\/recrutement-enseignants-chercheurs\/recrutement-des-ater\/","og_site_name":"Travailler \u00e0 l&#039;UL","article_modified_time":"2026-02-10T15:54:56+00:00","twitter_card":"summary_large_image","twitter_misc":{"Dur\u00e9e de lecture estim\u00e9e":"2 minutes"},"schema":{"@context":"https:\/\/schema.org","@graph":[{"@type":"WebPage","@id":"https:\/\/www.univ-lorraine.fr\/travailler-a-l-ul\/recrutement-enseignants-chercheurs\/recrutement-des-ater\/","url":"https:\/\/www.univ-lorraine.fr\/travailler-a-l-ul\/recrutement-enseignants-chercheurs\/recrutement-des-ater\/","name":"Recrutement des ATER - Travailler \u00e0 l&#039;UL","isPartOf":{"@id":"https:\/\/www.univ-lorraine.fr\/travailler-a-l-ul\/#website"},"datePublished":"2021-04-08T12:12:43+00:00","dateModified":"2026-02-10T15:54:56+00:00","breadcrumb":{"@id":"https:\/\/www.univ-lorraine.fr\/travailler-a-l-ul\/recrutement-enseignants-chercheurs\/recrutement-des-ater\/#breadcrumb"},"inLanguage":"fr-FR","potentialAction":[{"@type":"ReadAction","target":["https:\/\/www.univ-lorraine.fr\/travailler-a-l-ul\/recrutement-enseignants-chercheurs\/recrutement-des-ater\/"]}]},{"@type":"BreadcrumbList","@id":"https:\/\/www.univ-lorraine.fr\/travailler-a-l-ul\/recrutement-enseignants-chercheurs\/recrutement-des-ater\/#breadcrumb","itemListElement":[{"@type":"ListItem","position":1,"name":"Accueil","item":"https:\/\/www.univ-lorraine.fr\/travailler-a-l-ul\/"},{"@type":"ListItem","position":2,"name":"Recrutements des enseignants et des enseignants chercheurs","item":"https:\/\/www.univ-lorraine.fr\/travailler-a-l-ul\/recrutement-enseignants-chercheurs\/"},{"@type":"ListItem","position":3,"name":"Recrutement des ATER"}]},{"@type":"WebSite","@id":"https:\/\/www.univ-lorraine.fr\/travailler-a-l-ul\/#website","url":"https:\/\/www.univ-lorraine.fr\/travailler-a-l-ul\/","name":"Travailler \u00e0 l&#039;UL","description":"","publisher":{"@id":"https:\/\/www.univ-lorraine.fr\/travailler-a-l-ul\/#organization"},"potentialAction":[{"@type":"SearchAction","target":{"@type":"EntryPoint","urlTemplate":"https:\/\/www.univ-lorraine.fr\/travailler-a-l-ul\/?s={search_term_string}"},"query-input":{"@type":"PropertyValueSpecification","valueRequired":true,"valueName":"search_term_string"}}],"inLanguage":"fr-FR"},{"@type":"Organization","@id":"https:\/\/www.univ-lorraine.fr\/travailler-a-l-ul\/#organization","name":"Universit\u00e9 de Lorraine","url":"https:\/\/www.univ-lorraine.fr\/travailler-a-l-ul\/","logo":{"@type":"ImageObject","inLanguage":"fr-FR","@id":"https:\/\/www.univ-lorraine.fr\/travailler-a-l-ul\/#\/schema\/logo\/image\/","url":"https:\/\/www.univ-lorraine.fr\/travailler-a-l-ul\/wp-content\/uploads\/sites\/13\/2021\/01\/LOGO_UL.png","contentUrl":"https:\/\/www.univ-lorraine.fr\/travailler-a-l-ul\/wp-content\/uploads\/sites\/13\/2021\/01\/LOGO_UL.png","width":138,"height":48,"caption":"Universit\u00e9 de Lorraine"},"image":{"@id":"https:\/\/www.univ-lorraine.fr\/travailler-a-l-ul\/#\/schema\/logo\/image\/"}}]}},"_links":{"self":[{"href":"https:\/\/www.univ-lorraine.fr\/travailler-a-l-ul\/wp-json\/wp\/v2\/pages\/270","targetHints":{"allow":["GET"]}}],"collection":[{"href":"https:\/\/www.univ-lorraine.fr\/travailler-a-l-ul\/wp-json\/wp\/v2\/pages"}],"about":[{"href":"https:\/\/www.univ-lorraine.fr\/travailler-a-l-ul\/wp-json\/wp\/v2\/types\/page"}],"author":[{"embeddable":true,"href":"https:\/\/www.univ-lorraine.fr\/travailler-a-l-ul\/wp-json\/wp\/v2\/users\/12"}],"replies":[{"embeddable":true,"href":"https:\/\/www.univ-lorraine.fr\/travailler-a-l-ul\/wp-json\/wp\/v2\/comments?post=270"}],"version-history":[{"count":70,"href":"https:\/\/www.univ-lorraine.fr\/travailler-a-l-ul\/wp-json\/wp\/v2\/pages\/270\/revisions"}],"predecessor-version":[{"id":11521,"href":"https:\/\/www.univ-lorraine.fr\/travailler-a-l-ul\/wp-json\/wp\/v2\/pages\/270\/revisions\/11521"}],"up":[{"embeddable":true,"href":"https:\/\/www.univ-lorraine.fr\/travailler-a-l-ul\/wp-json\/wp\/v2\/pages\/41"}],"wp:attachment":[{"href":"https:\/\/www.univ-lorraine.fr\/travailler-a-l-ul\/wp-json\/wp\/v2\/media?parent=270"}],"curies":[{"name":"wp","href":"https:\/\/api.w.org\/{rel}","templated":true}]}}