{"id":385,"date":"2021-04-13T11:20:16","date_gmt":"2021-04-13T09:20:16","guid":{"rendered":"https:\/\/www.univ-lorraine.fr\/travailler-a-l-ul\/?page_id=385"},"modified":"2026-04-22T11:15:17","modified_gmt":"2026-04-22T09:15:17","slug":"enseignants-contractuels","status":"publish","type":"page","link":"https:\/\/www.univ-lorraine.fr\/travailler-a-l-ul\/recrutement-enseignants-chercheurs\/enseignants-contractuels\/","title":{"rendered":"Enseignants contractuels"},"content":{"rendered":"\n<h2 class=\"gb-headline gb-headline-34c24642 gb-headline-text\">Postes ouverts au recrutement<\/h2>\n\n\n\n<p><strong>Postes d&rsquo;enseignants(es) contactuels.les :<\/strong><\/p>\n\n\n\n<p><\/p>\n\n\n<div class=\"gb-container gb-container-79376345\">\n\n<figure class=\"wp-block-table\"><table><thead><tr><th>Profil du poste<\/th><th>Date de prise de fonction<\/th><th>Composante<\/th><th>Date limite de candidature<\/th><\/tr><\/thead><tbody><tr><td><strong>Enseignant.e contractuel.le en <\/strong>sciences de gestion, management, entrepreneuriat \u00e0 mi-temps<br><br><a href=\"https:\/\/www.univ-lorraine.fr\/travailler-a-l-ul\/wp-content\/uploads\/sites\/13\/2026\/03\/profil_contractuel_enseignant-20262.pdf\">&gt; Voir la fiche de poste<\/a><\/td><td>CDD de 12 mois \u00e0 pourvoir au 15 juin 2026<\/td><td>\u00c9cole des Mines \u00e0 Nancy<\/td><td>Merci d&rsquo;adresser votre candidature (CV, lettre de motivation et copie des dipl\u00f4mes) au plus tard le 20 avril \u00e0 :<br><a href=\"&#x6d;&#97;i&#x6c;&#116;o&#x3a;&#106;o&#x62;&#45;r&#x65;&#102;-&#x72;&#x72;t&#x39;&#x6d;&#113;&#x61;&#x79;&#103;&#x6e;&#x40;&#101;m&#x70;&#108;o&#x69;&#46;b&#x65;&#101;t&#x77;&#101;e&#x6e;&#x2e;c&#x6f;&#x6d;\">&#x6a;&#x6f;&#98;&#45;r&#x65;&#x66;&#x2d;&#114;rt&#x39;&#x6d;&#113;&#97;y&#x67;&#x6e;&#x40;&#101;mp&#x6c;&#x6f;&#105;&#46;b&#x65;&#x65;&#x74;&#119;ee&#x6e;&#x2e;&#99;&#111;m<\/a><br><\/td><\/tr><tr><td>Enseignant.e contractuel.e en biochimie, chimie <br><br><a href=\"https:\/\/www.univ-lorraine.fr\/travailler-a-l-ul\/wp-content\/uploads\/sites\/13\/2026\/04\/fp-contractuel-enseignant-gb2a-2026.09.01-2-2.pdf\">&gt; Voir la fiche de poste<\/a><\/td><td>CDD de 12 mois \u00e0 pourvoir au 1er septembre 2026<\/td><td>IUT Nancy-Brabois<\/td><td>Merci d&rsquo;adresser votre candidature (CV et lettre de motivation) au plus tard le 28 avril \u00e0 :<br><br><a href=\"&#109;&#x61;i&#x6c;t&#111;&#x3a;&#108;&#x69;s&#97;&#x2e;&#109;&#x61;r&#x74;&#x7a;&#101;&#x6c;&#64;&#x75;n&#105;&#x76;&#45;&#x6c;o&#114;&#x72;&#97;&#x69;n&#101;&#x2e;&#102;&#x72;\">l&#105;&#115;&#x61;&#x2e;ma&#114;&#116;&#x7a;&#x65;l&#64;&#117;&#110;&#x69;&#x76;-l&#111;&#x72;&#x72;&#x61;i&#110;&#101;&#x2e;&#x66;&#x72;<\/a> <br><\/td><\/tr><tr><td>Enseignant.e contractuel.ne en \u00e9conomie et gestion <br><br><a href=\"https:\/\/www.univ-lorraine.fr\/travailler-a-l-ul\/wp-content\/uploads\/sites\/13\/2026\/04\/fiche-de-poste-lea-contractuel-ac-2025-2026.pdf\">&gt; Voir la fiche de poste<\/a><\/td><td>384h TD, \u00e0 pourvoir au 1er septembre 2026<\/td><td>UFR ALL &#8211; Nancy<\/td><td>Merci d&rsquo;adresser votre candidature (CV et lettre de motivation) au plus tard le 29 mai \u00e0 : <br><br><a href=\"m&#97;&#105;&#x6c;&#x74;&#x6f;:&#76;&#111;&#x69;&#x63;&#x2e;co&#109;&#x69;&#x6e;&#x6f;&#64;u&#110;&#105;&#x76;&#x2d;&#x6c;o&#114;&#114;&#x61;&#x69;&#x6e;e&#46;&#102;&#x72;\">L&#111;&#105;&#x63;&#x2e;&#x63;&#x6f;m&#105;&#110;&#111;&#x40;&#x75;&#x6e;iv&#45;&#108;&#x6f;&#x72;&#x72;ai&#110;&#101;&#x2e;&#x66;&#x72;<\/a><br><br><br><\/td><\/tr><tr><td>Enseignant.e contractuel.ne en anglais<br><br><a href=\"https:\/\/www.univ-lorraine.fr\/travailler-a-l-ul\/wp-content\/uploads\/sites\/13\/2026\/04\/profil_contractuel_enseignant.pdf\">&gt; Voir la fiche de poste<\/a><\/td><td>CDD de 12 mois, temps plein, \u00e0 pourvoir au 1er septembre 2026<\/td><td>UFR ALL &#8211; Nancy<\/td><td>Merci d&rsquo;adresser votre candidature (CV et lettre de motivation) au plus tard le 20 mai \u00e0 : <br><br><a href=\"m&#97;&#x69;&#x6c;t&#111;&#58;&#x74;&#x65;r&#101;&#115;&#x61;&#x2e;g&#101;&#x73;&#x6c;&#x69;n&#64;&#x75;&#x6e;i&#118;&#45;&#x6c;&#x6f;r&#114;&#97;&#x69;&#x6e;e&#46;&#x66;&#x72;\" target=\"_blank\" rel=\"noreferrer noopener\">te&#114;&#101;&#115;&#97;&#x2e;&#x67;&#x65;&#x73;&#x6c;in&#64;&#117;&#110;&#105;&#x76;&#x2d;&#x6c;&#x6f;&#x72;ra&#105;&#110;&#101;&#46;&#x66;&#x72;<\/a>&nbsp;et&nbsp;<a href=\"&#x6d;&#97;i&#x6c;&#x74;&#111;:&#x76;&#97;n&#x65;&#x73;&#115;a&#x2e;&#98;o&#x75;&#x6c;&#108;e&#x74;&#x40;&#117;&#x6e;&#x69;&#118;-&#x6c;&#x6f;&#114;r&#x61;&#105;n&#x65;&#x2e;&#102;r\" target=\"_blank\" rel=\"noreferrer noopener\">&#118;&#x61;&#x6e;e&#115;&#x73;a&#46;&#x62;&#x6f;&#117;&#x6c;&#x6c;e&#116;&#x40;u&#110;&#x69;&#x76;&#45;&#x6c;&#x6f;r&#114;&#x61;i&#110;&#x65;&#x2e;&#102;&#x72;<\/a><\/td><\/tr><\/tbody><\/table><\/figure>\n\n<\/div>\n\n\n<p><em><strong>Les composantes de formation recrutent en direct leurs personnels contractuels et vacataires. De ce fait, il vous appartient de leur proposer votre candidature spontan\u00e9e, en fonction de leurs attentes. Voir les composantes de l&rsquo;Universit\u00e9 de Lorraine : <a href=\"https:\/\/www.univ-lorraine.fr\/luniversite-de-lorraine\/collegiums-et-composantes\/\" target=\"_blank\" rel=\"noreferrer noopener\">de formation<\/a> et <a href=\"https:\/\/www.univ-lorraine.fr\/luniversite-de-lorraine\/laboratoires-de-recherche\/\" target=\"_blank\" rel=\"noreferrer noopener\">de recherche.<\/a><\/strong><\/em><\/p>\n\n\n\n<p><\/p>\n","protected":false},"excerpt":{"rendered":"<p>Postes ouverts au recrutement Postes d&rsquo;enseignants(es) contactuels.les : Profil du poste Date de prise de fonction Composante Date limite de candidature Enseignant.e contractuel.le en sciences de gestion, management, entrepreneuriat \u00e0 mi-temps &gt; Voir la fiche de poste CDD de 12 mois \u00e0 pourvoir au 15 juin 2026 \u00c9cole des Mines \u00e0 Nancy Merci d&rsquo;adresser votre &#8230; <a title=\"Enseignants contractuels\" class=\"read-more\" href=\"https:\/\/www.univ-lorraine.fr\/travailler-a-l-ul\/recrutement-enseignants-chercheurs\/enseignants-contractuels\/\" aria-label=\"En savoir plus sur Enseignants contractuels\">Lire plus<\/a><\/p>\n","protected":false},"author":12,"featured_media":0,"parent":41,"menu_order":0,"comment_status":"closed","ping_status":"closed","template":"","meta":{"inline_featured_image":false,"footnotes":""},"class_list":["post-385","page","type-page","status-publish"],"yoast_head":"<!-- This site is optimized with the Yoast SEO plugin v27.4 - https:\/\/yoast.com\/product\/yoast-seo-wordpress\/ -->\n<title>Enseignants contractuels - Travailler \u00e0 l&#039;UL<\/title>\n<meta name=\"robots\" content=\"index, follow, max-snippet:-1, max-image-preview:large, max-video-preview:-1\" \/>\n<link rel=\"canonical\" href=\"https:\/\/www.univ-lorraine.fr\/travailler-a-l-ul\/recrutement-enseignants-chercheurs\/enseignants-contractuels\/\" \/>\n<meta property=\"og:locale\" content=\"fr_FR\" \/>\n<meta property=\"og:type\" content=\"article\" \/>\n<meta property=\"og:title\" content=\"Enseignants contractuels - Travailler \u00e0 l&#039;UL\" \/>\n<meta property=\"og:description\" content=\"Postes ouverts au recrutement Postes d&rsquo;enseignants(es) contactuels.les : Profil du poste Date de prise de fonction Composante Date limite de candidature Enseignant.e contractuel.le en sciences de gestion, management, entrepreneuriat \u00e0 mi-temps &gt; Voir la fiche de poste CDD de 12 mois \u00e0 pourvoir au 15 juin 2026 \u00c9cole des Mines \u00e0 Nancy Merci d&rsquo;adresser votre ... Lire plus\" \/>\n<meta property=\"og:url\" content=\"https:\/\/www.univ-lorraine.fr\/travailler-a-l-ul\/recrutement-enseignants-chercheurs\/enseignants-contractuels\/\" \/>\n<meta property=\"og:site_name\" content=\"Travailler \u00e0 l&#039;UL\" \/>\n<meta property=\"article:modified_time\" content=\"2026-04-22T09:15:17+00:00\" \/>\n<meta name=\"twitter:card\" content=\"summary_large_image\" \/>\n<meta name=\"twitter:label1\" content=\"Dur\u00e9e de lecture estim\u00e9e\" \/>\n\t<meta name=\"twitter:data1\" content=\"2 minutes\" \/>\n<script type=\"application\/ld+json\" class=\"yoast-schema-graph\">{\"@context\":\"https:\\\/\\\/schema.org\",\"@graph\":[{\"@type\":\"WebPage\",\"@id\":\"https:\\\/\\\/www.univ-lorraine.fr\\\/travailler-a-l-ul\\\/recrutement-enseignants-chercheurs\\\/enseignants-contractuels\\\/\",\"url\":\"https:\\\/\\\/www.univ-lorraine.fr\\\/travailler-a-l-ul\\\/recrutement-enseignants-chercheurs\\\/enseignants-contractuels\\\/\",\"name\":\"Enseignants contractuels - Travailler \u00e0 l&#039;UL\",\"isPartOf\":{\"@id\":\"https:\\\/\\\/www.univ-lorraine.fr\\\/travailler-a-l-ul\\\/#website\"},\"datePublished\":\"2021-04-13T09:20:16+00:00\",\"dateModified\":\"2026-04-22T09:15:17+00:00\",\"breadcrumb\":{\"@id\":\"https:\\\/\\\/www.univ-lorraine.fr\\\/travailler-a-l-ul\\\/recrutement-enseignants-chercheurs\\\/enseignants-contractuels\\\/#breadcrumb\"},\"inLanguage\":\"fr-FR\",\"potentialAction\":[{\"@type\":\"ReadAction\",\"target\":[\"https:\\\/\\\/www.univ-lorraine.fr\\\/travailler-a-l-ul\\\/recrutement-enseignants-chercheurs\\\/enseignants-contractuels\\\/\"]}]},{\"@type\":\"BreadcrumbList\",\"@id\":\"https:\\\/\\\/www.univ-lorraine.fr\\\/travailler-a-l-ul\\\/recrutement-enseignants-chercheurs\\\/enseignants-contractuels\\\/#breadcrumb\",\"itemListElement\":[{\"@type\":\"ListItem\",\"position\":1,\"name\":\"Accueil\",\"item\":\"https:\\\/\\\/www.univ-lorraine.fr\\\/travailler-a-l-ul\\\/\"},{\"@type\":\"ListItem\",\"position\":2,\"name\":\"Recrutements des enseignants et des enseignants chercheurs\",\"item\":\"https:\\\/\\\/www.univ-lorraine.fr\\\/travailler-a-l-ul\\\/recrutement-enseignants-chercheurs\\\/\"},{\"@type\":\"ListItem\",\"position\":3,\"name\":\"Enseignants contractuels\"}]},{\"@type\":\"WebSite\",\"@id\":\"https:\\\/\\\/www.univ-lorraine.fr\\\/travailler-a-l-ul\\\/#website\",\"url\":\"https:\\\/\\\/www.univ-lorraine.fr\\\/travailler-a-l-ul\\\/\",\"name\":\"Travailler \u00e0 l&#039;UL\",\"description\":\"\",\"publisher\":{\"@id\":\"https:\\\/\\\/www.univ-lorraine.fr\\\/travailler-a-l-ul\\\/#organization\"},\"potentialAction\":[{\"@type\":\"SearchAction\",\"target\":{\"@type\":\"EntryPoint\",\"urlTemplate\":\"https:\\\/\\\/www.univ-lorraine.fr\\\/travailler-a-l-ul\\\/?s={search_term_string}\"},\"query-input\":{\"@type\":\"PropertyValueSpecification\",\"valueRequired\":true,\"valueName\":\"search_term_string\"}}],\"inLanguage\":\"fr-FR\"},{\"@type\":\"Organization\",\"@id\":\"https:\\\/\\\/www.univ-lorraine.fr\\\/travailler-a-l-ul\\\/#organization\",\"name\":\"Universit\u00e9 de Lorraine\",\"url\":\"https:\\\/\\\/www.univ-lorraine.fr\\\/travailler-a-l-ul\\\/\",\"logo\":{\"@type\":\"ImageObject\",\"inLanguage\":\"fr-FR\",\"@id\":\"https:\\\/\\\/www.univ-lorraine.fr\\\/travailler-a-l-ul\\\/#\\\/schema\\\/logo\\\/image\\\/\",\"url\":\"https:\\\/\\\/www.univ-lorraine.fr\\\/travailler-a-l-ul\\\/wp-content\\\/uploads\\\/sites\\\/13\\\/2021\\\/01\\\/LOGO_UL.png\",\"contentUrl\":\"https:\\\/\\\/www.univ-lorraine.fr\\\/travailler-a-l-ul\\\/wp-content\\\/uploads\\\/sites\\\/13\\\/2021\\\/01\\\/LOGO_UL.png\",\"width\":138,\"height\":48,\"caption\":\"Universit\u00e9 de Lorraine\"},\"image\":{\"@id\":\"https:\\\/\\\/www.univ-lorraine.fr\\\/travailler-a-l-ul\\\/#\\\/schema\\\/logo\\\/image\\\/\"}}]}<\/script>\n<!-- \/ Yoast SEO plugin. -->","yoast_head_json":{"title":"Enseignants contractuels - Travailler \u00e0 l&#039;UL","robots":{"index":"index","follow":"follow","max-snippet":"max-snippet:-1","max-image-preview":"max-image-preview:large","max-video-preview":"max-video-preview:-1"},"canonical":"https:\/\/www.univ-lorraine.fr\/travailler-a-l-ul\/recrutement-enseignants-chercheurs\/enseignants-contractuels\/","og_locale":"fr_FR","og_type":"article","og_title":"Enseignants contractuels - Travailler \u00e0 l&#039;UL","og_description":"Postes ouverts au recrutement Postes d&rsquo;enseignants(es) contactuels.les : Profil du poste Date de prise de fonction Composante Date limite de candidature Enseignant.e contractuel.le en sciences de gestion, management, entrepreneuriat \u00e0 mi-temps &gt; Voir la fiche de poste CDD de 12 mois \u00e0 pourvoir au 15 juin 2026 \u00c9cole des Mines \u00e0 Nancy Merci d&rsquo;adresser votre ... Lire plus","og_url":"https:\/\/www.univ-lorraine.fr\/travailler-a-l-ul\/recrutement-enseignants-chercheurs\/enseignants-contractuels\/","og_site_name":"Travailler \u00e0 l&#039;UL","article_modified_time":"2026-04-22T09:15:17+00:00","twitter_card":"summary_large_image","twitter_misc":{"Dur\u00e9e de lecture estim\u00e9e":"2 minutes"},"schema":{"@context":"https:\/\/schema.org","@graph":[{"@type":"WebPage","@id":"https:\/\/www.univ-lorraine.fr\/travailler-a-l-ul\/recrutement-enseignants-chercheurs\/enseignants-contractuels\/","url":"https:\/\/www.univ-lorraine.fr\/travailler-a-l-ul\/recrutement-enseignants-chercheurs\/enseignants-contractuels\/","name":"Enseignants contractuels - Travailler \u00e0 l&#039;UL","isPartOf":{"@id":"https:\/\/www.univ-lorraine.fr\/travailler-a-l-ul\/#website"},"datePublished":"2021-04-13T09:20:16+00:00","dateModified":"2026-04-22T09:15:17+00:00","breadcrumb":{"@id":"https:\/\/www.univ-lorraine.fr\/travailler-a-l-ul\/recrutement-enseignants-chercheurs\/enseignants-contractuels\/#breadcrumb"},"inLanguage":"fr-FR","potentialAction":[{"@type":"ReadAction","target":["https:\/\/www.univ-lorraine.fr\/travailler-a-l-ul\/recrutement-enseignants-chercheurs\/enseignants-contractuels\/"]}]},{"@type":"BreadcrumbList","@id":"https:\/\/www.univ-lorraine.fr\/travailler-a-l-ul\/recrutement-enseignants-chercheurs\/enseignants-contractuels\/#breadcrumb","itemListElement":[{"@type":"ListItem","position":1,"name":"Accueil","item":"https:\/\/www.univ-lorraine.fr\/travailler-a-l-ul\/"},{"@type":"ListItem","position":2,"name":"Recrutements des enseignants et des enseignants chercheurs","item":"https:\/\/www.univ-lorraine.fr\/travailler-a-l-ul\/recrutement-enseignants-chercheurs\/"},{"@type":"ListItem","position":3,"name":"Enseignants contractuels"}]},{"@type":"WebSite","@id":"https:\/\/www.univ-lorraine.fr\/travailler-a-l-ul\/#website","url":"https:\/\/www.univ-lorraine.fr\/travailler-a-l-ul\/","name":"Travailler \u00e0 l&#039;UL","description":"","publisher":{"@id":"https:\/\/www.univ-lorraine.fr\/travailler-a-l-ul\/#organization"},"potentialAction":[{"@type":"SearchAction","target":{"@type":"EntryPoint","urlTemplate":"https:\/\/www.univ-lorraine.fr\/travailler-a-l-ul\/?s={search_term_string}"},"query-input":{"@type":"PropertyValueSpecification","valueRequired":true,"valueName":"search_term_string"}}],"inLanguage":"fr-FR"},{"@type":"Organization","@id":"https:\/\/www.univ-lorraine.fr\/travailler-a-l-ul\/#organization","name":"Universit\u00e9 de Lorraine","url":"https:\/\/www.univ-lorraine.fr\/travailler-a-l-ul\/","logo":{"@type":"ImageObject","inLanguage":"fr-FR","@id":"https:\/\/www.univ-lorraine.fr\/travailler-a-l-ul\/#\/schema\/logo\/image\/","url":"https:\/\/www.univ-lorraine.fr\/travailler-a-l-ul\/wp-content\/uploads\/sites\/13\/2021\/01\/LOGO_UL.png","contentUrl":"https:\/\/www.univ-lorraine.fr\/travailler-a-l-ul\/wp-content\/uploads\/sites\/13\/2021\/01\/LOGO_UL.png","width":138,"height":48,"caption":"Universit\u00e9 de Lorraine"},"image":{"@id":"https:\/\/www.univ-lorraine.fr\/travailler-a-l-ul\/#\/schema\/logo\/image\/"}}]}},"_links":{"self":[{"href":"https:\/\/www.univ-lorraine.fr\/travailler-a-l-ul\/wp-json\/wp\/v2\/pages\/385","targetHints":{"allow":["GET"]}}],"collection":[{"href":"https:\/\/www.univ-lorraine.fr\/travailler-a-l-ul\/wp-json\/wp\/v2\/pages"}],"about":[{"href":"https:\/\/www.univ-lorraine.fr\/travailler-a-l-ul\/wp-json\/wp\/v2\/types\/page"}],"author":[{"embeddable":true,"href":"https:\/\/www.univ-lorraine.fr\/travailler-a-l-ul\/wp-json\/wp\/v2\/users\/12"}],"replies":[{"embeddable":true,"href":"https:\/\/www.univ-lorraine.fr\/travailler-a-l-ul\/wp-json\/wp\/v2\/comments?post=385"}],"version-history":[{"count":70,"href":"https:\/\/www.univ-lorraine.fr\/travailler-a-l-ul\/wp-json\/wp\/v2\/pages\/385\/revisions"}],"predecessor-version":[{"id":11917,"href":"https:\/\/www.univ-lorraine.fr\/travailler-a-l-ul\/wp-json\/wp\/v2\/pages\/385\/revisions\/11917"}],"up":[{"embeddable":true,"href":"https:\/\/www.univ-lorraine.fr\/travailler-a-l-ul\/wp-json\/wp\/v2\/pages\/41"}],"wp:attachment":[{"href":"https:\/\/www.univ-lorraine.fr\/travailler-a-l-ul\/wp-json\/wp\/v2\/media?parent=385"}],"curies":[{"name":"wp","href":"https:\/\/api.w.org\/{rel}","templated":true}]}}