{"id":5321,"date":"2022-09-30T16:03:19","date_gmt":"2022-09-30T14:03:19","guid":{"rendered":"https:\/\/www.univ-lorraine.fr\/travailler-a-l-ul\/?page_id=5321"},"modified":"2026-03-09T14:11:21","modified_gmt":"2026-03-09T13:11:21","slug":"offres-de-stage-offres-en-alternance","status":"publish","type":"page","link":"https:\/\/www.univ-lorraine.fr\/travailler-a-l-ul\/offres-de-stage-offres-en-alternance\/","title":{"rendered":"Offres de stage \/ Offres en alternance"},"content":{"rendered":"\n<h2 class=\"gb-headline gb-headline-34c24642 gb-headline-text\">Postes ouverts aux stages ou en alternance<\/h2>\n\n\n\n<p><strong>Postes  :<\/strong><\/p>\n\n\n\n<p><\/p>\n\n\n\n<figure class=\"wp-block-table\"><table><thead><tr><th>Profil du poste<\/th><th>Date de prise de fonction<\/th><th>Composante<\/th><th>Date limite de candidature<\/th><\/tr><\/thead><tbody><tr><td>Assistant.e communication en alternance F\/H<br><br><br>> <a href=\"https:\/\/univ-lorraine.nous-recrutons.fr\/poste\/wvwj9qx0v7-assistante-communication-en-alternance-fh\/\" type=\"link\" id=\"https:\/\/univ-lorraine.nous-recrutons.fr\/poste\/wvwj9qx0v7-assistante-communication-en-alternance-fh\/\">T\u00e9l\u00e9charger la fiche de poste et postuler en ligne<\/a><\/td><td>Contrat en alternance pendant 12 mois, \u00e0 partir du 1e septembre 2026.<\/td><td><strong>IDMC<\/strong> (Institut des Sciences du Digital, Management et Cognition) &#8211; Nancy<\/td><td>Postuler en ligne avant le 10\/04\/26 <strong><a href=\"https:\/\/univ-lorraine.nous-recrutons.fr\/poste\/wvwj9qx0v7-assistante-communication-en-alternance-fh\/\" type=\"link\" id=\"https:\/\/univ-lorraine.nous-recrutons.fr\/poste\/wvwj9qx0v7-assistante-communication-en-alternance-fh\/\">ICI<\/a><\/strong><\/td><\/tr><\/tbody><\/table><\/figure>\n","protected":false},"excerpt":{"rendered":"<p>Postes ouverts aux stages ou en alternance Postes : Profil du poste Date de prise de fonction Composante Date limite de candidature Assistant.e communication en alternance F\/H > T\u00e9l\u00e9charger la fiche de poste et postuler en ligne Contrat en alternance pendant 12 mois, \u00e0 partir du 1e septembre 2026. IDMC (Institut des Sciences du Digital, &#8230; <a title=\"Offres de stage \/ Offres en alternance\" class=\"read-more\" href=\"https:\/\/www.univ-lorraine.fr\/travailler-a-l-ul\/offres-de-stage-offres-en-alternance\/\" aria-label=\"En savoir plus sur Offres de stage \/ Offres en alternance\">Lire plus<\/a><\/p>\n","protected":false},"author":65,"featured_media":0,"parent":0,"menu_order":0,"comment_status":"closed","ping_status":"closed","template":"","meta":{"inline_featured_image":false,"footnotes":""},"class_list":["post-5321","page","type-page","status-publish"],"yoast_head":"<!-- This site is optimized with the Yoast SEO plugin v27.4 - https:\/\/yoast.com\/product\/yoast-seo-wordpress\/ -->\n<title>Offres de stage \/ Offres en alternance - Travailler \u00e0 l&#039;UL<\/title>\n<meta name=\"robots\" content=\"index, follow, max-snippet:-1, max-image-preview:large, max-video-preview:-1\" \/>\n<link rel=\"canonical\" href=\"https:\/\/www.univ-lorraine.fr\/travailler-a-l-ul\/offres-de-stage-offres-en-alternance\/\" \/>\n<meta property=\"og:locale\" content=\"fr_FR\" \/>\n<meta property=\"og:type\" content=\"article\" \/>\n<meta property=\"og:title\" content=\"Offres de stage \/ Offres en alternance - Travailler \u00e0 l&#039;UL\" \/>\n<meta property=\"og:description\" content=\"Postes ouverts aux stages ou en alternance Postes : Profil du poste Date de prise de fonction Composante Date limite de candidature Assistant.e communication en alternance F\/H &gt; T\u00e9l\u00e9charger la fiche de poste et postuler en ligne Contrat en alternance pendant 12 mois, \u00e0 partir du 1e septembre 2026. IDMC (Institut des Sciences du Digital, ... Lire plus\" \/>\n<meta property=\"og:url\" content=\"https:\/\/www.univ-lorraine.fr\/travailler-a-l-ul\/offres-de-stage-offres-en-alternance\/\" \/>\n<meta property=\"og:site_name\" content=\"Travailler \u00e0 l&#039;UL\" \/>\n<meta property=\"article:modified_time\" content=\"2026-03-09T13:11:21+00:00\" \/>\n<meta name=\"twitter:card\" content=\"summary_large_image\" \/>\n<meta name=\"twitter:label1\" content=\"Dur\u00e9e de lecture estim\u00e9e\" \/>\n\t<meta name=\"twitter:data1\" content=\"1 minute\" \/>\n<script type=\"application\/ld+json\" class=\"yoast-schema-graph\">{\"@context\":\"https:\\\/\\\/schema.org\",\"@graph\":[{\"@type\":\"WebPage\",\"@id\":\"https:\\\/\\\/www.univ-lorraine.fr\\\/travailler-a-l-ul\\\/offres-de-stage-offres-en-alternance\\\/\",\"url\":\"https:\\\/\\\/www.univ-lorraine.fr\\\/travailler-a-l-ul\\\/offres-de-stage-offres-en-alternance\\\/\",\"name\":\"Offres de stage \\\/ Offres en alternance - Travailler \u00e0 l&#039;UL\",\"isPartOf\":{\"@id\":\"https:\\\/\\\/www.univ-lorraine.fr\\\/travailler-a-l-ul\\\/#website\"},\"datePublished\":\"2022-09-30T14:03:19+00:00\",\"dateModified\":\"2026-03-09T13:11:21+00:00\",\"breadcrumb\":{\"@id\":\"https:\\\/\\\/www.univ-lorraine.fr\\\/travailler-a-l-ul\\\/offres-de-stage-offres-en-alternance\\\/#breadcrumb\"},\"inLanguage\":\"fr-FR\",\"potentialAction\":[{\"@type\":\"ReadAction\",\"target\":[\"https:\\\/\\\/www.univ-lorraine.fr\\\/travailler-a-l-ul\\\/offres-de-stage-offres-en-alternance\\\/\"]}]},{\"@type\":\"BreadcrumbList\",\"@id\":\"https:\\\/\\\/www.univ-lorraine.fr\\\/travailler-a-l-ul\\\/offres-de-stage-offres-en-alternance\\\/#breadcrumb\",\"itemListElement\":[{\"@type\":\"ListItem\",\"position\":1,\"name\":\"Accueil\",\"item\":\"https:\\\/\\\/www.univ-lorraine.fr\\\/travailler-a-l-ul\\\/\"},{\"@type\":\"ListItem\",\"position\":2,\"name\":\"Offres de stage \\\/ Offres en alternance\"}]},{\"@type\":\"WebSite\",\"@id\":\"https:\\\/\\\/www.univ-lorraine.fr\\\/travailler-a-l-ul\\\/#website\",\"url\":\"https:\\\/\\\/www.univ-lorraine.fr\\\/travailler-a-l-ul\\\/\",\"name\":\"Travailler \u00e0 l&#039;UL\",\"description\":\"\",\"publisher\":{\"@id\":\"https:\\\/\\\/www.univ-lorraine.fr\\\/travailler-a-l-ul\\\/#organization\"},\"potentialAction\":[{\"@type\":\"SearchAction\",\"target\":{\"@type\":\"EntryPoint\",\"urlTemplate\":\"https:\\\/\\\/www.univ-lorraine.fr\\\/travailler-a-l-ul\\\/?s={search_term_string}\"},\"query-input\":{\"@type\":\"PropertyValueSpecification\",\"valueRequired\":true,\"valueName\":\"search_term_string\"}}],\"inLanguage\":\"fr-FR\"},{\"@type\":\"Organization\",\"@id\":\"https:\\\/\\\/www.univ-lorraine.fr\\\/travailler-a-l-ul\\\/#organization\",\"name\":\"Universit\u00e9 de Lorraine\",\"url\":\"https:\\\/\\\/www.univ-lorraine.fr\\\/travailler-a-l-ul\\\/\",\"logo\":{\"@type\":\"ImageObject\",\"inLanguage\":\"fr-FR\",\"@id\":\"https:\\\/\\\/www.univ-lorraine.fr\\\/travailler-a-l-ul\\\/#\\\/schema\\\/logo\\\/image\\\/\",\"url\":\"https:\\\/\\\/www.univ-lorraine.fr\\\/travailler-a-l-ul\\\/wp-content\\\/uploads\\\/sites\\\/13\\\/2021\\\/01\\\/LOGO_UL.png\",\"contentUrl\":\"https:\\\/\\\/www.univ-lorraine.fr\\\/travailler-a-l-ul\\\/wp-content\\\/uploads\\\/sites\\\/13\\\/2021\\\/01\\\/LOGO_UL.png\",\"width\":138,\"height\":48,\"caption\":\"Universit\u00e9 de Lorraine\"},\"image\":{\"@id\":\"https:\\\/\\\/www.univ-lorraine.fr\\\/travailler-a-l-ul\\\/#\\\/schema\\\/logo\\\/image\\\/\"}}]}<\/script>\n<!-- \/ Yoast SEO plugin. -->","yoast_head_json":{"title":"Offres de stage \/ Offres en alternance - Travailler \u00e0 l&#039;UL","robots":{"index":"index","follow":"follow","max-snippet":"max-snippet:-1","max-image-preview":"max-image-preview:large","max-video-preview":"max-video-preview:-1"},"canonical":"https:\/\/www.univ-lorraine.fr\/travailler-a-l-ul\/offres-de-stage-offres-en-alternance\/","og_locale":"fr_FR","og_type":"article","og_title":"Offres de stage \/ Offres en alternance - Travailler \u00e0 l&#039;UL","og_description":"Postes ouverts aux stages ou en alternance Postes : Profil du poste Date de prise de fonction Composante Date limite de candidature Assistant.e communication en alternance F\/H > T\u00e9l\u00e9charger la fiche de poste et postuler en ligne Contrat en alternance pendant 12 mois, \u00e0 partir du 1e septembre 2026. IDMC (Institut des Sciences du Digital, ... Lire plus","og_url":"https:\/\/www.univ-lorraine.fr\/travailler-a-l-ul\/offres-de-stage-offres-en-alternance\/","og_site_name":"Travailler \u00e0 l&#039;UL","article_modified_time":"2026-03-09T13:11:21+00:00","twitter_card":"summary_large_image","twitter_misc":{"Dur\u00e9e de lecture estim\u00e9e":"1 minute"},"schema":{"@context":"https:\/\/schema.org","@graph":[{"@type":"WebPage","@id":"https:\/\/www.univ-lorraine.fr\/travailler-a-l-ul\/offres-de-stage-offres-en-alternance\/","url":"https:\/\/www.univ-lorraine.fr\/travailler-a-l-ul\/offres-de-stage-offres-en-alternance\/","name":"Offres de stage \/ Offres en alternance - Travailler \u00e0 l&#039;UL","isPartOf":{"@id":"https:\/\/www.univ-lorraine.fr\/travailler-a-l-ul\/#website"},"datePublished":"2022-09-30T14:03:19+00:00","dateModified":"2026-03-09T13:11:21+00:00","breadcrumb":{"@id":"https:\/\/www.univ-lorraine.fr\/travailler-a-l-ul\/offres-de-stage-offres-en-alternance\/#breadcrumb"},"inLanguage":"fr-FR","potentialAction":[{"@type":"ReadAction","target":["https:\/\/www.univ-lorraine.fr\/travailler-a-l-ul\/offres-de-stage-offres-en-alternance\/"]}]},{"@type":"BreadcrumbList","@id":"https:\/\/www.univ-lorraine.fr\/travailler-a-l-ul\/offres-de-stage-offres-en-alternance\/#breadcrumb","itemListElement":[{"@type":"ListItem","position":1,"name":"Accueil","item":"https:\/\/www.univ-lorraine.fr\/travailler-a-l-ul\/"},{"@type":"ListItem","position":2,"name":"Offres de stage \/ Offres en alternance"}]},{"@type":"WebSite","@id":"https:\/\/www.univ-lorraine.fr\/travailler-a-l-ul\/#website","url":"https:\/\/www.univ-lorraine.fr\/travailler-a-l-ul\/","name":"Travailler \u00e0 l&#039;UL","description":"","publisher":{"@id":"https:\/\/www.univ-lorraine.fr\/travailler-a-l-ul\/#organization"},"potentialAction":[{"@type":"SearchAction","target":{"@type":"EntryPoint","urlTemplate":"https:\/\/www.univ-lorraine.fr\/travailler-a-l-ul\/?s={search_term_string}"},"query-input":{"@type":"PropertyValueSpecification","valueRequired":true,"valueName":"search_term_string"}}],"inLanguage":"fr-FR"},{"@type":"Organization","@id":"https:\/\/www.univ-lorraine.fr\/travailler-a-l-ul\/#organization","name":"Universit\u00e9 de Lorraine","url":"https:\/\/www.univ-lorraine.fr\/travailler-a-l-ul\/","logo":{"@type":"ImageObject","inLanguage":"fr-FR","@id":"https:\/\/www.univ-lorraine.fr\/travailler-a-l-ul\/#\/schema\/logo\/image\/","url":"https:\/\/www.univ-lorraine.fr\/travailler-a-l-ul\/wp-content\/uploads\/sites\/13\/2021\/01\/LOGO_UL.png","contentUrl":"https:\/\/www.univ-lorraine.fr\/travailler-a-l-ul\/wp-content\/uploads\/sites\/13\/2021\/01\/LOGO_UL.png","width":138,"height":48,"caption":"Universit\u00e9 de Lorraine"},"image":{"@id":"https:\/\/www.univ-lorraine.fr\/travailler-a-l-ul\/#\/schema\/logo\/image\/"}}]}},"_links":{"self":[{"href":"https:\/\/www.univ-lorraine.fr\/travailler-a-l-ul\/wp-json\/wp\/v2\/pages\/5321","targetHints":{"allow":["GET"]}}],"collection":[{"href":"https:\/\/www.univ-lorraine.fr\/travailler-a-l-ul\/wp-json\/wp\/v2\/pages"}],"about":[{"href":"https:\/\/www.univ-lorraine.fr\/travailler-a-l-ul\/wp-json\/wp\/v2\/types\/page"}],"author":[{"embeddable":true,"href":"https:\/\/www.univ-lorraine.fr\/travailler-a-l-ul\/wp-json\/wp\/v2\/users\/65"}],"replies":[{"embeddable":true,"href":"https:\/\/www.univ-lorraine.fr\/travailler-a-l-ul\/wp-json\/wp\/v2\/comments?post=5321"}],"version-history":[{"count":70,"href":"https:\/\/www.univ-lorraine.fr\/travailler-a-l-ul\/wp-json\/wp\/v2\/pages\/5321\/revisions"}],"predecessor-version":[{"id":11593,"href":"https:\/\/www.univ-lorraine.fr\/travailler-a-l-ul\/wp-json\/wp\/v2\/pages\/5321\/revisions\/11593"}],"wp:attachment":[{"href":"https:\/\/www.univ-lorraine.fr\/travailler-a-l-ul\/wp-json\/wp\/v2\/media?parent=5321"}],"curies":[{"name":"wp","href":"https:\/\/api.w.org\/{rel}","templated":true}]}}