{"id":6557,"date":"2023-04-14T13:29:35","date_gmt":"2023-04-14T11:29:35","guid":{"rendered":"https:\/\/www.univ-lorraine.fr\/travailler-a-l-ul\/?page_id=6557"},"modified":"2024-05-28T16:40:40","modified_gmt":"2024-05-28T14:40:40","slug":"job-dating-ul-2024","status":"publish","type":"page","link":"https:\/\/www.univ-lorraine.fr\/travailler-a-l-ul\/job-dating-ul-2024\/","title":{"rendered":"JOB DATING UL 2024"},"content":{"rendered":"<div class=\"gb-container gb-container-c017db67\">\n\n<h2 class=\"gb-headline gb-headline-d8d24392 gb-headline-text\"><strong>A l&rsquo;Universit\u00e9 \u00e7a recrute, alors post&rsquo;UL !<\/strong><\/h2>\n\n\n<div class=\"gb-grid-wrapper gb-grid-wrapper-aef5a769\">\n<div class=\"gb-grid-column gb-grid-column-baaf0c79\"><div class=\"gb-container gb-container-baaf0c79\">\n\n<h3 class=\"gb-headline gb-headline-eb5cc0b2 gb-headline-text\"><strong>JOB dating Nancy<\/strong><\/h3>\n\n\n<div class=\"gb-container gb-container-7f64567f\">\n\n<figure class=\"wp-block-image alignwide size-full\"><img loading=\"lazy\" decoding=\"async\" width=\"2551\" height=\"2560\" src=\"https:\/\/www.univ-lorraine.fr\/travailler-a-l-ul\/wp-content\/uploads\/sites\/13\/2024\/05\/job-dating-2024-visuel-bien-etre_v5_format-carre_rvb-web-1-scaled.jpg\" alt=\"\" class=\"wp-image-9328\" srcset=\"https:\/\/www.univ-lorraine.fr\/travailler-a-l-ul\/wp-content\/uploads\/sites\/13\/2024\/05\/job-dating-2024-visuel-bien-etre_v5_format-carre_rvb-web-1-scaled.jpg 2551w, https:\/\/www.univ-lorraine.fr\/travailler-a-l-ul\/wp-content\/uploads\/sites\/13\/2024\/05\/job-dating-2024-visuel-bien-etre_v5_format-carre_rvb-web-1-300x300.jpg 300w, https:\/\/www.univ-lorraine.fr\/travailler-a-l-ul\/wp-content\/uploads\/sites\/13\/2024\/05\/job-dating-2024-visuel-bien-etre_v5_format-carre_rvb-web-1-1020x1024.jpg 1020w, https:\/\/www.univ-lorraine.fr\/travailler-a-l-ul\/wp-content\/uploads\/sites\/13\/2024\/05\/job-dating-2024-visuel-bien-etre_v5_format-carre_rvb-web-1-150x150.jpg 150w, https:\/\/www.univ-lorraine.fr\/travailler-a-l-ul\/wp-content\/uploads\/sites\/13\/2024\/05\/job-dating-2024-visuel-bien-etre_v5_format-carre_rvb-web-1-768x771.jpg 768w, https:\/\/www.univ-lorraine.fr\/travailler-a-l-ul\/wp-content\/uploads\/sites\/13\/2024\/05\/job-dating-2024-visuel-bien-etre_v5_format-carre_rvb-web-1-1531x1536.jpg 1531w, https:\/\/www.univ-lorraine.fr\/travailler-a-l-ul\/wp-content\/uploads\/sites\/13\/2024\/05\/job-dating-2024-visuel-bien-etre_v5_format-carre_rvb-web-1-2041x2048.jpg 2041w\" sizes=\"auto, (max-width: 2551px) 100vw, 2551px\" \/><\/figure>\n\n\n<div class=\"gb-container gb-container-58462975\">\n\n<h3 class=\"wp-block-heading has-text-align-center\">Informations pratiques<\/h3>\n\n\n\n<h2 class=\"gb-headline gb-headline-5277a47b\"><span class=\"gb-icon\"><svg xmlns=\"http:\/\/www.w3.org\/2000\/svg\" viewBox=\"0 0 384 512\" width=\"1em\" height=\"1em\" aria-hidden=\"true\"><path d=\"M172.268 501.67C26.97 291.031 0 269.413 0 192 0 85.961 85.961 0 192 0s192 85.961 192 192c0 77.413-26.97 99.031-172.268 309.67-9.535 13.774-29.93 13.773-39.464 0zM192 272c44.183 0 80-35.817 80-80s-35.817-80-80-80-80 35.817-80 80 35.817 80 80 80z\" fill=\"currentColor\"><\/path><\/svg><\/span><span class=\"gb-headline-text\">Nancy<\/span><\/h2>\n\n\n\n<h2 class=\"gb-headline gb-headline-a2c1fc61\"><span class=\"gb-icon\"><svg xmlns=\"http:\/\/www.w3.org\/2000\/svg\" viewBox=\"0 0 512 512\" width=\"1em\" height=\"1em\" aria-hidden=\"true\"><path d=\"M256 8C119 8 8 119 8 256s111 248 248 248 248-111 248-248S393 8 256 8zm0 448c-110.5 0-200-89.5-200-200S145.5 56 256 56s200 89.5 200 200-89.5 200-200 200zm61.8-104.4l-84.9-61.7c-3.1-2.3-4.9-5.9-4.9-9.7V116c0-6.6 5.4-12 12-12h32c6.6 0 12 5.4 12 12v141.7l66.8 48.6c5.4 3.9 6.5 11.4 2.6 16.8L334.6 349c-3.9 5.3-11.4 6.5-16.8 2.6z\" fill=\"currentColor\"><\/path><\/svg><\/span><span class=\"gb-headline-text\">18 juin 2024 \u2013 9h \u2013 16 h <\/span><\/h2>\n\n\n\n<h4 class=\"gb-headline gb-headline-d7e7f65f gb-headline-text\">Autour d&rsquo;Ateliers sportifs et du Bien-\u00eatre<\/h4>\n\n\n\n<div class=\"wp-block-buttons is-content-justification-center is-layout-flex wp-container-core-buttons-is-layout-16018d1d wp-block-buttons-is-layout-flex\">\n<div class=\"wp-block-button popmake-8497\"><a class=\"wp-block-button__link wp-element-button\">Inscription obligatoire avant le 3 juin<\/a><\/div>\n<\/div>\n\n\n\n<p><\/p>\n\n\n\n<p><strong>PROGRAMME :<\/strong><\/p>\n\n\n\n<ul class=\"wp-block-list\">\n<li><strong>8h30 :<\/strong> Accueil des participants autour d&rsquo;un caf\u00e9<\/li>\n\n\n\n<li><strong>9h-12h :<\/strong> En tenue de sport, ateliers sportifs et de bien-\u00eatre dans une ambiance conviviale, sans comp\u00e9tition en compagnie de nos recruteurs Pas de niveau requis en sport, les ateliers sont accessibles \u00e0 tous ! Les ateliers seront encadr\u00e9s par des enseignants du Service Universitaire d&rsquo;Activit\u00e9s physiques et sportives (SUAPS) de l&rsquo;Universit\u00e9 de Lorraine.<\/li>\n\n\n\n<li><strong>12h :<\/strong> D\u00e9jeuner tous ensemble.&nbsp; <em>Le repas est offert pour les participants et pris en charge par les organisateurs.<\/em><\/li>\n\n\n\n<li><strong>14h-16h :<\/strong> Job dating entre candidats et recruteurs.<\/li>\n<\/ul>\n\n\n\n<p><\/p>\n\n<\/div>\n<\/div>\n<\/div><\/div>\n\n<div class=\"gb-grid-column gb-grid-column-8801aed2\"><div class=\"gb-container gb-container-8801aed2\">\n\n<h3 class=\"gb-headline gb-headline-dd6a5368 gb-headline-text\"><strong>JOB dating Metz<\/strong><\/h3>\n\n\n<div class=\"gb-container gb-container-45ade4f8\">\n\n<figure class=\"wp-block-image alignwide size-full\"><img loading=\"lazy\" decoding=\"async\" width=\"600\" height=\"600\" src=\"https:\/\/www.univ-lorraine.fr\/travailler-a-l-ul\/wp-content\/uploads\/sites\/13\/2024\/04\/600x600pix.png\" alt=\"\" class=\"wp-image-9280\" srcset=\"https:\/\/www.univ-lorraine.fr\/travailler-a-l-ul\/wp-content\/uploads\/sites\/13\/2024\/04\/600x600pix.png 600w, https:\/\/www.univ-lorraine.fr\/travailler-a-l-ul\/wp-content\/uploads\/sites\/13\/2024\/04\/600x600pix-300x300.png 300w, https:\/\/www.univ-lorraine.fr\/travailler-a-l-ul\/wp-content\/uploads\/sites\/13\/2024\/04\/600x600pix-150x150.png 150w\" sizes=\"auto, (max-width: 600px) 100vw, 600px\" \/><\/figure>\n\n\n<div class=\"gb-container gb-container-134cc41a\">\n\n<h3 class=\"wp-block-heading\">Informations pratiques<\/h3>\n\n\n\n<h2 class=\"gb-headline gb-headline-de921025\"><span class=\"gb-icon\"><svg xmlns=\"http:\/\/www.w3.org\/2000\/svg\" viewBox=\"0 0 384 512\" width=\"1em\" height=\"1em\" aria-hidden=\"true\"><path d=\"M172.268 501.67C26.97 291.031 0 269.413 0 192 0 85.961 85.961 0 192 0s192 85.961 192 192c0 77.413-26.97 99.031-172.268 309.67-9.535 13.774-29.93 13.773-39.464 0zM192 272c44.183 0 80-35.817 80-80s-35.817-80-80-80-80 35.817-80 80 35.817 80 80 80z\" fill=\"currentColor\"><\/path><\/svg><\/span><span class=\"gb-headline-text\">Espace Bernard-Marie Kolt\u00e8s \u2013 Campus du Saulcy \u2013 Metz<\/span><\/h2>\n\n\n\n<h2 class=\"gb-headline gb-headline-95ac6395\"><span class=\"gb-icon\"><svg xmlns=\"http:\/\/www.w3.org\/2000\/svg\" viewBox=\"0 0 512 512\" width=\"1em\" height=\"1em\" aria-hidden=\"true\"><path d=\"M256 8C119 8 8 119 8 256s111 248 248 248 248-111 248-248S393 8 256 8zm0 448c-110.5 0-200-89.5-200-200S145.5 56 256 56s200 89.5 200 200-89.5 200-200 200zm61.8-104.4l-84.9-61.7c-3.1-2.3-4.9-5.9-4.9-9.7V116c0-6.6 5.4-12 12-12h32c6.6 0 12 5.4 12 12v141.7l66.8 48.6c5.4 3.9 6.5 11.4 2.6 16.8L334.6 349c-3.9 5.3-11.4 6.5-16.8 2.6z\" fill=\"currentColor\"><\/path><\/svg><\/span><span class=\"gb-headline-text\">25 juin 2024 \u2013 10h \u2013 16h<\/span><\/h2>\n\n\n\n<p class=\"has-text-align-left\"><strong>11h00 :<\/strong> <strong>Conf\u00e9rence<\/strong> \u00ab&nbsp;<strong>Pourquoi et comment nous rejoindre&nbsp;?<\/strong>&nbsp;\u00bb. Elle vous permettra de conna\u00eetre les perspectives de carri\u00e8re qui pourraient s\u2019offrir \u00e0 vous en nous rejoignant.<\/p>\n\n\n\n<p class=\"has-text-align-left\"><strong>Ce<\/strong> <strong>Job Dating \u00e0 Metz est ouvert \u00e0 tous, avec ou sans dipl\u00f4me, votre \u00e2ge ou votre situation professionnelle.<\/strong><\/p>\n\n\n\n<p><strong>Une centaine de postes \u00e0 pourvoir sur la Lorraine !<\/strong><\/p>\n\n\n\n<p class=\"has-text-align-left\">L\u2019entr\u00e9e est gratuite et ne n\u00e9cessite pas de pr\u00e9-inscription.<\/p>\n\n\n\n<p class=\"has-text-align-center\">Nous nous r\u00e9jouissons de vous rencontrer&nbsp;!<\/p>\n\n<\/div>\n<\/div>\n<\/div><\/div>\n<\/div>\n\n<div class=\"gb-container gb-container-5aec8f9e\"><div class=\"gb-inside-container\">\n\n<p><strong>Vous \u00eates en situation d\u2019activit\u00e9 professionnelle et souhaitez vous r\u00e9orienter&nbsp;? <\/strong><\/p>\n\n\n\n<p><strong>Vous \u00eates demandeur d\u2019emploi ?<\/strong><\/p>\n\n\n\n<p><strong>Munissez-vous de votre CV et venez rencontrer nos charg\u00e9s de recrutement pour participer \u00e0 de courts entretiens.<\/strong><\/p>\n\n\n\n<p><\/p>\n\n\n\n<h2 class=\"wp-block-heading has-text-align-center\">L&rsquo;Universit\u00e9 de Lorraine c&rsquo;est plus de 200 m\u00e9tiers <br>et plus de 350 recrutements  par an !<\/h2>\n\n\n\n<p>Des \u00e9lectriciens, des op\u00e9rateurs de maintenance, des gestionnaires administratifs, des agents d&rsquo;entretiens, des responsables administratifs, des charg\u00e9s de communication et bien plus encore !<\/p>\n\n\n\n<p><strong>Avec ou sans dipl\u00f4me, avec ou sans exp\u00e9rience, n&rsquo;h\u00e9sitez plus, rencontrez-nous !<\/strong><\/p>\n\n<\/div><\/div>\n\n<div class=\"gb-container gb-container-8c083f85\"><div class=\"gb-inside-container\">\n\n<p class=\"has-text-align-center\">L\u2019Universit\u00e9 de Lorraine, c\u2019est 43 composantes de formation (UFR, Facult\u00e9s, IUT), 60 laboratoires de recherche et 17 directions op\u00e9rationnelles qui regroupent + de 7000 personnels (enseignants, enseignants chercheurs et personnels administratifs et techniques) r\u00e9partis sur toute la Lorraine.<\/p>\n\n\n\n<div class=\"wp-block-buttons is-content-justification-center is-layout-flex wp-container-core-buttons-is-layout-16018d1d wp-block-buttons-is-layout-flex\">\n<div class=\"wp-block-button\"><a class=\"wp-block-button__link wp-element-button\" href=\"https:\/\/www.univ-lorraine.fr\/travailler-a-l-ul\/pourquoi-rejoindre-luniversite-de-lorraine\/\" target=\"_blank\" rel=\"noreferrer noopener\">Pourquoi rejoindre l&rsquo;Universit\u00e9 de Lorraine ?<\/a><\/div>\n<\/div>\n\n\n\n<p class=\"gb-headline gb-headline-648bcee5 gb-headline-text\">Nous recrutons \u00e9galement par la voie du concours mais aussi via des recrutements r\u00e9serv\u00e9s (recrutements PACTE et recrutements r\u00e9serv\u00e9s pour les personnes en situation de handicap (recrutements BOE)).<\/p>\n\n<\/div><\/div>\n\n<div class=\"gb-container gb-container-2c941d2a\"><div class=\"gb-inside-container\">\n\n<h2 class=\"gb-headline gb-headline-df3e7a18 gb-headline-text\">Comment vous pr\u00e9parer&nbsp;\u00e0 ces journ\u00e9es&nbsp;?<\/h2>\n\n\n\n<p class=\"gb-headline gb-headline-73d4e291 gb-headline-text\"><strong>Ces journ\u00e9es seront l\u2019occasion de rencontrer les charg\u00e9s de recrutement de l\u2019Universit\u00e9 de Lorraine. <\/strong><\/p>\n\n\n\n<p class=\"gb-headline gb-headline-f92a211e gb-headline-text\">Pr\u00e9parez vous au mieux pour ces journ\u00e9es en&nbsp;:<\/p>\n\n\n\n<p class=\"gb-headline gb-headline-5758dd42 gb-headline-text\"><strong>Vous renseignant sur l\u2019universit\u00e9,<\/strong><\/p>\n\n\n\n<p class=\"gb-headline gb-headline-c630f64a gb-headline-text\"><strong>Pr\u00e9parant et en apportant votre CV actualis\u00e9, <\/strong><\/p>\n\n\n\n<p class=\"gb-headline gb-headline-5d6ddb8b gb-headline-text\"><strong>Pr\u00e9parant au mieux votre pr\u00e9sentation.<\/strong><\/p>\n\n\n\n<p class=\"gb-headline gb-headline-269bbcdf gb-headline-text\"><em>Apr\u00e8s ces journ\u00e9es, n\u2019h\u00e9sitez pas \u00e0 nous solliciter via notre adresse mail <a href=\"&#109;&#97;&#x69;&#x6c;&#116;&#111;&#x3a;&#x64;&#97;&#100;&#x72;&#x68;&#45;&#114;&#x65;&#x63;&#114;&#117;&#x74;&#x65;&#109;&#101;&#x6e;&#x74;&#45;&#99;&#x6f;&#x6e;&#116;&#97;&#x63;&#x74;&#64;&#117;&#x6e;&#x69;&#118;&#45;&#x6c;&#x6f;&#114;&#114;&#x61;&#x69;&#110;&#101;&#x2e;&#x66;&#114;\">&#x64;&#x61;&#x64;&#x72;&#104;&#45;&#114;ec&#x72;&#x75;&#x74;&#x65;&#x6d;&#101;&#110;&#116;-c&#x6f;&#x6e;&#x74;&#x61;&#x63;&#116;&#64;&#117;ni&#x76;&#x2d;&#x6c;&#x6f;&#x72;&#114;&#97;&#105;ne&#x2e;&#x66;&#x72;<\/a> <\/em><\/p>\n\n\n\n<div class=\"wp-block-buttons is-content-justification-center is-layout-flex wp-container-core-buttons-is-layout-16018d1d wp-block-buttons-is-layout-flex\">\n<div class=\"wp-block-button\"><a class=\"wp-block-button__link wp-element-button\" href=\"https:\/\/www.univ-lorraine.fr\/travailler-a-l-ul\/recrutement-externe\/\"><strong>Vous pouvez \u00e9galement postuler directement \u00e0 nos offres<\/strong><\/a><\/div>\n<\/div>\n\n<\/div><\/div>\n<\/div>","protected":false},"excerpt":{"rendered":"<p>A l&rsquo;Universit\u00e9 \u00e7a recrute, alors post&rsquo;UL ! Vous \u00eates en situation d\u2019activit\u00e9 professionnelle et souhaitez vous r\u00e9orienter&nbsp;? Vous \u00eates demandeur d\u2019emploi ? Munissez-vous de votre CV et venez rencontrer nos charg\u00e9s de recrutement pour participer \u00e0 de courts entretiens. L&rsquo;Universit\u00e9 de Lorraine c&rsquo;est plus de 200 m\u00e9tiers et plus de 350 recrutements par an ! &#8230; <a title=\"JOB DATING UL 2024\" class=\"read-more\" href=\"https:\/\/www.univ-lorraine.fr\/travailler-a-l-ul\/job-dating-ul-2024\/\" aria-label=\"En savoir plus sur JOB DATING UL 2024\">Lire plus<\/a><\/p>\n","protected":false},"author":65,"featured_media":0,"parent":0,"menu_order":0,"comment_status":"closed","ping_status":"closed","template":"","meta":{"inline_featured_image":false,"footnotes":""},"class_list":["post-6557","page","type-page","status-publish"],"yoast_head":"<!-- This site is optimized with the Yoast SEO plugin v27.4 - https:\/\/yoast.com\/product\/yoast-seo-wordpress\/ -->\n<title>JOB DATING UL 2024 - Travailler \u00e0 l&#039;UL<\/title>\n<meta name=\"robots\" content=\"index, follow, max-snippet:-1, max-image-preview:large, max-video-preview:-1\" \/>\n<link rel=\"canonical\" href=\"https:\/\/www.univ-lorraine.fr\/travailler-a-l-ul\/job-dating-ul-2024\/\" \/>\n<meta property=\"og:locale\" content=\"fr_FR\" \/>\n<meta property=\"og:type\" content=\"article\" \/>\n<meta property=\"og:title\" content=\"JOB DATING UL 2024 - Travailler \u00e0 l&#039;UL\" \/>\n<meta property=\"og:description\" content=\"A l&rsquo;Universit\u00e9 \u00e7a recrute, alors post&rsquo;UL ! Vous \u00eates en situation d\u2019activit\u00e9 professionnelle et souhaitez vous r\u00e9orienter&nbsp;? Vous \u00eates demandeur d\u2019emploi ? Munissez-vous de votre CV et venez rencontrer nos charg\u00e9s de recrutement pour participer \u00e0 de courts entretiens. L&rsquo;Universit\u00e9 de Lorraine c&rsquo;est plus de 200 m\u00e9tiers et plus de 350 recrutements par an ! ... Lire plus\" \/>\n<meta property=\"og:url\" content=\"https:\/\/www.univ-lorraine.fr\/travailler-a-l-ul\/job-dating-ul-2024\/\" \/>\n<meta property=\"og:site_name\" content=\"Travailler \u00e0 l&#039;UL\" \/>\n<meta property=\"article:modified_time\" content=\"2024-05-28T14:40:40+00:00\" \/>\n<meta property=\"og:image\" content=\"https:\/\/www.univ-lorraine.fr\/travailler-a-l-ul\/wp-content\/uploads\/sites\/13\/2024\/05\/job-dating-2024-visuel-bien-etre_v5_format-carre_rvb-web-1-scaled.jpg\" \/>\n<meta name=\"twitter:card\" content=\"summary_large_image\" \/>\n<meta name=\"twitter:label1\" content=\"Dur\u00e9e de lecture estim\u00e9e\" \/>\n\t<meta name=\"twitter:data1\" content=\"3 minutes\" \/>\n<script type=\"application\/ld+json\" class=\"yoast-schema-graph\">{\"@context\":\"https:\\\/\\\/schema.org\",\"@graph\":[{\"@type\":\"WebPage\",\"@id\":\"https:\\\/\\\/www.univ-lorraine.fr\\\/travailler-a-l-ul\\\/job-dating-ul-2024\\\/\",\"url\":\"https:\\\/\\\/www.univ-lorraine.fr\\\/travailler-a-l-ul\\\/job-dating-ul-2024\\\/\",\"name\":\"JOB DATING UL 2024 - Travailler \u00e0 l&#039;UL\",\"isPartOf\":{\"@id\":\"https:\\\/\\\/www.univ-lorraine.fr\\\/travailler-a-l-ul\\\/#website\"},\"primaryImageOfPage\":{\"@id\":\"https:\\\/\\\/www.univ-lorraine.fr\\\/travailler-a-l-ul\\\/job-dating-ul-2024\\\/#primaryimage\"},\"image\":{\"@id\":\"https:\\\/\\\/www.univ-lorraine.fr\\\/travailler-a-l-ul\\\/job-dating-ul-2024\\\/#primaryimage\"},\"thumbnailUrl\":\"https:\\\/\\\/www.univ-lorraine.fr\\\/travailler-a-l-ul\\\/wp-content\\\/uploads\\\/sites\\\/13\\\/2024\\\/05\\\/job-dating-2024-visuel-bien-etre_v5_format-carre_rvb-web-1-scaled.jpg\",\"datePublished\":\"2023-04-14T11:29:35+00:00\",\"dateModified\":\"2024-05-28T14:40:40+00:00\",\"breadcrumb\":{\"@id\":\"https:\\\/\\\/www.univ-lorraine.fr\\\/travailler-a-l-ul\\\/job-dating-ul-2024\\\/#breadcrumb\"},\"inLanguage\":\"fr-FR\",\"potentialAction\":[{\"@type\":\"ReadAction\",\"target\":[\"https:\\\/\\\/www.univ-lorraine.fr\\\/travailler-a-l-ul\\\/job-dating-ul-2024\\\/\"]}]},{\"@type\":\"ImageObject\",\"inLanguage\":\"fr-FR\",\"@id\":\"https:\\\/\\\/www.univ-lorraine.fr\\\/travailler-a-l-ul\\\/job-dating-ul-2024\\\/#primaryimage\",\"url\":\"https:\\\/\\\/www.univ-lorraine.fr\\\/travailler-a-l-ul\\\/wp-content\\\/uploads\\\/sites\\\/13\\\/2024\\\/05\\\/job-dating-2024-visuel-bien-etre_v5_format-carre_rvb-web-1-scaled.jpg\",\"contentUrl\":\"https:\\\/\\\/www.univ-lorraine.fr\\\/travailler-a-l-ul\\\/wp-content\\\/uploads\\\/sites\\\/13\\\/2024\\\/05\\\/job-dating-2024-visuel-bien-etre_v5_format-carre_rvb-web-1-scaled.jpg\",\"width\":2551,\"height\":2560},{\"@type\":\"BreadcrumbList\",\"@id\":\"https:\\\/\\\/www.univ-lorraine.fr\\\/travailler-a-l-ul\\\/job-dating-ul-2024\\\/#breadcrumb\",\"itemListElement\":[{\"@type\":\"ListItem\",\"position\":1,\"name\":\"Accueil\",\"item\":\"https:\\\/\\\/www.univ-lorraine.fr\\\/travailler-a-l-ul\\\/\"},{\"@type\":\"ListItem\",\"position\":2,\"name\":\"JOB DATING UL 2024\"}]},{\"@type\":\"WebSite\",\"@id\":\"https:\\\/\\\/www.univ-lorraine.fr\\\/travailler-a-l-ul\\\/#website\",\"url\":\"https:\\\/\\\/www.univ-lorraine.fr\\\/travailler-a-l-ul\\\/\",\"name\":\"Travailler \u00e0 l&#039;UL\",\"description\":\"\",\"publisher\":{\"@id\":\"https:\\\/\\\/www.univ-lorraine.fr\\\/travailler-a-l-ul\\\/#organization\"},\"potentialAction\":[{\"@type\":\"SearchAction\",\"target\":{\"@type\":\"EntryPoint\",\"urlTemplate\":\"https:\\\/\\\/www.univ-lorraine.fr\\\/travailler-a-l-ul\\\/?s={search_term_string}\"},\"query-input\":{\"@type\":\"PropertyValueSpecification\",\"valueRequired\":true,\"valueName\":\"search_term_string\"}}],\"inLanguage\":\"fr-FR\"},{\"@type\":\"Organization\",\"@id\":\"https:\\\/\\\/www.univ-lorraine.fr\\\/travailler-a-l-ul\\\/#organization\",\"name\":\"Universit\u00e9 de Lorraine\",\"url\":\"https:\\\/\\\/www.univ-lorraine.fr\\\/travailler-a-l-ul\\\/\",\"logo\":{\"@type\":\"ImageObject\",\"inLanguage\":\"fr-FR\",\"@id\":\"https:\\\/\\\/www.univ-lorraine.fr\\\/travailler-a-l-ul\\\/#\\\/schema\\\/logo\\\/image\\\/\",\"url\":\"https:\\\/\\\/www.univ-lorraine.fr\\\/travailler-a-l-ul\\\/wp-content\\\/uploads\\\/sites\\\/13\\\/2021\\\/01\\\/LOGO_UL.png\",\"contentUrl\":\"https:\\\/\\\/www.univ-lorraine.fr\\\/travailler-a-l-ul\\\/wp-content\\\/uploads\\\/sites\\\/13\\\/2021\\\/01\\\/LOGO_UL.png\",\"width\":138,\"height\":48,\"caption\":\"Universit\u00e9 de Lorraine\"},\"image\":{\"@id\":\"https:\\\/\\\/www.univ-lorraine.fr\\\/travailler-a-l-ul\\\/#\\\/schema\\\/logo\\\/image\\\/\"}}]}<\/script>\n<!-- \/ Yoast SEO plugin. -->","yoast_head_json":{"title":"JOB DATING UL 2024 - Travailler \u00e0 l&#039;UL","robots":{"index":"index","follow":"follow","max-snippet":"max-snippet:-1","max-image-preview":"max-image-preview:large","max-video-preview":"max-video-preview:-1"},"canonical":"https:\/\/www.univ-lorraine.fr\/travailler-a-l-ul\/job-dating-ul-2024\/","og_locale":"fr_FR","og_type":"article","og_title":"JOB DATING UL 2024 - Travailler \u00e0 l&#039;UL","og_description":"A l&rsquo;Universit\u00e9 \u00e7a recrute, alors post&rsquo;UL ! Vous \u00eates en situation d\u2019activit\u00e9 professionnelle et souhaitez vous r\u00e9orienter&nbsp;? Vous \u00eates demandeur d\u2019emploi ? Munissez-vous de votre CV et venez rencontrer nos charg\u00e9s de recrutement pour participer \u00e0 de courts entretiens. L&rsquo;Universit\u00e9 de Lorraine c&rsquo;est plus de 200 m\u00e9tiers et plus de 350 recrutements par an ! ... Lire plus","og_url":"https:\/\/www.univ-lorraine.fr\/travailler-a-l-ul\/job-dating-ul-2024\/","og_site_name":"Travailler \u00e0 l&#039;UL","article_modified_time":"2024-05-28T14:40:40+00:00","og_image":[{"url":"https:\/\/www.univ-lorraine.fr\/travailler-a-l-ul\/wp-content\/uploads\/sites\/13\/2024\/05\/job-dating-2024-visuel-bien-etre_v5_format-carre_rvb-web-1-scaled.jpg","type":"","width":"","height":""}],"twitter_card":"summary_large_image","twitter_misc":{"Dur\u00e9e de lecture estim\u00e9e":"3 minutes"},"schema":{"@context":"https:\/\/schema.org","@graph":[{"@type":"WebPage","@id":"https:\/\/www.univ-lorraine.fr\/travailler-a-l-ul\/job-dating-ul-2024\/","url":"https:\/\/www.univ-lorraine.fr\/travailler-a-l-ul\/job-dating-ul-2024\/","name":"JOB DATING UL 2024 - Travailler \u00e0 l&#039;UL","isPartOf":{"@id":"https:\/\/www.univ-lorraine.fr\/travailler-a-l-ul\/#website"},"primaryImageOfPage":{"@id":"https:\/\/www.univ-lorraine.fr\/travailler-a-l-ul\/job-dating-ul-2024\/#primaryimage"},"image":{"@id":"https:\/\/www.univ-lorraine.fr\/travailler-a-l-ul\/job-dating-ul-2024\/#primaryimage"},"thumbnailUrl":"https:\/\/www.univ-lorraine.fr\/travailler-a-l-ul\/wp-content\/uploads\/sites\/13\/2024\/05\/job-dating-2024-visuel-bien-etre_v5_format-carre_rvb-web-1-scaled.jpg","datePublished":"2023-04-14T11:29:35+00:00","dateModified":"2024-05-28T14:40:40+00:00","breadcrumb":{"@id":"https:\/\/www.univ-lorraine.fr\/travailler-a-l-ul\/job-dating-ul-2024\/#breadcrumb"},"inLanguage":"fr-FR","potentialAction":[{"@type":"ReadAction","target":["https:\/\/www.univ-lorraine.fr\/travailler-a-l-ul\/job-dating-ul-2024\/"]}]},{"@type":"ImageObject","inLanguage":"fr-FR","@id":"https:\/\/www.univ-lorraine.fr\/travailler-a-l-ul\/job-dating-ul-2024\/#primaryimage","url":"https:\/\/www.univ-lorraine.fr\/travailler-a-l-ul\/wp-content\/uploads\/sites\/13\/2024\/05\/job-dating-2024-visuel-bien-etre_v5_format-carre_rvb-web-1-scaled.jpg","contentUrl":"https:\/\/www.univ-lorraine.fr\/travailler-a-l-ul\/wp-content\/uploads\/sites\/13\/2024\/05\/job-dating-2024-visuel-bien-etre_v5_format-carre_rvb-web-1-scaled.jpg","width":2551,"height":2560},{"@type":"BreadcrumbList","@id":"https:\/\/www.univ-lorraine.fr\/travailler-a-l-ul\/job-dating-ul-2024\/#breadcrumb","itemListElement":[{"@type":"ListItem","position":1,"name":"Accueil","item":"https:\/\/www.univ-lorraine.fr\/travailler-a-l-ul\/"},{"@type":"ListItem","position":2,"name":"JOB DATING UL 2024"}]},{"@type":"WebSite","@id":"https:\/\/www.univ-lorraine.fr\/travailler-a-l-ul\/#website","url":"https:\/\/www.univ-lorraine.fr\/travailler-a-l-ul\/","name":"Travailler \u00e0 l&#039;UL","description":"","publisher":{"@id":"https:\/\/www.univ-lorraine.fr\/travailler-a-l-ul\/#organization"},"potentialAction":[{"@type":"SearchAction","target":{"@type":"EntryPoint","urlTemplate":"https:\/\/www.univ-lorraine.fr\/travailler-a-l-ul\/?s={search_term_string}"},"query-input":{"@type":"PropertyValueSpecification","valueRequired":true,"valueName":"search_term_string"}}],"inLanguage":"fr-FR"},{"@type":"Organization","@id":"https:\/\/www.univ-lorraine.fr\/travailler-a-l-ul\/#organization","name":"Universit\u00e9 de Lorraine","url":"https:\/\/www.univ-lorraine.fr\/travailler-a-l-ul\/","logo":{"@type":"ImageObject","inLanguage":"fr-FR","@id":"https:\/\/www.univ-lorraine.fr\/travailler-a-l-ul\/#\/schema\/logo\/image\/","url":"https:\/\/www.univ-lorraine.fr\/travailler-a-l-ul\/wp-content\/uploads\/sites\/13\/2021\/01\/LOGO_UL.png","contentUrl":"https:\/\/www.univ-lorraine.fr\/travailler-a-l-ul\/wp-content\/uploads\/sites\/13\/2021\/01\/LOGO_UL.png","width":138,"height":48,"caption":"Universit\u00e9 de Lorraine"},"image":{"@id":"https:\/\/www.univ-lorraine.fr\/travailler-a-l-ul\/#\/schema\/logo\/image\/"}}]}},"_links":{"self":[{"href":"https:\/\/www.univ-lorraine.fr\/travailler-a-l-ul\/wp-json\/wp\/v2\/pages\/6557","targetHints":{"allow":["GET"]}}],"collection":[{"href":"https:\/\/www.univ-lorraine.fr\/travailler-a-l-ul\/wp-json\/wp\/v2\/pages"}],"about":[{"href":"https:\/\/www.univ-lorraine.fr\/travailler-a-l-ul\/wp-json\/wp\/v2\/types\/page"}],"author":[{"embeddable":true,"href":"https:\/\/www.univ-lorraine.fr\/travailler-a-l-ul\/wp-json\/wp\/v2\/users\/65"}],"replies":[{"embeddable":true,"href":"https:\/\/www.univ-lorraine.fr\/travailler-a-l-ul\/wp-json\/wp\/v2\/comments?post=6557"}],"version-history":[{"count":70,"href":"https:\/\/www.univ-lorraine.fr\/travailler-a-l-ul\/wp-json\/wp\/v2\/pages\/6557\/revisions"}],"predecessor-version":[{"id":9547,"href":"https:\/\/www.univ-lorraine.fr\/travailler-a-l-ul\/wp-json\/wp\/v2\/pages\/6557\/revisions\/9547"}],"wp:attachment":[{"href":"https:\/\/www.univ-lorraine.fr\/travailler-a-l-ul\/wp-json\/wp\/v2\/media?parent=6557"}],"curies":[{"name":"wp","href":"https:\/\/api.w.org\/{rel}","templated":true}]}}