{"id":267,"date":"2022-09-13T12:28:27","date_gmt":"2022-09-13T10:28:27","guid":{"rendered":"https:\/\/www.univ-lorraine.fr\/welcome\/?page_id=267"},"modified":"2024-03-13T17:34:41","modified_gmt":"2024-03-13T16:34:41","slug":"luniversite-de-lorraine","status":"publish","type":"page","link":"https:\/\/www.univ-lorraine.fr\/welcome\/luniversite-de-lorraine\/","title":{"rendered":"L&rsquo;Universit\u00e9 de Lorraine"},"content":{"rendered":"\n<h2 class=\"gb-headline gb-headline-0573f86d gb-headline-text\">Cultiver l&rsquo;internationalisation<\/h2>\n\n\n\n<p>Dans un monde multiculturel o\u00f9 les \u00e9changes se multiplient, o\u00f9 les rencontres s\u2019intensifient, \u00e9tudier dans un environnement internationalis\u00e9 est un gage de parcours r\u00e9ussi dans l\u2019enseignement sup\u00e9rieur.<\/p>\n\n\n\n<p>L\u2019Universit\u00e9 de Lorraine accueille 10 000 \u00e9tudiants internationaux, dont 800 doctorants, originaires de tous les continents. Mobilit\u00e9 \u00e9tudiante (L,M,D), parcours bi-dipl\u00f4mants, Erasmus Mundus, formations avec doubles dipl\u00f4mes ou accords d\u2019\u00e9changes d\u2019\u00e9tudiants, collaborations internationales de recherche\u2026 l\u2019Universit\u00e9 de Lorraine cultive sa vocation internationale par nature : une r\u00e9alit\u00e9 que nous comprenons par essence en vous accompagnant dans l\u2019internationalisation de votre cursus et en vous proposant des formations dispens\u00e9es en langues anglaise, allemande et fran\u00e7aise avec une dimension interculturelle.<\/p>\n\n\n\n<p>L\u2019Universit\u00e9 de Lorraine affirme \u00e9galement son ADN europ\u00e9en en tant que membre d&rsquo;<a href=\"https:\/\/www.eurecapro.eu\/\"><strong>Eureca-Pro<\/strong><\/a>, alliance de 9 universit\u00e9s de 8 pays europ\u00e9ens diff\u00e9rents, et comme membre fondateur de l\u2019Universit\u00e9 de la Grande R\u00e9gion (<a href=\"https:\/\/www.uni-gr.eu\/\"><strong>UniGR<\/strong><\/a>) qui compte 7 universit\u00e9s de 4 pays frontaliers. \u00c9tudier en Lorraine, c\u2019est vivre au carrefour de l\u2019Europe. Id\u00e9alement situ\u00e9e, la Lorraine est proche de grandes capitales europ\u00e9ennes, dont Paris.<\/p>\n\n\n\n<p>Que vous soyez de passage ou d\u00e9cidiez de prolonger votre exp\u00e9rience \u00e0 l\u2019Universit\u00e9 de Lorraine, vous ouvrez un nouveau chapitre de votre vie, riche en savoirs, rencontres et exp\u00e9riences culturelles.<\/p>\n\n\n\n<p>L\u2019universit\u00e9 de Lorraine a re\u00e7u le label <em>Bienvenue en France<\/em> qui garantit \u00e0 ses \u00e9tudiants et enseignants-chercheurs internationaux un accueil de haute qualit\u00e9.<\/p>\n\n\n\n<p><\/p>\n\n\n\n<h2 class=\"gb-headline gb-headline-5daf9c9a gb-headline-text\">La recherche \u00e0 l&rsquo;Universit\u00e9 de Lorraine<\/h2>\n\n\n<div class=\"gb-grid-wrapper gb-grid-wrapper-9761d442\">\n<div class=\"gb-grid-column gb-grid-column-a5b2a474\"><div class=\"gb-container gb-container-a5b2a474\">\n\n<p><\/p>\n\n\n\n<p>Le cadre pluridisciplinaire de la recherche \u00e0 l\u2019universit\u00e9 de Lorraine rassemble environ <strong>3 900 chercheurs<\/strong> r\u00e9partis dans <strong>10 p\u00f4les de recherche<\/strong>. Cette recherche fondamentale et appliqu\u00e9e est structur\u00e9es en <strong>8 domaines th\u00e9matiques<\/strong> de haute priorit\u00e9 qui sont au c\u0153ur des atouts de notre r\u00e9gion :<\/p>\n\n\n\n<ul class=\"wp-block-list\">\n<li>Energies et transition \u00e9nerg\u00e9tique<\/li>\n\n\n\n<li>Gestion durable des ressources, bio\u00e9conomie<\/li>\n\n\n\n<li>Mat\u00e9riaux, chimie, proc\u00e9d\u00e9s et produits<\/li>\n\n\n\n<li>Technologies num\u00e9riques, math\u00e9matiques<\/li>\n\n\n\n<li>Sant\u00e9, biologie, vieillissement<\/li>\n\n\n\n<li>Cultures, lettres et territoires<\/li>\n\n\n\n<li>Langage, langues et connaissances<\/li>\n\n\n\n<li>Soci\u00e9t\u00e9s contemporaines: \u00e9volutions, r\u00e9gulations et exp\u00e9rimentations.<\/li>\n<\/ul>\n\n\n\n<p><\/p>\n\n<\/div><\/div>\n\n<div class=\"gb-grid-column gb-grid-column-6a1af02a\"><div class=\"gb-container gb-container-6a1af02a\">\n\n<figure class=\"wp-block-embed is-type-video is-provider-youtube wp-block-embed-youtube wp-embed-aspect-16-9 wp-has-aspect-ratio\"><div class=\"wp-block-embed__wrapper\">\n<iframe loading=\"lazy\" title=\"WELCOME : Rencontre avec Miha Zaloznik, Chercheur CNRS, Institut Jean Lamour\" width=\"1200\" height=\"675\" src=\"https:\/\/www.youtube.com\/embed\/lhFdx0ESij0?feature=oembed\" frameborder=\"0\" allow=\"accelerometer; autoplay; clipboard-write; encrypted-media; gyroscope; picture-in-picture; web-share\" referrerpolicy=\"strict-origin-when-cross-origin\" allowfullscreen><\/iframe>\n<\/div><\/figure>\n\n<\/div><\/div>\n\n<div class=\"gb-grid-column gb-grid-column-100df9a5\"><div class=\"gb-container gb-container-100df9a5\">\n\n<p class=\"has-text-align-center\"><strong>Avec 1800 doctorants de 90 nationalit\u00e9s diff\u00e9rentes, 8 \u00e9coles doctorales et 400 th\u00e8ses soutenues chaque ann\u00e9e : <\/strong><br><strong>l&rsquo;Universit\u00e9 de Lorraine, une recherche internationale de premier plan.<\/strong><\/p>\n\n<\/div><\/div>\n\n<div class=\"gb-grid-column gb-grid-column-2db08406\"><div class=\"gb-container gb-container-2db08406\">\n\n<p class=\"gb-headline gb-headline-3f43915f gb-headline-text\">L\u2019Universit\u00e9 de Lorraine est membre de l\u2019association <a href=\"https:\/\/www.euraxess.fr\/fr\" target=\"_blank\" rel=\"noreferrer noopener\"><strong>Euraxess France<\/strong><\/a> pour l\u2019accueil des chercheurs internationaux. Ses 2 centres de services Euraxess accompagnent les doctorants et chercheurs internationaux : \u00e0 Nancy (91 avenue de la Lib\u00e9ration) et \u00e0 Metz (Maison Grosser, Campus du Saulcy).<\/p>\n\n<\/div><\/div>\n\n<div class=\"gb-grid-column gb-grid-column-7418b557\"><div class=\"gb-container gb-container-7418b557\">\n\n<p class=\"gb-headline gb-headline-367ae033 gb-headline-text\">L\u2019Universit\u00e9 de Lorraine a \u00e9t\u00e9 <strong>labellis\u00e9e HRS4R<\/strong> en 2017, label renouvel\u00e9 en 2023. Ce label garantit, pour les chercheurs, un environnement de travail propice \u00e0 la conduite de l\u2019activit\u00e9 de recherche, des aides \u00e0 la mobilit\u00e9, une \u00e9volution de carri\u00e8re, l\u2019application des principes de non-discriminations, d\u2019\u00e9thiques, etc.<\/p>\n\n<\/div><\/div>\n<\/div>","protected":false},"excerpt":{"rendered":"<p>Cultiver &#8230; <a title=\"L&rsquo;Universit\u00e9 de Lorraine\" class=\"read-more\" href=\"https:\/\/www.univ-lorraine.fr\/welcome\/luniversite-de-lorraine\/\" aria-label=\"En savoir plus sur L&rsquo;Universit\u00e9 de Lorraine\">Lire plus<\/a><\/p>\n","protected":false},"author":3,"featured_media":0,"parent":0,"menu_order":0,"comment_status":"closed","ping_status":"closed","template":"","meta":{"inline_featured_image":false,"footnotes":""},"class_list":["post-267","page","type-page","status-publish"],"yoast_head":"<!-- This site is optimized with the Yoast SEO plugin v27.4 - https:\/\/yoast.com\/product\/yoast-seo-wordpress\/ -->\n<title>L&#039;Universit\u00e9 de Lorraine - Welcome<\/title>\n<meta name=\"robots\" content=\"index, follow, max-snippet:-1, max-image-preview:large, max-video-preview:-1\" \/>\n<link rel=\"canonical\" href=\"https:\/\/www.univ-lorraine.fr\/welcome\/luniversite-de-lorraine\/\" \/>\n<meta property=\"og:locale\" content=\"fr_FR\" \/>\n<meta property=\"og:type\" content=\"article\" \/>\n<meta property=\"og:title\" content=\"L&#039;Universit\u00e9 de Lorraine - Welcome\" \/>\n<meta property=\"og:description\" content=\"Cultiver ... Lire plus\" \/>\n<meta property=\"og:url\" content=\"https:\/\/www.univ-lorraine.fr\/welcome\/luniversite-de-lorraine\/\" \/>\n<meta property=\"og:site_name\" content=\"Welcome\" \/>\n<meta property=\"article:modified_time\" content=\"2024-03-13T16:34:41+00:00\" \/>\n<meta name=\"twitter:card\" content=\"summary_large_image\" \/>\n<meta name=\"twitter:label1\" content=\"Dur\u00e9e de lecture estim\u00e9e\" \/>\n\t<meta name=\"twitter:data1\" content=\"2 minutes\" \/>\n<script type=\"application\/ld+json\" class=\"yoast-schema-graph\">{\"@context\":\"https:\\\/\\\/schema.org\",\"@graph\":[{\"@type\":\"WebPage\",\"@id\":\"https:\\\/\\\/www.univ-lorraine.fr\\\/welcome\\\/luniversite-de-lorraine\\\/\",\"url\":\"https:\\\/\\\/www.univ-lorraine.fr\\\/welcome\\\/luniversite-de-lorraine\\\/\",\"name\":\"L'Universit\u00e9 de Lorraine - Welcome\",\"isPartOf\":{\"@id\":\"https:\\\/\\\/www.univ-lorraine.fr\\\/welcome\\\/#website\"},\"datePublished\":\"2022-09-13T10:28:27+00:00\",\"dateModified\":\"2024-03-13T16:34:41+00:00\",\"breadcrumb\":{\"@id\":\"https:\\\/\\\/www.univ-lorraine.fr\\\/welcome\\\/luniversite-de-lorraine\\\/#breadcrumb\"},\"inLanguage\":\"fr-FR\",\"potentialAction\":[{\"@type\":\"ReadAction\",\"target\":[\"https:\\\/\\\/www.univ-lorraine.fr\\\/welcome\\\/luniversite-de-lorraine\\\/\"]}]},{\"@type\":\"BreadcrumbList\",\"@id\":\"https:\\\/\\\/www.univ-lorraine.fr\\\/welcome\\\/luniversite-de-lorraine\\\/#breadcrumb\",\"itemListElement\":[{\"@type\":\"ListItem\",\"position\":1,\"name\":\"Accueil\",\"item\":\"https:\\\/\\\/www.univ-lorraine.fr\\\/welcome\\\/\"},{\"@type\":\"ListItem\",\"position\":2,\"name\":\"L&rsquo;Universit\u00e9 de Lorraine\"}]},{\"@type\":\"WebSite\",\"@id\":\"https:\\\/\\\/www.univ-lorraine.fr\\\/welcome\\\/#website\",\"url\":\"https:\\\/\\\/www.univ-lorraine.fr\\\/welcome\\\/\",\"name\":\"Welcome\",\"description\":\"Faire dialoguer les savoirs, c\u2019est innover\",\"publisher\":{\"@id\":\"https:\\\/\\\/www.univ-lorraine.fr\\\/welcome\\\/#organization\"},\"potentialAction\":[{\"@type\":\"SearchAction\",\"target\":{\"@type\":\"EntryPoint\",\"urlTemplate\":\"https:\\\/\\\/www.univ-lorraine.fr\\\/welcome\\\/?s={search_term_string}\"},\"query-input\":{\"@type\":\"PropertyValueSpecification\",\"valueRequired\":true,\"valueName\":\"search_term_string\"}}],\"inLanguage\":\"fr-FR\"},{\"@type\":\"Organization\",\"@id\":\"https:\\\/\\\/www.univ-lorraine.fr\\\/welcome\\\/#organization\",\"name\":\"Universit\u00e9 de Lorraine\",\"url\":\"https:\\\/\\\/www.univ-lorraine.fr\\\/welcome\\\/\",\"logo\":{\"@type\":\"ImageObject\",\"inLanguage\":\"fr-FR\",\"@id\":\"https:\\\/\\\/www.univ-lorraine.fr\\\/welcome\\\/#\\\/schema\\\/logo\\\/image\\\/\",\"url\":\"https:\\\/\\\/www.univ-lorraine.fr\\\/welcome\\\/wp-content\\\/uploads\\\/sites\\\/41\\\/2021\\\/01\\\/LOGO_UL.png\",\"contentUrl\":\"https:\\\/\\\/www.univ-lorraine.fr\\\/welcome\\\/wp-content\\\/uploads\\\/sites\\\/41\\\/2021\\\/01\\\/LOGO_UL.png\",\"width\":138,\"height\":48,\"caption\":\"Universit\u00e9 de Lorraine\"},\"image\":{\"@id\":\"https:\\\/\\\/www.univ-lorraine.fr\\\/welcome\\\/#\\\/schema\\\/logo\\\/image\\\/\"}}]}<\/script>\n<!-- \/ Yoast SEO plugin. -->","yoast_head_json":{"title":"L'Universit\u00e9 de Lorraine - Welcome","robots":{"index":"index","follow":"follow","max-snippet":"max-snippet:-1","max-image-preview":"max-image-preview:large","max-video-preview":"max-video-preview:-1"},"canonical":"https:\/\/www.univ-lorraine.fr\/welcome\/luniversite-de-lorraine\/","og_locale":"fr_FR","og_type":"article","og_title":"L'Universit\u00e9 de Lorraine - Welcome","og_description":"Cultiver ... Lire plus","og_url":"https:\/\/www.univ-lorraine.fr\/welcome\/luniversite-de-lorraine\/","og_site_name":"Welcome","article_modified_time":"2024-03-13T16:34:41+00:00","twitter_card":"summary_large_image","twitter_misc":{"Dur\u00e9e de lecture estim\u00e9e":"2 minutes"},"schema":{"@context":"https:\/\/schema.org","@graph":[{"@type":"WebPage","@id":"https:\/\/www.univ-lorraine.fr\/welcome\/luniversite-de-lorraine\/","url":"https:\/\/www.univ-lorraine.fr\/welcome\/luniversite-de-lorraine\/","name":"L'Universit\u00e9 de Lorraine - Welcome","isPartOf":{"@id":"https:\/\/www.univ-lorraine.fr\/welcome\/#website"},"datePublished":"2022-09-13T10:28:27+00:00","dateModified":"2024-03-13T16:34:41+00:00","breadcrumb":{"@id":"https:\/\/www.univ-lorraine.fr\/welcome\/luniversite-de-lorraine\/#breadcrumb"},"inLanguage":"fr-FR","potentialAction":[{"@type":"ReadAction","target":["https:\/\/www.univ-lorraine.fr\/welcome\/luniversite-de-lorraine\/"]}]},{"@type":"BreadcrumbList","@id":"https:\/\/www.univ-lorraine.fr\/welcome\/luniversite-de-lorraine\/#breadcrumb","itemListElement":[{"@type":"ListItem","position":1,"name":"Accueil","item":"https:\/\/www.univ-lorraine.fr\/welcome\/"},{"@type":"ListItem","position":2,"name":"L&rsquo;Universit\u00e9 de Lorraine"}]},{"@type":"WebSite","@id":"https:\/\/www.univ-lorraine.fr\/welcome\/#website","url":"https:\/\/www.univ-lorraine.fr\/welcome\/","name":"Welcome","description":"Faire dialoguer les savoirs, c\u2019est innover","publisher":{"@id":"https:\/\/www.univ-lorraine.fr\/welcome\/#organization"},"potentialAction":[{"@type":"SearchAction","target":{"@type":"EntryPoint","urlTemplate":"https:\/\/www.univ-lorraine.fr\/welcome\/?s={search_term_string}"},"query-input":{"@type":"PropertyValueSpecification","valueRequired":true,"valueName":"search_term_string"}}],"inLanguage":"fr-FR"},{"@type":"Organization","@id":"https:\/\/www.univ-lorraine.fr\/welcome\/#organization","name":"Universit\u00e9 de Lorraine","url":"https:\/\/www.univ-lorraine.fr\/welcome\/","logo":{"@type":"ImageObject","inLanguage":"fr-FR","@id":"https:\/\/www.univ-lorraine.fr\/welcome\/#\/schema\/logo\/image\/","url":"https:\/\/www.univ-lorraine.fr\/welcome\/wp-content\/uploads\/sites\/41\/2021\/01\/LOGO_UL.png","contentUrl":"https:\/\/www.univ-lorraine.fr\/welcome\/wp-content\/uploads\/sites\/41\/2021\/01\/LOGO_UL.png","width":138,"height":48,"caption":"Universit\u00e9 de Lorraine"},"image":{"@id":"https:\/\/www.univ-lorraine.fr\/welcome\/#\/schema\/logo\/image\/"}}]}},"_links":{"self":[{"href":"https:\/\/www.univ-lorraine.fr\/welcome\/wp-json\/wp\/v2\/pages\/267","targetHints":{"allow":["GET"]}}],"collection":[{"href":"https:\/\/www.univ-lorraine.fr\/welcome\/wp-json\/wp\/v2\/pages"}],"about":[{"href":"https:\/\/www.univ-lorraine.fr\/welcome\/wp-json\/wp\/v2\/types\/page"}],"author":[{"embeddable":true,"href":"https:\/\/www.univ-lorraine.fr\/welcome\/wp-json\/wp\/v2\/users\/3"}],"replies":[{"embeddable":true,"href":"https:\/\/www.univ-lorraine.fr\/welcome\/wp-json\/wp\/v2\/comments?post=267"}],"version-history":[{"count":31,"href":"https:\/\/www.univ-lorraine.fr\/welcome\/wp-json\/wp\/v2\/pages\/267\/revisions"}],"predecessor-version":[{"id":10104,"href":"https:\/\/www.univ-lorraine.fr\/welcome\/wp-json\/wp\/v2\/pages\/267\/revisions\/10104"}],"wp:attachment":[{"href":"https:\/\/www.univ-lorraine.fr\/welcome\/wp-json\/wp\/v2\/media?parent=267"}],"curies":[{"name":"wp","href":"https:\/\/api.w.org\/{rel}","templated":true}]}}