{"id":6307,"date":"2023-12-05T13:49:23","date_gmt":"2023-12-05T12:49:23","guid":{"rendered":"https:\/\/www.univ-lorraine.fr\/welcome\/?page_id=6307"},"modified":"2026-01-11T22:03:31","modified_gmt":"2026-01-11T21:03:31","slug":"mutation-securite-sociale-cpam-paris-passeport-talent","status":"publish","type":"page","link":"https:\/\/www.univ-lorraine.fr\/welcome\/mutation-securite-sociale-cpam-paris-passeport-talent\/","title":{"rendered":"Mutation s\u00e9curite sociale CPAM paris \u2013 Talent"},"content":{"rendered":"<div class=\"gb-grid-wrapper gb-grid-wrapper-4bc837bf\">\n<div class=\"gb-grid-column gb-grid-column-5117eded\"><div class=\"gb-container gb-container-5117eded\">\n\n<figure class=\"wp-block-image size-large\"><img decoding=\"async\" width=\"1024\" height=\"1003\" src=\"https:\/\/www.univ-lorraine.fr\/welcome\/wp-content\/uploads\/sites\/41\/2023\/04\/cpam-des-passeports-talents-nouveau-1-1024x1003.png\" alt=\"\" class=\"wp-image-6310\" srcset=\"https:\/\/www.univ-lorraine.fr\/welcome\/wp-content\/uploads\/sites\/41\/2023\/04\/cpam-des-passeports-talents-nouveau-1-1024x1003.png 1024w, https:\/\/www.univ-lorraine.fr\/welcome\/wp-content\/uploads\/sites\/41\/2023\/04\/cpam-des-passeports-talents-nouveau-1-300x294.png 300w, https:\/\/www.univ-lorraine.fr\/welcome\/wp-content\/uploads\/sites\/41\/2023\/04\/cpam-des-passeports-talents-nouveau-1-768x752.png 768w, https:\/\/www.univ-lorraine.fr\/welcome\/wp-content\/uploads\/sites\/41\/2023\/04\/cpam-des-passeports-talents-nouveau-1.png 1307w\" sizes=\"(max-width: 1024px) 100vw, 1024px\" \/><\/figure>\n\n<\/div><\/div>\n\n<div class=\"gb-grid-column gb-grid-column-4b2eb5bc\"><div class=\"gb-container gb-container-4b2eb5bc\">\n\n<p class=\"gb-headline gb-headline-612669e8 gb-headline-text\"><strong>Les Centres Euraxess de l\u2019Universit\u00e9 de Lorraine organisent un atelier \u00e0 destination des doctorants et chercheurs internationaux pour vous guider dans vos d\u00e9marches de changement de caisse de s\u00e9curit\u00e9 sociale.<\/strong><\/p>\n\n\n\n<p>Si vous \u00eates actuellement affili\u00e9(e) \u00e0 la CPAM locale, que vous \u00eates de nationalit\u00e9 non europ\u00e9enne et non alg\u00e9rienne, et que vous avez obtenu <strong>une convention d&rsquo;accueil<\/strong> dans le cadre d&rsquo;un <strong>contrat <\/strong>doctoral ou d\u2019un autre contrat de recherche (HORS BOURSE), <strong>il est imp\u00e9ratif de proc\u00e9der \u00e0 un changement de caisse (mutation) pour \u00eatre rattach\u00e9(e) \u00e0 la CPAM de PARIS<\/strong> en tant que <strong>Talent \u2013 chercheur, employ\u00e9(e) en France<\/strong>.<\/p>\n\n<\/div><\/div>\n\n<div class=\"gb-grid-column gb-grid-column-f0ad6b9a\"><div class=\"gb-container gb-container-f0ad6b9a\">\n\n<h2 class=\"gb-headline gb-headline-bca913b6 gb-headline-text\">Un atelier anim\u00e9 par les Centres Euraxess de L&rsquo;Universit\u00e9 de Lorraine<\/h2>\n\n<\/div><\/div>\n\n<div class=\"gb-grid-column gb-grid-column-83239969\"><div class=\"gb-container gb-container-83239969\">\n\n<p><br><strong>L&rsquo;inscription pour participer \u00e0 cet atelier est obligatoire.<\/strong> Conditions pr\u00e9alables :<\/p>\n\n\n\n<ul class=\"wp-block-list\">\n<li>\u00eatre de nationalit\u00e9 extra-europ\u00e9enne (sauf Alg\u00e9riens) ;<\/li>\n\n\n\n<li>poss\u00e9der un num\u00e9ro de s\u00e9curit\u00e9 sociale ;<\/li>\n\n\n\n<li>avoir obtenu une convention d\u2019accueil (dans le cadre d\u2019un contrat doctoral, une th\u00e8se CIFRE, un contrat ATER, un contrat d&rsquo;ing\u00e9nieur de recherche, un contrat de chercheur d\u00e9butant, chercheur confirm\u00e9, un contrat postdoc ou chaire professeur junior).<br>Vous n\u2019\u00eates pas s\u00fbr(e) de r\u00e9pondre \u00e0 ces crit\u00e8res ? Contactez-nous \u00e0 &#x64;&#114;i&#x65;&#45;e&#x75;&#114;a&#x78;&#101;s&#x73;&#45;c&#x6f;&#110;t&#x61;&#99;t&#x40;&#117;n&#x69;&#118;-&#x6c;&#111;r&#x72;&#97;i&#x6e;&#101;&#46;&#x66;&#114;<\/li>\n<\/ul>\n\n<\/div><\/div>\n\n<div class=\"gb-grid-column gb-grid-column-540857d6\"><div class=\"gb-container gb-container-540857d6\">\n<div class=\"gb-container gb-container-b4ec0815\">\n\n<figure class=\"wp-block-image alignwide size-full\"><img decoding=\"async\" width=\"673\" height=\"287\" src=\"https:\/\/www.univ-lorraine.fr\/welcome\/wp-content\/uploads\/sites\/41\/2024\/07\/euraxess-horizontal.png\" alt=\"\" class=\"wp-image-7413\" srcset=\"https:\/\/www.univ-lorraine.fr\/welcome\/wp-content\/uploads\/sites\/41\/2024\/07\/euraxess-horizontal.png 673w, https:\/\/www.univ-lorraine.fr\/welcome\/wp-content\/uploads\/sites\/41\/2024\/07\/euraxess-horizontal-300x128.png 300w\" sizes=\"(max-width: 673px) 100vw, 673px\" \/><\/figure>\n\n<\/div>\n<\/div><\/div>\n\n<div class=\"gb-grid-column gb-grid-column-56c955c6\"><div class=\"gb-container gb-container-56c955c6\">\n<div class=\"gb-container gb-container-3d1dec43\">\n\n<p class=\"gb-headline gb-headline-2c9997c4 gb-headline-text\"><strong>L&rsquo;atelier est organis\u00e9 le : <\/strong><\/p>\n\n\n\n<p><strong>Atelier en Fran\u00e7ais :<\/strong> 21 janvier 2026 de 10h00 \u00e0 11h . Le lien de participation vous sera adress\u00e9 apr\u00e8s votre inscription<strong> <a href=\"https:\/\/enquetes.univ-lorraine.fr\/index.php\/528271?lang=fr\">ici<\/a>.<\/strong><\/p>\n\n\n\n<p><strong>Atelier en anglais :<\/strong> January 22nd, 2026 from 10am to 11am. The link will be sent to you after your registration <a href=\"https:\/\/enquetes.univ-lorraine.fr\/index.php\/528271?lang=en\">here<\/a>.<\/p>\n\n\n\n<p><\/p>\n\n<\/div>\n<\/div><\/div>\n<\/div>\n\n\n<p><\/p>\n","protected":false},"excerpt":{"rendered":"","protected":false},"author":7,"featured_media":0,"parent":0,"menu_order":0,"comment_status":"closed","ping_status":"closed","template":"","meta":{"inline_featured_image":false,"footnotes":""},"class_list":["post-6307","page","type-page","status-publish"],"yoast_head":"<!-- This site is optimized with the Yoast SEO plugin v27.4 - https:\/\/yoast.com\/product\/yoast-seo-wordpress\/ -->\n<title>Mutation s\u00e9curite sociale CPAM paris \u2013 Talent - Welcome<\/title>\n<meta name=\"robots\" content=\"index, follow, max-snippet:-1, max-image-preview:large, max-video-preview:-1\" \/>\n<link rel=\"canonical\" href=\"https:\/\/www.univ-lorraine.fr\/welcome\/mutation-securite-sociale-cpam-paris-passeport-talent\/\" \/>\n<meta property=\"og:locale\" content=\"fr_FR\" \/>\n<meta property=\"og:type\" content=\"article\" \/>\n<meta property=\"og:title\" content=\"Mutation s\u00e9curite sociale CPAM paris \u2013 Talent - Welcome\" \/>\n<meta property=\"og:url\" content=\"https:\/\/www.univ-lorraine.fr\/welcome\/mutation-securite-sociale-cpam-paris-passeport-talent\/\" \/>\n<meta property=\"og:site_name\" content=\"Welcome\" \/>\n<meta property=\"article:modified_time\" content=\"2026-01-11T21:03:31+00:00\" \/>\n<meta property=\"og:image\" content=\"https:\/\/www.univ-lorraine.fr\/welcome\/wp-content\/uploads\/sites\/41\/2023\/04\/cpam-des-passeports-talents-nouveau-1.png\" \/>\n\t<meta property=\"og:image:width\" content=\"1307\" \/>\n\t<meta property=\"og:image:height\" content=\"1280\" \/>\n\t<meta property=\"og:image:type\" content=\"image\/png\" \/>\n<meta name=\"twitter:card\" content=\"summary_large_image\" \/>\n<meta name=\"twitter:label1\" content=\"Dur\u00e9e de lecture estim\u00e9e\" \/>\n\t<meta name=\"twitter:data1\" content=\"1 minute\" \/>\n<script type=\"application\/ld+json\" class=\"yoast-schema-graph\">{\"@context\":\"https:\\\/\\\/schema.org\",\"@graph\":[{\"@type\":\"WebPage\",\"@id\":\"https:\\\/\\\/www.univ-lorraine.fr\\\/welcome\\\/mutation-securite-sociale-cpam-paris-passeport-talent\\\/\",\"url\":\"https:\\\/\\\/www.univ-lorraine.fr\\\/welcome\\\/mutation-securite-sociale-cpam-paris-passeport-talent\\\/\",\"name\":\"Mutation s\u00e9curite sociale CPAM paris \u2013 Talent - Welcome\",\"isPartOf\":{\"@id\":\"https:\\\/\\\/www.univ-lorraine.fr\\\/welcome\\\/#website\"},\"primaryImageOfPage\":{\"@id\":\"https:\\\/\\\/www.univ-lorraine.fr\\\/welcome\\\/mutation-securite-sociale-cpam-paris-passeport-talent\\\/#primaryimage\"},\"image\":{\"@id\":\"https:\\\/\\\/www.univ-lorraine.fr\\\/welcome\\\/mutation-securite-sociale-cpam-paris-passeport-talent\\\/#primaryimage\"},\"thumbnailUrl\":\"https:\\\/\\\/www.univ-lorraine.fr\\\/welcome\\\/wp-content\\\/uploads\\\/sites\\\/41\\\/2023\\\/04\\\/cpam-des-passeports-talents-nouveau-1-1024x1003.png\",\"datePublished\":\"2023-12-05T12:49:23+00:00\",\"dateModified\":\"2026-01-11T21:03:31+00:00\",\"breadcrumb\":{\"@id\":\"https:\\\/\\\/www.univ-lorraine.fr\\\/welcome\\\/mutation-securite-sociale-cpam-paris-passeport-talent\\\/#breadcrumb\"},\"inLanguage\":\"fr-FR\",\"potentialAction\":[{\"@type\":\"ReadAction\",\"target\":[\"https:\\\/\\\/www.univ-lorraine.fr\\\/welcome\\\/mutation-securite-sociale-cpam-paris-passeport-talent\\\/\"]}]},{\"@type\":\"ImageObject\",\"inLanguage\":\"fr-FR\",\"@id\":\"https:\\\/\\\/www.univ-lorraine.fr\\\/welcome\\\/mutation-securite-sociale-cpam-paris-passeport-talent\\\/#primaryimage\",\"url\":\"https:\\\/\\\/www.univ-lorraine.fr\\\/welcome\\\/wp-content\\\/uploads\\\/sites\\\/41\\\/2023\\\/04\\\/cpam-des-passeports-talents-nouveau-1.png\",\"contentUrl\":\"https:\\\/\\\/www.univ-lorraine.fr\\\/welcome\\\/wp-content\\\/uploads\\\/sites\\\/41\\\/2023\\\/04\\\/cpam-des-passeports-talents-nouveau-1.png\",\"width\":1307,\"height\":1280},{\"@type\":\"BreadcrumbList\",\"@id\":\"https:\\\/\\\/www.univ-lorraine.fr\\\/welcome\\\/mutation-securite-sociale-cpam-paris-passeport-talent\\\/#breadcrumb\",\"itemListElement\":[{\"@type\":\"ListItem\",\"position\":1,\"name\":\"Accueil\",\"item\":\"https:\\\/\\\/www.univ-lorraine.fr\\\/welcome\\\/\"},{\"@type\":\"ListItem\",\"position\":2,\"name\":\"Mutation s\u00e9curite sociale CPAM paris \u2013 Talent\"}]},{\"@type\":\"WebSite\",\"@id\":\"https:\\\/\\\/www.univ-lorraine.fr\\\/welcome\\\/#website\",\"url\":\"https:\\\/\\\/www.univ-lorraine.fr\\\/welcome\\\/\",\"name\":\"Welcome\",\"description\":\"Faire dialoguer les savoirs, c\u2019est innover\",\"publisher\":{\"@id\":\"https:\\\/\\\/www.univ-lorraine.fr\\\/welcome\\\/#organization\"},\"potentialAction\":[{\"@type\":\"SearchAction\",\"target\":{\"@type\":\"EntryPoint\",\"urlTemplate\":\"https:\\\/\\\/www.univ-lorraine.fr\\\/welcome\\\/?s={search_term_string}\"},\"query-input\":{\"@type\":\"PropertyValueSpecification\",\"valueRequired\":true,\"valueName\":\"search_term_string\"}}],\"inLanguage\":\"fr-FR\"},{\"@type\":\"Organization\",\"@id\":\"https:\\\/\\\/www.univ-lorraine.fr\\\/welcome\\\/#organization\",\"name\":\"Universit\u00e9 de Lorraine\",\"url\":\"https:\\\/\\\/www.univ-lorraine.fr\\\/welcome\\\/\",\"logo\":{\"@type\":\"ImageObject\",\"inLanguage\":\"fr-FR\",\"@id\":\"https:\\\/\\\/www.univ-lorraine.fr\\\/welcome\\\/#\\\/schema\\\/logo\\\/image\\\/\",\"url\":\"https:\\\/\\\/www.univ-lorraine.fr\\\/welcome\\\/wp-content\\\/uploads\\\/sites\\\/41\\\/2021\\\/01\\\/LOGO_UL.png\",\"contentUrl\":\"https:\\\/\\\/www.univ-lorraine.fr\\\/welcome\\\/wp-content\\\/uploads\\\/sites\\\/41\\\/2021\\\/01\\\/LOGO_UL.png\",\"width\":138,\"height\":48,\"caption\":\"Universit\u00e9 de Lorraine\"},\"image\":{\"@id\":\"https:\\\/\\\/www.univ-lorraine.fr\\\/welcome\\\/#\\\/schema\\\/logo\\\/image\\\/\"}}]}<\/script>\n<!-- \/ Yoast SEO plugin. -->","yoast_head_json":{"title":"Mutation s\u00e9curite sociale CPAM paris \u2013 Talent - Welcome","robots":{"index":"index","follow":"follow","max-snippet":"max-snippet:-1","max-image-preview":"max-image-preview:large","max-video-preview":"max-video-preview:-1"},"canonical":"https:\/\/www.univ-lorraine.fr\/welcome\/mutation-securite-sociale-cpam-paris-passeport-talent\/","og_locale":"fr_FR","og_type":"article","og_title":"Mutation s\u00e9curite sociale CPAM paris \u2013 Talent - Welcome","og_url":"https:\/\/www.univ-lorraine.fr\/welcome\/mutation-securite-sociale-cpam-paris-passeport-talent\/","og_site_name":"Welcome","article_modified_time":"2026-01-11T21:03:31+00:00","og_image":[{"width":1307,"height":1280,"url":"https:\/\/www.univ-lorraine.fr\/welcome\/wp-content\/uploads\/sites\/41\/2023\/04\/cpam-des-passeports-talents-nouveau-1.png","type":"image\/png"}],"twitter_card":"summary_large_image","twitter_misc":{"Dur\u00e9e de lecture estim\u00e9e":"1 minute"},"schema":{"@context":"https:\/\/schema.org","@graph":[{"@type":"WebPage","@id":"https:\/\/www.univ-lorraine.fr\/welcome\/mutation-securite-sociale-cpam-paris-passeport-talent\/","url":"https:\/\/www.univ-lorraine.fr\/welcome\/mutation-securite-sociale-cpam-paris-passeport-talent\/","name":"Mutation s\u00e9curite sociale CPAM paris \u2013 Talent - Welcome","isPartOf":{"@id":"https:\/\/www.univ-lorraine.fr\/welcome\/#website"},"primaryImageOfPage":{"@id":"https:\/\/www.univ-lorraine.fr\/welcome\/mutation-securite-sociale-cpam-paris-passeport-talent\/#primaryimage"},"image":{"@id":"https:\/\/www.univ-lorraine.fr\/welcome\/mutation-securite-sociale-cpam-paris-passeport-talent\/#primaryimage"},"thumbnailUrl":"https:\/\/www.univ-lorraine.fr\/welcome\/wp-content\/uploads\/sites\/41\/2023\/04\/cpam-des-passeports-talents-nouveau-1-1024x1003.png","datePublished":"2023-12-05T12:49:23+00:00","dateModified":"2026-01-11T21:03:31+00:00","breadcrumb":{"@id":"https:\/\/www.univ-lorraine.fr\/welcome\/mutation-securite-sociale-cpam-paris-passeport-talent\/#breadcrumb"},"inLanguage":"fr-FR","potentialAction":[{"@type":"ReadAction","target":["https:\/\/www.univ-lorraine.fr\/welcome\/mutation-securite-sociale-cpam-paris-passeport-talent\/"]}]},{"@type":"ImageObject","inLanguage":"fr-FR","@id":"https:\/\/www.univ-lorraine.fr\/welcome\/mutation-securite-sociale-cpam-paris-passeport-talent\/#primaryimage","url":"https:\/\/www.univ-lorraine.fr\/welcome\/wp-content\/uploads\/sites\/41\/2023\/04\/cpam-des-passeports-talents-nouveau-1.png","contentUrl":"https:\/\/www.univ-lorraine.fr\/welcome\/wp-content\/uploads\/sites\/41\/2023\/04\/cpam-des-passeports-talents-nouveau-1.png","width":1307,"height":1280},{"@type":"BreadcrumbList","@id":"https:\/\/www.univ-lorraine.fr\/welcome\/mutation-securite-sociale-cpam-paris-passeport-talent\/#breadcrumb","itemListElement":[{"@type":"ListItem","position":1,"name":"Accueil","item":"https:\/\/www.univ-lorraine.fr\/welcome\/"},{"@type":"ListItem","position":2,"name":"Mutation s\u00e9curite sociale CPAM paris \u2013 Talent"}]},{"@type":"WebSite","@id":"https:\/\/www.univ-lorraine.fr\/welcome\/#website","url":"https:\/\/www.univ-lorraine.fr\/welcome\/","name":"Welcome","description":"Faire dialoguer les savoirs, c\u2019est innover","publisher":{"@id":"https:\/\/www.univ-lorraine.fr\/welcome\/#organization"},"potentialAction":[{"@type":"SearchAction","target":{"@type":"EntryPoint","urlTemplate":"https:\/\/www.univ-lorraine.fr\/welcome\/?s={search_term_string}"},"query-input":{"@type":"PropertyValueSpecification","valueRequired":true,"valueName":"search_term_string"}}],"inLanguage":"fr-FR"},{"@type":"Organization","@id":"https:\/\/www.univ-lorraine.fr\/welcome\/#organization","name":"Universit\u00e9 de Lorraine","url":"https:\/\/www.univ-lorraine.fr\/welcome\/","logo":{"@type":"ImageObject","inLanguage":"fr-FR","@id":"https:\/\/www.univ-lorraine.fr\/welcome\/#\/schema\/logo\/image\/","url":"https:\/\/www.univ-lorraine.fr\/welcome\/wp-content\/uploads\/sites\/41\/2021\/01\/LOGO_UL.png","contentUrl":"https:\/\/www.univ-lorraine.fr\/welcome\/wp-content\/uploads\/sites\/41\/2021\/01\/LOGO_UL.png","width":138,"height":48,"caption":"Universit\u00e9 de Lorraine"},"image":{"@id":"https:\/\/www.univ-lorraine.fr\/welcome\/#\/schema\/logo\/image\/"}}]}},"_links":{"self":[{"href":"https:\/\/www.univ-lorraine.fr\/welcome\/wp-json\/wp\/v2\/pages\/6307","targetHints":{"allow":["GET"]}}],"collection":[{"href":"https:\/\/www.univ-lorraine.fr\/welcome\/wp-json\/wp\/v2\/pages"}],"about":[{"href":"https:\/\/www.univ-lorraine.fr\/welcome\/wp-json\/wp\/v2\/types\/page"}],"author":[{"embeddable":true,"href":"https:\/\/www.univ-lorraine.fr\/welcome\/wp-json\/wp\/v2\/users\/7"}],"replies":[{"embeddable":true,"href":"https:\/\/www.univ-lorraine.fr\/welcome\/wp-json\/wp\/v2\/comments?post=6307"}],"version-history":[{"count":20,"href":"https:\/\/www.univ-lorraine.fr\/welcome\/wp-json\/wp\/v2\/pages\/6307\/revisions"}],"predecessor-version":[{"id":10304,"href":"https:\/\/www.univ-lorraine.fr\/welcome\/wp-json\/wp\/v2\/pages\/6307\/revisions\/10304"}],"wp:attachment":[{"href":"https:\/\/www.univ-lorraine.fr\/welcome\/wp-json\/wp\/v2\/media?parent=6307"}],"curies":[{"name":"wp","href":"https:\/\/api.w.org\/{rel}","templated":true}]}}